{"id":1542,"date":"2023-03-20T14:28:36","date_gmt":"2023-03-20T13:28:36","guid":{"rendered":"https:\/\/tonello.com\/area-creativa\/"},"modified":"2024-03-12T09:35:21","modified_gmt":"2024-03-12T08:35:21","slug":"area-creativa","status":"publish","type":"page","link":"https:\/\/tonello.com\/es\/area-creativa\/","title":{"rendered":"\u00c1rea Creativa"},"content":{"rendered":"<p>[et_pb_section fb_built=\u00bb1&#8243; _builder_version=\u00bb4.19.5&#8243; _module_preset=\u00bbdefault\u00bb background_color=\u00bb#3D3D3D\u00bb background_blend=\u00bboverlay\u00bb custom_padding=\u00bb||||true|false\u00bb hover_enabled=\u00bb0&#8243; locked=\u00bboff\u00bb global_colors_info=\u00bb{}\u00bb title_text=\u00bbAREA_CREATIVA_4&#8243; background_image=\u00bbhttps:\/\/tonello.com\/wp-content\/uploads\/2023\/03\/AREA_CREATIVA_4.jpeg\u00bb sticky_enabled=\u00bb0&#8243;][et_pb_row _builder_version=\u00bb4.19.5&#8243; _module_preset=\u00bbdefault\u00bb custom_padding=\u00bb||||false|false\u00bb global_colors_info=\u00bb{}\u00bb][et_pb_column type=\u00bb4_4&#8243; _builder_version=\u00bb4.19.5&#8243; _module_preset=\u00bbdefault\u00bb global_colors_info=\u00bb{}\u00bb][et_pb_text _builder_version=\u00bb4.19.5&#8243; _module_preset=\u00bbdefault\u00bb text_text_color=\u00bb#F2F2F2&#8243; text_font_size=\u00bb1.4em\u00bb text_line_height=\u00bb1.2em\u00bb header_2_font=\u00bb|800||on|||||\u00bb header_2_text_align=\u00bbcenter\u00bb header_2_text_color=\u00bb#FFFFFF\u00bb header_2_font_size=\u00bb4em\u00bb header_2_letter_spacing=\u00bb6px\u00bb text_orientation=\u00bbcenter\u00bb custom_margin=\u00bb||||false|false\u00bb hover_enabled=\u00bb0&#8243; header_2_font_size_tablet=\u00bb4em\u00bb header_2_font_size_phone=\u00bb2em\u00bb header_2_font_size_last_edited=\u00bbon|phone\u00bb global_colors_info=\u00bb{}\u00bb sticky_enabled=\u00bb0&#8243;]<\/p>\n<h2>\u00c1rea Creativa<\/h2>\n<p>[\/et_pb_text][\/et_pb_column][\/et_pb_row][\/et_pb_section][et_pb_section fb_built=\u00bb1&#8243; _builder_version=\u00bb4.19.5&#8243; _module_preset=\u00bbdefault\u00bb background_color=\u00bb#FFFFFF\u00bb hover_enabled=\u00bb0&#8243; locked=\u00bboff\u00bb global_colors_info=\u00bb{}\u00bb sticky_enabled=\u00bb0&#8243;][et_pb_row _builder_version=\u00bb4.19.5&#8243; _module_preset=\u00bbdefault\u00bb global_colors_info=\u00bb{}\u00bb][et_pb_column type=\u00bb4_4&#8243; _builder_version=\u00bb4.19.5&#8243; _module_preset=\u00bbdefault\u00bb global_colors_info=\u00bb{}\u00bb][et_pb_text _builder_version=\u00bb4.19.5&#8243; _module_preset=\u00bbdefault\u00bb text_font=\u00bb|300|||||||\u00bb text_text_color=\u00bb#6B6B6B\u00bb text_font_size=\u00bb1.4em\u00bb text_line_height=\u00bb1.2em\u00bb header_3_text_color=\u00bb#009FE3&#8243; text_orientation=\u00bbcenter\u00bb hover_enabled=\u00bb0&#8243; global_colors_info=\u00bb{}\u00bb sticky_enabled=\u00bb0&#8243;]<\/p>\n<p>Nuestra \u00e1rea creativa es el punto de encuentro entre talentos del dise\u00f1o, marcas y fabricantes.<\/p>\n<p>Un espacio en el que discutir, informar, aprender, actualizarse y compararse con aquellos que viven y respiran el mundo del textil y de la moda cada d\u00eda, que trabajan en \u00e9l y conocen sus secretos y su potencial.<\/p>\n<p>[\/et_pb_text][\/et_pb_column][\/et_pb_row][\/et_pb_section][et_pb_section fb_built=\u00bb1&#8243; theme_builder_area=\u00bbpost_content\u00bb _builder_version=\u00bb4.19.5&#8243; _module_preset=\u00bbdefault\u00bb custom_padding=\u00bb0px||||false|false\u00bb hover_enabled=\u00bb0&#8243; sticky_enabled=\u00bb0&#8243;][et_pb_row _builder_version=\u00bb4.19.5&#8243; _module_preset=\u00bbdefault\u00bb theme_builder_area=\u00bbpost_content\u00bb width=\u00bb100%\u00bb max_width=\u00bb100%\u00bb hover_enabled=\u00bb0&#8243; sticky_enabled=\u00bb0&#8243;][et_pb_column _builder_version=\u00bb4.19.5&#8243; _module_preset=\u00bbdefault\u00bb type=\u00bb4_4&#8243; theme_builder_area=\u00bbpost_content\u00bb][dipl_masonry_gallery _builder_version=\u00bb4.19.5&#8243; _module_preset=\u00bbdefault\u00bb theme_builder_area=\u00bbpost_content\u00bb image_ids=\u00bb1309,1312,1315,1318,1321,1324,1327,1330,1336,1333&#8243; image_size=\u00bblarge\u00bb hover_enabled=\u00bb0&#8243; sticky_enabled=\u00bb0&#8243;][\/dipl_masonry_gallery][\/et_pb_column][\/et_pb_row][\/et_pb_section]<\/p>\n","protected":false},"excerpt":{"rendered":"<p>\u00c1rea CreativaNuestra \u00e1rea creativa es el punto de encuentro entre talentos del dise\u00f1o, marcas y fabricantes. Un espacio en el que discutir, informar, aprender, actualizarse y compararse con aquellos que viven y respiran el mundo del textil y de la moda cada d\u00eda, que trabajan en \u00e9l y conocen sus secretos y su potencial.<div class=\"et_pb_module dipl_masonry_gallery dipl_masonry_gallery_0\">\n\t\t\t\t\n\t\t\t\t\n\t\t\t\t\n\t\t\t\t\n\t\t\t\t\n\t\t\t\t\n\t\t\t\t<div class=\"et_pb_module_inner\">\n\t\t\t\t\t\n\t\t\t\t<\/div>\n\t\t\t<\/div><\/p>\n","protected":false},"author":1,"featured_media":0,"parent":0,"menu_order":0,"comment_status":"closed","ping_status":"closed","template":"","meta":{"_acf_changed":false,"_et_pb_use_builder":"on","_et_pb_old_content":"","_et_gb_content_width":"","footnotes":""},"class_list":["post-1542","page","type-page","status-publish","hentry"],"acf":[],"yoast_head":"<!-- This site is optimized with the Yoast SEO plugin v26.8 - https:\/\/yoast.com\/product\/yoast-seo-wordpress\/ -->\n<title>\u00c1rea Creativa - Tonello<\/title>\n<meta name=\"robots\" content=\"index, follow, max-snippet:-1, max-image-preview:large, max-video-preview:-1\" \/>\n<link rel=\"canonical\" href=\"https:\/\/tonello.com\/es\/area-creativa\/\" \/>\n<meta property=\"og:locale\" content=\"es_ES\" \/>\n<meta property=\"og:type\" content=\"article\" \/>\n<meta property=\"og:title\" content=\"\u00c1rea Creativa - Tonello\" \/>\n<meta property=\"og:description\" content=\"\u00c1rea CreativaNuestra \u00e1rea creativa es el punto de encuentro entre talentos del dise\u00f1o, marcas y fabricantes. Un espacio en el que discutir, informar, aprender, actualizarse y compararse con aquellos que viven y respiran el mundo del textil y de la moda cada d\u00eda, que trabajan en \u00e9l y conocen sus secretos y su potencial.\" \/>\n<meta property=\"og:url\" content=\"https:\/\/tonello.com\/es\/area-creativa\/\" \/>\n<meta property=\"og:site_name\" content=\"Tonello\" \/>\n<meta property=\"article:publisher\" content=\"https:\/\/www.facebook.com\/tonellosrl\/\" \/>\n<meta property=\"article:modified_time\" content=\"2024-03-12T08:35:21+00:00\" \/>\n<meta name=\"twitter:card\" content=\"summary_large_image\" \/>\n<meta name=\"twitter:label1\" content=\"Tiempo de lectura\" \/>\n\t<meta name=\"twitter:data1\" content=\"2 minutos\" \/>\n<script type=\"application\/ld+json\" class=\"yoast-schema-graph\">{\"@context\":\"https:\/\/schema.org\",\"@graph\":[{\"@type\":\"WebPage\",\"@id\":\"https:\/\/tonello.com\/es\/area-creativa\/\",\"url\":\"https:\/\/tonello.com\/es\/area-creativa\/\",\"name\":\"\u00c1rea Creativa - Tonello\",\"isPartOf\":{\"@id\":\"https:\/\/tonello.com\/es\/#website\"},\"datePublished\":\"2023-03-20T13:28:36+00:00\",\"dateModified\":\"2024-03-12T08:35:21+00:00\",\"breadcrumb\":{\"@id\":\"https:\/\/tonello.com\/es\/area-creativa\/#breadcrumb\"},\"inLanguage\":\"es\",\"potentialAction\":[{\"@type\":\"ReadAction\",\"target\":[\"https:\/\/tonello.com\/es\/area-creativa\/\"]}]},{\"@type\":\"BreadcrumbList\",\"@id\":\"https:\/\/tonello.com\/es\/area-creativa\/#breadcrumb\",\"itemListElement\":[{\"@type\":\"ListItem\",\"position\":1,\"name\":\"Home\",\"item\":\"https:\/\/tonello.com\/es\/\"},{\"@type\":\"ListItem\",\"position\":2,\"name\":\"\u00c1rea Creativa\"}]},{\"@type\":\"WebSite\",\"@id\":\"https:\/\/tonello.com\/es\/#website\",\"url\":\"https:\/\/tonello.com\/es\/\",\"name\":\"Tonello S.r.l.\",\"description\":\"\",\"publisher\":{\"@id\":\"https:\/\/tonello.com\/es\/#organization\"},\"potentialAction\":[{\"@type\":\"SearchAction\",\"target\":{\"@type\":\"EntryPoint\",\"urlTemplate\":\"https:\/\/tonello.com\/es\/?s={search_term_string}\"},\"query-input\":{\"@type\":\"PropertyValueSpecification\",\"valueRequired\":true,\"valueName\":\"search_term_string\"}}],\"inLanguage\":\"es\"},{\"@type\":\"Organization\",\"@id\":\"https:\/\/tonello.com\/es\/#organization\",\"name\":\"Tonello S.r.l.\",\"url\":\"https:\/\/tonello.com\/es\/\",\"logo\":{\"@type\":\"ImageObject\",\"inLanguage\":\"es\",\"@id\":\"https:\/\/tonello.com\/es\/#\/schema\/logo\/image\/\",\"url\":\"https:\/\/tonello.com\/wp-content\/uploads\/2023\/03\/Tonello_Logo_Claim.png\",\"contentUrl\":\"https:\/\/tonello.com\/wp-content\/uploads\/2023\/03\/Tonello_Logo_Claim.png\",\"width\":490,\"height\":155,\"caption\":\"Tonello S.r.l.\"},\"image\":{\"@id\":\"https:\/\/tonello.com\/es\/#\/schema\/logo\/image\/\"},\"sameAs\":[\"https:\/\/www.facebook.com\/tonellosrl\/\",\"https:\/\/it.linkedin.com\/company\/tonello-s.r.l.\"]}]}<\/script>\n<!-- \/ Yoast SEO plugin. -->","yoast_head_json":{"title":"\u00c1rea Creativa - Tonello","robots":{"index":"index","follow":"follow","max-snippet":"max-snippet:-1","max-image-preview":"max-image-preview:large","max-video-preview":"max-video-preview:-1"},"canonical":"https:\/\/tonello.com\/es\/area-creativa\/","og_locale":"es_ES","og_type":"article","og_title":"\u00c1rea Creativa - Tonello","og_description":"\u00c1rea CreativaNuestra \u00e1rea creativa es el punto de encuentro entre talentos del dise\u00f1o, marcas y fabricantes. Un espacio en el que discutir, informar, aprender, actualizarse y compararse con aquellos que viven y respiran el mundo del textil y de la moda cada d\u00eda, que trabajan en \u00e9l y conocen sus secretos y su potencial.","og_url":"https:\/\/tonello.com\/es\/area-creativa\/","og_site_name":"Tonello","article_publisher":"https:\/\/www.facebook.com\/tonellosrl\/","article_modified_time":"2024-03-12T08:35:21+00:00","twitter_card":"summary_large_image","twitter_misc":{"Tiempo de lectura":"2 minutos"},"schema":{"@context":"https:\/\/schema.org","@graph":[{"@type":"WebPage","@id":"https:\/\/tonello.com\/es\/area-creativa\/","url":"https:\/\/tonello.com\/es\/area-creativa\/","name":"\u00c1rea Creativa - Tonello","isPartOf":{"@id":"https:\/\/tonello.com\/es\/#website"},"datePublished":"2023-03-20T13:28:36+00:00","dateModified":"2024-03-12T08:35:21+00:00","breadcrumb":{"@id":"https:\/\/tonello.com\/es\/area-creativa\/#breadcrumb"},"inLanguage":"es","potentialAction":[{"@type":"ReadAction","target":["https:\/\/tonello.com\/es\/area-creativa\/"]}]},{"@type":"BreadcrumbList","@id":"https:\/\/tonello.com\/es\/area-creativa\/#breadcrumb","itemListElement":[{"@type":"ListItem","position":1,"name":"Home","item":"https:\/\/tonello.com\/es\/"},{"@type":"ListItem","position":2,"name":"\u00c1rea Creativa"}]},{"@type":"WebSite","@id":"https:\/\/tonello.com\/es\/#website","url":"https:\/\/tonello.com\/es\/","name":"Tonello S.r.l.","description":"","publisher":{"@id":"https:\/\/tonello.com\/es\/#organization"},"potentialAction":[{"@type":"SearchAction","target":{"@type":"EntryPoint","urlTemplate":"https:\/\/tonello.com\/es\/?s={search_term_string}"},"query-input":{"@type":"PropertyValueSpecification","valueRequired":true,"valueName":"search_term_string"}}],"inLanguage":"es"},{"@type":"Organization","@id":"https:\/\/tonello.com\/es\/#organization","name":"Tonello S.r.l.","url":"https:\/\/tonello.com\/es\/","logo":{"@type":"ImageObject","inLanguage":"es","@id":"https:\/\/tonello.com\/es\/#\/schema\/logo\/image\/","url":"https:\/\/tonello.com\/wp-content\/uploads\/2023\/03\/Tonello_Logo_Claim.png","contentUrl":"https:\/\/tonello.com\/wp-content\/uploads\/2023\/03\/Tonello_Logo_Claim.png","width":490,"height":155,"caption":"Tonello S.r.l."},"image":{"@id":"https:\/\/tonello.com\/es\/#\/schema\/logo\/image\/"},"sameAs":["https:\/\/www.facebook.com\/tonellosrl\/","https:\/\/it.linkedin.com\/company\/tonello-s.r.l."]}]}},"_links":{"self":[{"href":"https:\/\/tonello.com\/es\/wp-json\/wp\/v2\/pages\/1542","targetHints":{"allow":["GET"]}}],"collection":[{"href":"https:\/\/tonello.com\/es\/wp-json\/wp\/v2\/pages"}],"about":[{"href":"https:\/\/tonello.com\/es\/wp-json\/wp\/v2\/types\/page"}],"author":[{"embeddable":true,"href":"https:\/\/tonello.com\/es\/wp-json\/wp\/v2\/users\/1"}],"replies":[{"embeddable":true,"href":"https:\/\/tonello.com\/es\/wp-json\/wp\/v2\/comments?post=1542"}],"version-history":[{"count":10,"href":"https:\/\/tonello.com\/es\/wp-json\/wp\/v2\/pages\/1542\/revisions"}],"predecessor-version":[{"id":3542,"href":"https:\/\/tonello.com\/es\/wp-json\/wp\/v2\/pages\/1542\/revisions\/3542"}],"wp:attachment":[{"href":"https:\/\/tonello.com\/es\/wp-json\/wp\/v2\/media?parent=1542"}],"curies":[{"name":"wp","href":"https:\/\/api.w.org\/{rel}","templated":true}]}}