{"id":1570,"date":"2023-03-17T16:52:41","date_gmt":"2023-03-17T15:52:41","guid":{"rendered":"https:\/\/tonello.com\/innovazione\/"},"modified":"2024-03-12T09:37:00","modified_gmt":"2024-03-12T08:37:00","slug":"innovacion","status":"publish","type":"page","link":"https:\/\/tonello.com\/es\/innovacion\/","title":{"rendered":"Innovaci\u00f3n"},"content":{"rendered":"<p>[et_pb_section fb_built=\u00bb1&#8243; _builder_version=\u00bb4.19.5&#8243; _module_preset=\u00bbdefault\u00bb custom_padding=\u00bb0px||0px||true|false\u00bb locked=\u00bboff\u00bb global_colors_info=\u00bb{}\u00bb][et_pb_row column_structure=\u00bb1_2,1_2&#8243; use_custom_gutter=\u00bbon\u00bb gutter_width=\u00bb1&#8243; make_equal=\u00bbon\u00bb _builder_version=\u00bb4.19.5&#8243; _module_preset=\u00bbdefault\u00bb width=\u00bb100%\u00bb max_width=\u00bb100%\u00bb custom_padding=\u00bb0px||0px||true|false\u00bb global_colors_info=\u00bb{}\u00bb][et_pb_column type=\u00bb1_2&#8243; _builder_version=\u00bb4.19.5&#8243; _module_preset=\u00bbdefault\u00bb background_color=\u00bb#F2F2F2&#8243; custom_padding=\u00bb5%|5%|5%|5%|true|true\u00bb global_colors_info=\u00bb{}\u00bb][et_pb_text _builder_version=\u00bb4.19.5&#8243; _module_preset=\u00bbdefault\u00bb header_text_color=\u00bb#009FE3&#8243; header_font_size=\u00bb7em\u00bb custom_margin=\u00bb||30px||false|false\u00bb global_colors_info=\u00bb{}\u00bb]<\/p>\n<h1>INNOVACI\u00d3N<\/h1>\n<p>[\/et_pb_text][et_pb_text _builder_version=\u00bb4.19.5&#8243; _module_preset=\u00bbdefault\u00bb global_colors_info=\u00bb{}\u00bb]<\/p>\n<p>Nace de la investigaci\u00f3n diaria y la confianza en el futuro, para responder a demandas y necesidades a\u00fan no expresadas y redefinir los est\u00e1ndares. Se deriva de la s\u00edntesis de competencias s\u00f3lidas y especializadas \u2013 conocimientos espec\u00edficos, capacidades anal\u00edticas y t\u00e9cnicas \u2013, creatividad y visi\u00f3n estrat\u00e9gica.<\/p>\n<p>Es inquietud f\u00e9rtil, amor por el cambio, exploraci\u00f3n continua para ir m\u00e1s all\u00e1 de lo desconocido.<\/p>\n<p>Innovar significa activar el pensamiento lateral, un requisito previo para una verdadera resoluci\u00f3n de problemas, poniendo siempre el mercado y el cliente en el centro.<\/p>\n<p>[\/et_pb_text][\/et_pb_column][et_pb_column type=\u00bb1_2&#8243; _builder_version=\u00bb4.19.5&#8243; _module_preset=\u00bbdefault\u00bb background_image=\u00bbhttps:\/\/tonello.com\/wp-content\/uploads\/2023\/03\/the_laser_tm.jpeg\u00bb global_colors_info=\u00bb{}\u00bb][\/et_pb_column][\/et_pb_row][\/et_pb_section][et_pb_section fb_built=\u00bb1&#8243; _builder_version=\u00bb4.19.5&#8243; _module_preset=\u00bbdefault\u00bb global_colors_info=\u00bb{}\u00bb][et_pb_row column_structure=\u00bb1_2,1_2&#8243; _builder_version=\u00bb4.19.5&#8243; _module_preset=\u00bbdefault\u00bb width=\u00bb100%\u00bb max_width=\u00bb90%\u00bb global_colors_info=\u00bb{}\u00bb][et_pb_column type=\u00bb1_2&#8243; _builder_version=\u00bb4.19.5&#8243; _module_preset=\u00bbdefault\u00bb global_colors_info=\u00bb{}\u00bb][et_pb_gallery gallery_ids=\u00bb1005,1138,564&#8243; fullwidth=\u00bbon\u00bb _builder_version=\u00bb4.19.5&#8243; _module_preset=\u00bbdefault\u00bb global_colors_info=\u00bb{}\u00bb][\/et_pb_gallery][\/et_pb_column][et_pb_column type=\u00bb1_2&#8243; _builder_version=\u00bb4.19.5&#8243; _module_preset=\u00bbdefault\u00bb global_colors_info=\u00bb{}\u00bb][et_pb_text _builder_version=\u00bb4.19.5&#8243; _module_preset=\u00bbdefault\u00bb global_colors_info=\u00bb{}\u00bb]<\/p>\n<p>Los innovadores se desaf\u00edan constantemente, aceptan el riesgo de cometer errores y cultivan la capacidad de cambiar de direcci\u00f3n cuando es necesario.<\/p>\n<p>Innovar significa pensar de manera creativa y original, para imaginar nuevos escenarios de vida, trabajo y bienestar.<\/p>\n<p>[\/et_pb_text][et_pb_text _builder_version=\u00bb4.19.5&#8243; _module_preset=\u00bbdefault\u00bb global_colors_info=\u00bb{}\u00bb]<\/p>\n<h1 class=\"blue\">Innovar, d\u00eda tras d\u00eda, es la \u00fanica forma posible de ser empresa.<\/h1>\n<h1>Es excelencia cotidiana.<\/h1>\n<p>[\/et_pb_text][\/et_pb_column][\/et_pb_row][\/et_pb_section]<\/p>\n","protected":false},"excerpt":{"rendered":"<p>INNOVACI\u00d3NNace de la investigaci\u00f3n diaria y la confianza en el futuro, para responder a demandas y necesidades a\u00fan no expresadas y redefinir los est\u00e1ndares. Se deriva de la s\u00edntesis de competencias s\u00f3lidas y especializadas \u2013 conocimientos espec\u00edficos, capacidades anal\u00edticas y t\u00e9cnicas \u2013, creatividad y visi\u00f3n estrat\u00e9gica. Es inquietud f\u00e9rtil, amor por el cambio, exploraci\u00f3n continua [&hellip;]<\/p>\n","protected":false},"author":1,"featured_media":0,"parent":0,"menu_order":0,"comment_status":"closed","ping_status":"closed","template":"","meta":{"_acf_changed":false,"_et_pb_use_builder":"on","_et_pb_old_content":"","_et_gb_content_width":"","footnotes":""},"class_list":["post-1570","page","type-page","status-publish","hentry"],"acf":[],"yoast_head":"<!-- This site is optimized with the Yoast SEO plugin v26.8 - https:\/\/yoast.com\/product\/yoast-seo-wordpress\/ -->\n<title>Innovando d\u00eda a d\u00eda - Tonello<\/title>\n<meta name=\"description\" content=\"Innovar, d\u00eda tras d\u00eda, es la \u00fanica forma posible de ser empresa. Es excelencia cotidiana.\" \/>\n<meta name=\"robots\" content=\"index, follow, max-snippet:-1, max-image-preview:large, max-video-preview:-1\" \/>\n<link rel=\"canonical\" href=\"https:\/\/tonello.com\/es\/innovacion\/\" \/>\n<meta property=\"og:locale\" content=\"es_ES\" \/>\n<meta property=\"og:type\" content=\"article\" \/>\n<meta property=\"og:title\" content=\"Innovando d\u00eda a d\u00eda - Tonello\" \/>\n<meta property=\"og:description\" content=\"Innovar, d\u00eda tras d\u00eda, es la \u00fanica forma posible de ser empresa. Es excelencia cotidiana.\" \/>\n<meta property=\"og:url\" content=\"https:\/\/tonello.com\/es\/innovacion\/\" \/>\n<meta property=\"og:site_name\" content=\"Tonello\" \/>\n<meta property=\"article:publisher\" content=\"https:\/\/www.facebook.com\/tonellosrl\/\" \/>\n<meta property=\"article:modified_time\" content=\"2024-03-12T08:37:00+00:00\" \/>\n<meta name=\"twitter:card\" content=\"summary_large_image\" \/>\n<meta name=\"twitter:label1\" content=\"Tiempo de lectura\" \/>\n\t<meta name=\"twitter:data1\" content=\"2 minutos\" \/>\n<script type=\"application\/ld+json\" class=\"yoast-schema-graph\">{\"@context\":\"https:\/\/schema.org\",\"@graph\":[{\"@type\":\"WebPage\",\"@id\":\"https:\/\/tonello.com\/es\/innovacion\/\",\"url\":\"https:\/\/tonello.com\/es\/innovacion\/\",\"name\":\"Innovando d\u00eda a d\u00eda - Tonello\",\"isPartOf\":{\"@id\":\"https:\/\/tonello.com\/es\/#website\"},\"datePublished\":\"2023-03-17T15:52:41+00:00\",\"dateModified\":\"2024-03-12T08:37:00+00:00\",\"description\":\"Innovar, d\u00eda tras d\u00eda, es la \u00fanica forma posible de ser empresa. Es excelencia cotidiana.\",\"breadcrumb\":{\"@id\":\"https:\/\/tonello.com\/es\/innovacion\/#breadcrumb\"},\"inLanguage\":\"es\",\"potentialAction\":[{\"@type\":\"ReadAction\",\"target\":[\"https:\/\/tonello.com\/es\/innovacion\/\"]}]},{\"@type\":\"BreadcrumbList\",\"@id\":\"https:\/\/tonello.com\/es\/innovacion\/#breadcrumb\",\"itemListElement\":[{\"@type\":\"ListItem\",\"position\":1,\"name\":\"Home\",\"item\":\"https:\/\/tonello.com\/es\/\"},{\"@type\":\"ListItem\",\"position\":2,\"name\":\"Innovaci\u00f3n\"}]},{\"@type\":\"WebSite\",\"@id\":\"https:\/\/tonello.com\/es\/#website\",\"url\":\"https:\/\/tonello.com\/es\/\",\"name\":\"Tonello S.r.l.\",\"description\":\"\",\"publisher\":{\"@id\":\"https:\/\/tonello.com\/es\/#organization\"},\"potentialAction\":[{\"@type\":\"SearchAction\",\"target\":{\"@type\":\"EntryPoint\",\"urlTemplate\":\"https:\/\/tonello.com\/es\/?s={search_term_string}\"},\"query-input\":{\"@type\":\"PropertyValueSpecification\",\"valueRequired\":true,\"valueName\":\"search_term_string\"}}],\"inLanguage\":\"es\"},{\"@type\":\"Organization\",\"@id\":\"https:\/\/tonello.com\/es\/#organization\",\"name\":\"Tonello S.r.l.\",\"url\":\"https:\/\/tonello.com\/es\/\",\"logo\":{\"@type\":\"ImageObject\",\"inLanguage\":\"es\",\"@id\":\"https:\/\/tonello.com\/es\/#\/schema\/logo\/image\/\",\"url\":\"https:\/\/tonello.com\/wp-content\/uploads\/2023\/03\/Tonello_Logo_Claim.png\",\"contentUrl\":\"https:\/\/tonello.com\/wp-content\/uploads\/2023\/03\/Tonello_Logo_Claim.png\",\"width\":490,\"height\":155,\"caption\":\"Tonello S.r.l.\"},\"image\":{\"@id\":\"https:\/\/tonello.com\/es\/#\/schema\/logo\/image\/\"},\"sameAs\":[\"https:\/\/www.facebook.com\/tonellosrl\/\",\"https:\/\/it.linkedin.com\/company\/tonello-s.r.l.\"]}]}<\/script>\n<!-- \/ Yoast SEO plugin. -->","yoast_head_json":{"title":"Innovando d\u00eda a d\u00eda - Tonello","description":"Innovar, d\u00eda tras d\u00eda, es la \u00fanica forma posible de ser empresa. Es excelencia cotidiana.","robots":{"index":"index","follow":"follow","max-snippet":"max-snippet:-1","max-image-preview":"max-image-preview:large","max-video-preview":"max-video-preview:-1"},"canonical":"https:\/\/tonello.com\/es\/innovacion\/","og_locale":"es_ES","og_type":"article","og_title":"Innovando d\u00eda a d\u00eda - Tonello","og_description":"Innovar, d\u00eda tras d\u00eda, es la \u00fanica forma posible de ser empresa. Es excelencia cotidiana.","og_url":"https:\/\/tonello.com\/es\/innovacion\/","og_site_name":"Tonello","article_publisher":"https:\/\/www.facebook.com\/tonellosrl\/","article_modified_time":"2024-03-12T08:37:00+00:00","twitter_card":"summary_large_image","twitter_misc":{"Tiempo de lectura":"2 minutos"},"schema":{"@context":"https:\/\/schema.org","@graph":[{"@type":"WebPage","@id":"https:\/\/tonello.com\/es\/innovacion\/","url":"https:\/\/tonello.com\/es\/innovacion\/","name":"Innovando d\u00eda a d\u00eda - Tonello","isPartOf":{"@id":"https:\/\/tonello.com\/es\/#website"},"datePublished":"2023-03-17T15:52:41+00:00","dateModified":"2024-03-12T08:37:00+00:00","description":"Innovar, d\u00eda tras d\u00eda, es la \u00fanica forma posible de ser empresa. Es excelencia cotidiana.","breadcrumb":{"@id":"https:\/\/tonello.com\/es\/innovacion\/#breadcrumb"},"inLanguage":"es","potentialAction":[{"@type":"ReadAction","target":["https:\/\/tonello.com\/es\/innovacion\/"]}]},{"@type":"BreadcrumbList","@id":"https:\/\/tonello.com\/es\/innovacion\/#breadcrumb","itemListElement":[{"@type":"ListItem","position":1,"name":"Home","item":"https:\/\/tonello.com\/es\/"},{"@type":"ListItem","position":2,"name":"Innovaci\u00f3n"}]},{"@type":"WebSite","@id":"https:\/\/tonello.com\/es\/#website","url":"https:\/\/tonello.com\/es\/","name":"Tonello S.r.l.","description":"","publisher":{"@id":"https:\/\/tonello.com\/es\/#organization"},"potentialAction":[{"@type":"SearchAction","target":{"@type":"EntryPoint","urlTemplate":"https:\/\/tonello.com\/es\/?s={search_term_string}"},"query-input":{"@type":"PropertyValueSpecification","valueRequired":true,"valueName":"search_term_string"}}],"inLanguage":"es"},{"@type":"Organization","@id":"https:\/\/tonello.com\/es\/#organization","name":"Tonello S.r.l.","url":"https:\/\/tonello.com\/es\/","logo":{"@type":"ImageObject","inLanguage":"es","@id":"https:\/\/tonello.com\/es\/#\/schema\/logo\/image\/","url":"https:\/\/tonello.com\/wp-content\/uploads\/2023\/03\/Tonello_Logo_Claim.png","contentUrl":"https:\/\/tonello.com\/wp-content\/uploads\/2023\/03\/Tonello_Logo_Claim.png","width":490,"height":155,"caption":"Tonello S.r.l."},"image":{"@id":"https:\/\/tonello.com\/es\/#\/schema\/logo\/image\/"},"sameAs":["https:\/\/www.facebook.com\/tonellosrl\/","https:\/\/it.linkedin.com\/company\/tonello-s.r.l."]}]}},"_links":{"self":[{"href":"https:\/\/tonello.com\/es\/wp-json\/wp\/v2\/pages\/1570","targetHints":{"allow":["GET"]}}],"collection":[{"href":"https:\/\/tonello.com\/es\/wp-json\/wp\/v2\/pages"}],"about":[{"href":"https:\/\/tonello.com\/es\/wp-json\/wp\/v2\/types\/page"}],"author":[{"embeddable":true,"href":"https:\/\/tonello.com\/es\/wp-json\/wp\/v2\/users\/1"}],"replies":[{"embeddable":true,"href":"https:\/\/tonello.com\/es\/wp-json\/wp\/v2\/comments?post=1570"}],"version-history":[{"count":8,"href":"https:\/\/tonello.com\/es\/wp-json\/wp\/v2\/pages\/1570\/revisions"}],"predecessor-version":[{"id":3548,"href":"https:\/\/tonello.com\/es\/wp-json\/wp\/v2\/pages\/1570\/revisions\/3548"}],"wp:attachment":[{"href":"https:\/\/tonello.com\/es\/wp-json\/wp\/v2\/media?parent=1570"}],"curies":[{"name":"wp","href":"https:\/\/api.w.org\/{rel}","templated":true}]}}