{"id":1587,"date":"2023-03-20T12:37:19","date_gmt":"2023-03-20T11:37:19","guid":{"rendered":"https:\/\/tonello.com\/mission-vision\/"},"modified":"2026-02-05T13:48:17","modified_gmt":"2026-02-05T12:48:17","slug":"mision-y-vision","status":"publish","type":"page","link":"https:\/\/tonello.com\/es\/mision-y-vision\/","title":{"rendered":"Misi\u00f3n y Visi\u00f3n"},"content":{"rendered":"<p>[et_pb_section fb_built=\u00bb1&#8243; _builder_version=\u00bb4.19.5&#8243; _module_preset=\u00bbdefault\u00bb background_color=\u00bb#3D3D3D\u00bb background_enable_image=\u00bboff\u00bb background_blend=\u00bboverlay\u00bb custom_padding=\u00bb||||true|false\u00bb locked=\u00bboff\u00bb global_colors_info=\u00bb{}\u00bb][et_pb_row _builder_version=\u00bb4.19.5&#8243; _module_preset=\u00bbdefault\u00bb custom_padding=\u00bb||||false|false\u00bb global_colors_info=\u00bb{}\u00bb][et_pb_column type=\u00bb4_4&#8243; _builder_version=\u00bb4.19.5&#8243; _module_preset=\u00bbdefault\u00bb global_colors_info=\u00bb{}\u00bb][et_pb_text _builder_version=\u00bb4.19.5&#8243; _module_preset=\u00bbdefault\u00bb text_text_color=\u00bb#F2F2F2&#8243; text_font_size=\u00bb1.4em\u00bb text_line_height=\u00bb1.2em\u00bb header_2_font=\u00bb|800||on|||||\u00bb header_2_text_align=\u00bbcenter\u00bb header_2_text_color=\u00bb#0C71C3&#8243; header_2_font_size=\u00bb4em\u00bb header_2_letter_spacing=\u00bb6px\u00bb text_orientation=\u00bbcenter\u00bb custom_margin=\u00bb||||false|false\u00bb header_2_font_size_tablet=\u00bb4em\u00bb header_2_font_size_phone=\u00bb2em\u00bb header_2_font_size_last_edited=\u00bbon|phone\u00bb global_colors_info=\u00bb{}\u00bb]<\/p>\n<h2>Misi\u00f3n y Visi\u00f3n<\/h2>\n<p>[\/et_pb_text][\/et_pb_column][\/et_pb_row][\/et_pb_section][et_pb_section fb_built=\u00bb1&#8243; _builder_version=\u00bb4.19.5&#8243; _module_preset=\u00bbdefault\u00bb custom_padding=\u00bb0px||0px||true|false\u00bb locked=\u00bboff\u00bb global_colors_info=\u00bb{}\u00bb][et_pb_row column_structure=\u00bb1_2,1_2&#8243; use_custom_gutter=\u00bbon\u00bb gutter_width=\u00bb1&#8243; make_equal=\u00bbon\u00bb _builder_version=\u00bb4.19.5&#8243; _module_preset=\u00bbdefault\u00bb width=\u00bb100%\u00bb max_width=\u00bb100%\u00bb custom_padding=\u00bb0px||0px||true|false\u00bb global_colors_info=\u00bb{}\u00bb][et_pb_column type=\u00bb1_2&#8243; _builder_version=\u00bb4.19.5&#8243; _module_preset=\u00bbdefault\u00bb background_color=\u00bb#F2F2F2&#8243; custom_padding=\u00bb5%|5%|5%|5%|true|true\u00bb global_colors_info=\u00bb{}\u00bb][et_pb_text _builder_version=\u00bb4.19.5&#8243; _module_preset=\u00bbdefault\u00bb header_text_color=\u00bb#009FE3&#8243; custom_margin=\u00bb||30px||false|false\u00bb global_colors_info=\u00bb{}\u00bb]<\/p>\n<h1>Misi\u00f3n<\/h1>\n<h4>No s\u00f3lo construimos \u00abm\u00e1quinas\u00bb: hacemos mucho m\u00e1s.<\/h4>\n<p>[\/et_pb_text][et_pb_text _builder_version=\u00bb4.19.5&#8243; _module_preset=\u00bbdefault\u00bb global_colors_info=\u00bb{}\u00bb]<\/p>\n<p>Investigamos, experimentamos, innovamos.<\/p>\n<p>Producimos ideas, procesos y soluciones que favorecen el desarrollo sostenible del mercado.<\/p>\n<p>Para ir m\u00e1s all\u00e1 del producto y apoyar al cliente con creatividad y concreci\u00f3n y ser su socio en la evoluci\u00f3n y el crecimiento.<\/p>\n<p>Para mejorar los m\u00e9todos de trabajo y contribuir a la protecci\u00f3n del medio ambiente. Para ofrecer siempre la tecnolog\u00eda m\u00e1s avanzada y de mayor rendimiento. Que no envejece, sino que evoluciona.<\/p>\n<p>Para involucrar a los clientes y a las marcas en una experiencia \u00fanica en t\u00e9rminos de consultor\u00eda, previsi\u00f3n, resoluci\u00f3n de problemas, creatividad, excelencia y estilo italiano.<\/p>\n<p>Para ser el punto de referencia responsable de la industria del acabado en prenda.<\/p>\n<p>[\/et_pb_text][\/et_pb_column][et_pb_column type=\u00bb1_2&#8243; _builder_version=\u00bb4.19.5&#8243; _module_preset=\u00bbdefault\u00bb background_image=\u00bbhttps:\/\/tonello.com\/wp-content\/uploads\/2023\/03\/VisionofTonello.jpeg\u00bb global_colors_info=\u00bb{}\u00bb][\/et_pb_column][\/et_pb_row][\/et_pb_section][et_pb_section fb_built=\u00bb1&#8243; _builder_version=\u00bb4.19.5&#8243; _module_preset=\u00bbdefault\u00bb custom_padding=\u00bb0px||0px||true|false\u00bb locked=\u00bboff\u00bb global_colors_info=\u00bb{}\u00bb][et_pb_row column_structure=\u00bb1_2,1_2&#8243; use_custom_gutter=\u00bbon\u00bb gutter_width=\u00bb1&#8243; make_equal=\u00bbon\u00bb _builder_version=\u00bb4.19.5&#8243; _module_preset=\u00bbdefault\u00bb width=\u00bb100%\u00bb max_width=\u00bb100%\u00bb custom_padding=\u00bb0px||0px||true|false\u00bb global_colors_info=\u00bb{}\u00bb][et_pb_column type=\u00bb1_2&#8243; _builder_version=\u00bb4.19.5&#8243; _module_preset=\u00bbdefault\u00bb background_image=\u00bbhttps:\/\/tonello.com\/wp-content\/uploads\/2023\/03\/luci.jpeg\u00bb global_colors_info=\u00bb{}\u00bb][\/et_pb_column][et_pb_column type=\u00bb1_2&#8243; _builder_version=\u00bb4.19.5&#8243; _module_preset=\u00bbdefault\u00bb background_color=\u00bb#F2F2F2&#8243; custom_padding=\u00bb5%|5%|5%|5%|true|true\u00bb global_colors_info=\u00bb{}\u00bb][et_pb_text _builder_version=\u00bb4.19.5&#8243; _module_preset=\u00bbdefault\u00bb header_text_color=\u00bb#009FE3&#8243; custom_margin=\u00bb||30px||false|false\u00bb global_colors_info=\u00bb{}\u00bb]<\/p>\n<h1>Nuestra Visi\u00f3n<\/h1>\n<h4>Somos \u201cThe Inspiring Company\u201d.<\/h4>\n<p>[\/et_pb_text][et_pb_text _builder_version=\u00bb4.19.5&#8243; _module_preset=\u00bbdefault\u00bb global_colors_info=\u00bb{}\u00bb]<\/p>\n<p>Promovemos el desarrollo de todo el sector en t\u00e9rminos de cultura, sensibilidad y concienciaci\u00f3n.<\/p>\n<p>Inyectamos belleza, bienestar y gusto en cada prenda, uniendo arte y tecnolog\u00eda, en nombre del m\u00e1s aut\u00e9ntico Made in Italy.<\/p>\n<p>Cada d\u00eda desarrollamos ideas que conducen a cambios concretos, a tecnolog\u00edas y procesos m\u00e1s eficientes y sostenibles, flexibles e innovadores. Y aprovechar al m\u00e1ximo las capacidades y el potencial de las personas.<\/p>\n<p>Para mejorar el trabajo de los clientes, inspirar a las marcas y hacer de la lavander\u00eda un entorno de experimentaci\u00f3n e investigaci\u00f3n, un laboratorio de ideas donde imaginar y dise\u00f1ar un futuro sostenible, saludable y eficiente.<\/p>\n<p>Reinventar la lavander\u00eda, reconstruir los procesos, revalorizar a las personas.<\/p>\n<p>Est\u00e1 todo aqu\u00ed.<\/p>\n<p>[\/et_pb_text][\/et_pb_column][\/et_pb_row][\/et_pb_section][et_pb_section fb_built=\u00bb1&#8243; _builder_version=\u00bb4.19.5&#8243; _module_preset=\u00bbdefault\u00bb background_color=\u00bb#FFFFFF\u00bb locked=\u00bboff\u00bb global_colors_info=\u00bb{}\u00bb][et_pb_row _builder_version=\u00bb4.19.5&#8243; _module_preset=\u00bbdefault\u00bb global_colors_info=\u00bb{}\u00bb][et_pb_column type=\u00bb4_4&#8243; _builder_version=\u00bb4.19.5&#8243; _module_preset=\u00bbdefault\u00bb global_colors_info=\u00bb{}\u00bb][et_pb_text _builder_version=\u00bb4.19.5&#8243; _module_preset=\u00bbdefault\u00bb header_text_color=\u00bb#009FE3&#8243; custom_margin=\u00bb||30px||false|false\u00bb global_colors_info=\u00bb{}\u00bb]<\/p>\n<h1 style=\"text-align: center\">Nuestros Valores<\/h1>\n<h4 style=\"text-align: center\">Las personas: nuestros campeones.<\/h4>\n<p>[\/et_pb_text][et_pb_text _builder_version=\u00bb4.19.5&#8243; _module_preset=\u00bbdefault\u00bb global_colors_info=\u00bb{}\u00bb]<\/p>\n<p>Para nosotros, \u00abponer a las personas en el centro\u00bb significa respetarlas, escucharlas, valorarlas: y tambi\u00e9n nos referimos a quienes llevan las prendas tratadas con nuestras tecnolog\u00edas y procesos.<\/p>\n<p>Porque es sobre todo por c\u00f3mo sabemos ponernos en el mercado que los \u00abotros\u00bb, es decir, la gente de nuevo, creen y creer\u00e1n en nosotros, igual que nosotros creemos en ellos.<\/p>\n<p>Nuestras personas son las estrellas cotidianas y cre\u00edbles de un camino de innovaci\u00f3n e investigaci\u00f3n que ha hecho, hace y har\u00e1 grande a la empresa Tonello. Son profesionales apasionados que crean productos y servicios de excelencia, consolidando d\u00eda a d\u00eda la relaci\u00f3n con los clientes y las marcas.<\/p>\n<p>De hecho, ning\u00fan proyecto de importancia puede llevarse a cabo sin la cooperaci\u00f3n y la compartici\u00f3n de objetivos y competencias.<\/p>\n<p>En resumen, sin \u00abel equipo\u00bb.<\/p>\n<p>[\/et_pb_text][et_pb_gallery gallery_ids=\u00bb1242,1246,1249,1255,1258,1264,1267,1273,1270,4155,4689,4152&#8243; posts_number=\u00bb12&#8243; show_title_and_caption=\u00bboff\u00bb show_pagination=\u00bboff\u00bb zoom_icon_color=\u00bbRGBA(255,255,255,0)\u00bb hover_overlay_color=\u00bbRGBA(255,255,255,0)\u00bb admin_label=\u00bbGalleria\u00bb _builder_version=\u00bb4.27.5&#8243; _module_preset=\u00bbdefault\u00bb caption_text_color=\u00bbRGBA(255,255,255,0)\u00bb caption_font_size=\u00bb1px\u00bb hover_enabled=\u00bb0&#8243; locked=\u00bboff\u00bb global_colors_info=\u00bb{}\u00bb sticky_enabled=\u00bb0&#8243;][\/et_pb_gallery][\/et_pb_column][\/et_pb_row][\/et_pb_section][et_pb_section fb_built=\u00bb1&#8243; _builder_version=\u00bb4.19.5&#8243; _module_preset=\u00bbdefault\u00bb background_color=\u00bb#6B6B6B\u00bb custom_padding=\u00bb0px||0px||true|false\u00bb locked=\u00bboff\u00bb global_colors_info=\u00bb{}\u00bb][et_pb_row column_structure=\u00bb1_2,1_2&#8243; use_custom_gutter=\u00bbon\u00bb gutter_width=\u00bb1&#8243; make_equal=\u00bbon\u00bb _builder_version=\u00bb4.19.5&#8243; _module_preset=\u00bbdefault\u00bb width=\u00bb100%\u00bb max_width=\u00bb100%\u00bb custom_padding=\u00bb0px||0px||true|false\u00bb global_colors_info=\u00bb{}\u00bb][et_pb_column type=\u00bb1_2&#8243; _builder_version=\u00bb4.19.5&#8243; _module_preset=\u00bbdefault\u00bb background_color=\u00bb#6B6B6B\u00bb custom_padding=\u00bb5%|5%|5%|5%|true|true\u00bb global_colors_info=\u00bb{}\u00bb][et_pb_text _builder_version=\u00bb4.19.5&#8243; _module_preset=\u00bbdefault\u00bb header_text_color=\u00bb#009FE3&#8243; header_3_text_color=\u00bb#F2F2F2&#8243; header_4_text_color=\u00bb#FFFFFF\u00bb custom_margin=\u00bb||30px||false|false\u00bb global_colors_info=\u00bb{}\u00bb]<\/p>\n<h1>Pasi\u00f3n<\/h1>\n<h4>La otra forma de decir &#8216;Tonello&#8217;.<\/h4>\n<p>[\/et_pb_text][et_pb_text _builder_version=\u00bb4.19.5&#8243; _module_preset=\u00bbdefault\u00bb text_text_color=\u00bb#FFFFFF\u00bb global_colors_info=\u00bb{}\u00bb]<\/p>\n<p>Nos encanta nuestro trabajo, somos entusiastas y valientes: fuertes en nuestra experiencia y calidad garantizada por la historia y el talento de un equipo fant\u00e1stico.<\/p>\n<p>Somos incansables y siempre nos fijamos objetivos ambiciosos. Para hacer las cosas bien y satisfacer a los clientes m\u00e1s all\u00e1 de sus mayores expectativas.<\/p>\n<p>Trabajamos para que cada m\u00e1quina y cada proceso se caractericen por esa particularidad \u2013 en dise\u00f1o, funcionalidad, rendimiento y fiabilidad \u2013 que siempre ha distinguido a la marca Tonello.<\/p>\n<p>Nuestro objetivo es cambiar las reglas del juego y hacer avanzar el mercado, para que el trabajo de quienes nos eligen sea m\u00e1s eficiente y flexible.<\/p>\n<p>Cultivamos el placer de explorar, investigar y producir ideas que realmente pueden cambiar el mundo. Una tecnolog\u00eda a la vez.<\/p>\n<p>[\/et_pb_text][\/et_pb_column][et_pb_column type=\u00bb1_2&#8243; _builder_version=\u00bb4.19.5&#8243; _module_preset=\u00bbdefault\u00bb background_image=\u00bbhttps:\/\/tonello.com\/wp-content\/uploads\/2023\/03\/passion.jpeg\u00bb global_colors_info=\u00bb{}\u00bb][\/et_pb_column][\/et_pb_row][\/et_pb_section][et_pb_section fb_built=\u00bb1&#8243; _builder_version=\u00bb4.19.5&#8243; _module_preset=\u00bbdefault\u00bb custom_padding=\u00bb0px||0px||true|false\u00bb locked=\u00bboff\u00bb global_colors_info=\u00bb{}\u00bb][et_pb_row column_structure=\u00bb1_2,1_2&#8243; use_custom_gutter=\u00bbon\u00bb gutter_width=\u00bb1&#8243; make_equal=\u00bbon\u00bb _builder_version=\u00bb4.19.5&#8243; _module_preset=\u00bbdefault\u00bb width=\u00bb100%\u00bb max_width=\u00bb100%\u00bb custom_padding=\u00bb0px||0px||true|false\u00bb global_colors_info=\u00bb{}\u00bb][et_pb_column type=\u00bb1_2&#8243; _builder_version=\u00bb4.19.5&#8243; _module_preset=\u00bbdefault\u00bb background_image=\u00bbhttps:\/\/tonello.com\/wp-content\/uploads\/2023\/03\/CREDIBILITA.jpeg\u00bb global_colors_info=\u00bb{}\u00bb][\/et_pb_column][et_pb_column type=\u00bb1_2&#8243; _builder_version=\u00bb4.19.5&#8243; _module_preset=\u00bbdefault\u00bb background_color=\u00bb#F2F2F2&#8243; custom_padding=\u00bb5%|5%|5%|5%|true|true\u00bb global_colors_info=\u00bb{}\u00bb][et_pb_text _builder_version=\u00bb4.19.5&#8243; _module_preset=\u00bbdefault\u00bb header_text_color=\u00bb#009FE3&#8243; custom_margin=\u00bb||30px||false|false\u00bb global_colors_info=\u00bb{}\u00bb]<\/p>\n<h1>Fiabilidad<\/h1>\n<h4>Ser la mano derecha del cliente.<\/h4>\n<p>[\/et_pb_text][et_pb_text _builder_version=\u00bb4.19.5&#8243; _module_preset=\u00bbdefault\u00bb global_colors_info=\u00bb{}\u00bb]<\/p>\n<p>Para nosotros, la fiabilidad y la credibilidad son sin\u00f3nimo de transparencia.<\/p>\n<p>Las personas transparentes inspiran confianza y son una fuente fiable de soluciones eficaces e integradas que son el resultado de un conocimiento real y una visi\u00f3n hol\u00edstica de los procesos.<\/p>\n<p>La fiabilidad proviene de la historia, de la experiencia, de ese bagaje \u2013 formado no s\u00f3lo por la cultura mec\u00e1nica y textil, sino tambi\u00e9n por la curiosidad y la investigaci\u00f3n en el mundo del arte y de la moda \u2013 que hace de Tonello una marca inspiradora y \u00fanica.<\/p>\n<p>Es mucho, mucho m\u00e1s que una \u00abcalidad\u00bb gen\u00e9rica y evidente: es algo en lo que se puede confiar ciegamente.<\/p>\n<p>Es una forma de ser empresa que implica e inspira a todos sus componentes y se basa en la escucha, el di\u00e1logo y la relaci\u00f3n de colaboraci\u00f3n, para convertirse, de hecho, en la mano derecha del cliente.<\/p>\n<p>[\/et_pb_text][\/et_pb_column][\/et_pb_row][\/et_pb_section]<\/p>\n","protected":false},"excerpt":{"rendered":"<p>Misi\u00f3n y Visi\u00f3nMisi\u00f3n No s\u00f3lo construimos \u00abm\u00e1quinas\u00bb: hacemos mucho m\u00e1s.Investigamos, experimentamos, innovamos. Producimos ideas, procesos y soluciones que favorecen el desarrollo sostenible del mercado. Para ir m\u00e1s all\u00e1 del producto y apoyar al cliente con creatividad y concreci\u00f3n y ser su socio en la evoluci\u00f3n y el crecimiento. Para mejorar los m\u00e9todos de trabajo y [&hellip;]<\/p>\n","protected":false},"author":1,"featured_media":0,"parent":0,"menu_order":0,"comment_status":"closed","ping_status":"closed","template":"","meta":{"_acf_changed":false,"_et_pb_use_builder":"on","_et_pb_old_content":"","_et_gb_content_width":"","footnotes":""},"class_list":["post-1587","page","type-page","status-publish","hentry"],"acf":[],"yoast_head":"<!-- This site is optimized with the Yoast SEO plugin v26.8 - https:\/\/yoast.com\/product\/yoast-seo-wordpress\/ -->\n<title>Misi\u00f3n y Visi\u00f3n - Tonello<\/title>\n<meta name=\"robots\" content=\"index, follow, max-snippet:-1, max-image-preview:large, max-video-preview:-1\" \/>\n<link rel=\"canonical\" href=\"https:\/\/tonello.com\/es\/mision-y-vision\/\" \/>\n<meta property=\"og:locale\" content=\"es_ES\" \/>\n<meta property=\"og:type\" content=\"article\" \/>\n<meta property=\"og:title\" content=\"Misi\u00f3n y Visi\u00f3n - Tonello\" \/>\n<meta property=\"og:description\" content=\"Misi\u00f3n y Visi\u00f3nMisi\u00f3n No s\u00f3lo construimos &quot;m\u00e1quinas&quot;: hacemos mucho m\u00e1s.Investigamos, experimentamos, innovamos. Producimos ideas, procesos y soluciones que favorecen el desarrollo sostenible del mercado. Para ir m\u00e1s all\u00e1 del producto y apoyar al cliente con creatividad y concreci\u00f3n y ser su socio en la evoluci\u00f3n y el crecimiento. Para mejorar los m\u00e9todos de trabajo y [&hellip;]\" \/>\n<meta property=\"og:url\" content=\"https:\/\/tonello.com\/es\/mision-y-vision\/\" \/>\n<meta property=\"og:site_name\" content=\"Tonello\" \/>\n<meta property=\"article:publisher\" content=\"https:\/\/www.facebook.com\/tonellosrl\/\" \/>\n<meta property=\"article:modified_time\" content=\"2026-02-05T12:48:17+00:00\" \/>\n<meta name=\"twitter:card\" content=\"summary_large_image\" \/>\n<meta name=\"twitter:label1\" content=\"Tiempo de lectura\" \/>\n\t<meta name=\"twitter:data1\" content=\"6 minutos\" \/>\n<script type=\"application\/ld+json\" class=\"yoast-schema-graph\">{\"@context\":\"https:\/\/schema.org\",\"@graph\":[{\"@type\":\"WebPage\",\"@id\":\"https:\/\/tonello.com\/es\/mision-y-vision\/\",\"url\":\"https:\/\/tonello.com\/es\/mision-y-vision\/\",\"name\":\"Misi\u00f3n y Visi\u00f3n - Tonello\",\"isPartOf\":{\"@id\":\"https:\/\/tonello.com\/es\/#website\"},\"datePublished\":\"2023-03-20T11:37:19+00:00\",\"dateModified\":\"2026-02-05T12:48:17+00:00\",\"breadcrumb\":{\"@id\":\"https:\/\/tonello.com\/es\/mision-y-vision\/#breadcrumb\"},\"inLanguage\":\"es\",\"potentialAction\":[{\"@type\":\"ReadAction\",\"target\":[\"https:\/\/tonello.com\/es\/mision-y-vision\/\"]}]},{\"@type\":\"BreadcrumbList\",\"@id\":\"https:\/\/tonello.com\/es\/mision-y-vision\/#breadcrumb\",\"itemListElement\":[{\"@type\":\"ListItem\",\"position\":1,\"name\":\"Home\",\"item\":\"https:\/\/tonello.com\/es\/\"},{\"@type\":\"ListItem\",\"position\":2,\"name\":\"Misi\u00f3n y Visi\u00f3n\"}]},{\"@type\":\"WebSite\",\"@id\":\"https:\/\/tonello.com\/es\/#website\",\"url\":\"https:\/\/tonello.com\/es\/\",\"name\":\"Tonello S.r.l.\",\"description\":\"\",\"publisher\":{\"@id\":\"https:\/\/tonello.com\/es\/#organization\"},\"potentialAction\":[{\"@type\":\"SearchAction\",\"target\":{\"@type\":\"EntryPoint\",\"urlTemplate\":\"https:\/\/tonello.com\/es\/?s={search_term_string}\"},\"query-input\":{\"@type\":\"PropertyValueSpecification\",\"valueRequired\":true,\"valueName\":\"search_term_string\"}}],\"inLanguage\":\"es\"},{\"@type\":\"Organization\",\"@id\":\"https:\/\/tonello.com\/es\/#organization\",\"name\":\"Tonello S.r.l.\",\"url\":\"https:\/\/tonello.com\/es\/\",\"logo\":{\"@type\":\"ImageObject\",\"inLanguage\":\"es\",\"@id\":\"https:\/\/tonello.com\/es\/#\/schema\/logo\/image\/\",\"url\":\"https:\/\/tonello.com\/wp-content\/uploads\/2023\/03\/Tonello_Logo_Claim.png\",\"contentUrl\":\"https:\/\/tonello.com\/wp-content\/uploads\/2023\/03\/Tonello_Logo_Claim.png\",\"width\":490,\"height\":155,\"caption\":\"Tonello S.r.l.\"},\"image\":{\"@id\":\"https:\/\/tonello.com\/es\/#\/schema\/logo\/image\/\"},\"sameAs\":[\"https:\/\/www.facebook.com\/tonellosrl\/\",\"https:\/\/it.linkedin.com\/company\/tonello-s.r.l.\"]}]}<\/script>\n<!-- \/ Yoast SEO plugin. -->","yoast_head_json":{"title":"Misi\u00f3n y Visi\u00f3n - Tonello","robots":{"index":"index","follow":"follow","max-snippet":"max-snippet:-1","max-image-preview":"max-image-preview:large","max-video-preview":"max-video-preview:-1"},"canonical":"https:\/\/tonello.com\/es\/mision-y-vision\/","og_locale":"es_ES","og_type":"article","og_title":"Misi\u00f3n y Visi\u00f3n - Tonello","og_description":"Misi\u00f3n y Visi\u00f3nMisi\u00f3n No s\u00f3lo construimos \"m\u00e1quinas\": hacemos mucho m\u00e1s.Investigamos, experimentamos, innovamos. Producimos ideas, procesos y soluciones que favorecen el desarrollo sostenible del mercado. Para ir m\u00e1s all\u00e1 del producto y apoyar al cliente con creatividad y concreci\u00f3n y ser su socio en la evoluci\u00f3n y el crecimiento. Para mejorar los m\u00e9todos de trabajo y [&hellip;]","og_url":"https:\/\/tonello.com\/es\/mision-y-vision\/","og_site_name":"Tonello","article_publisher":"https:\/\/www.facebook.com\/tonellosrl\/","article_modified_time":"2026-02-05T12:48:17+00:00","twitter_card":"summary_large_image","twitter_misc":{"Tiempo de lectura":"6 minutos"},"schema":{"@context":"https:\/\/schema.org","@graph":[{"@type":"WebPage","@id":"https:\/\/tonello.com\/es\/mision-y-vision\/","url":"https:\/\/tonello.com\/es\/mision-y-vision\/","name":"Misi\u00f3n y Visi\u00f3n - Tonello","isPartOf":{"@id":"https:\/\/tonello.com\/es\/#website"},"datePublished":"2023-03-20T11:37:19+00:00","dateModified":"2026-02-05T12:48:17+00:00","breadcrumb":{"@id":"https:\/\/tonello.com\/es\/mision-y-vision\/#breadcrumb"},"inLanguage":"es","potentialAction":[{"@type":"ReadAction","target":["https:\/\/tonello.com\/es\/mision-y-vision\/"]}]},{"@type":"BreadcrumbList","@id":"https:\/\/tonello.com\/es\/mision-y-vision\/#breadcrumb","itemListElement":[{"@type":"ListItem","position":1,"name":"Home","item":"https:\/\/tonello.com\/es\/"},{"@type":"ListItem","position":2,"name":"Misi\u00f3n y Visi\u00f3n"}]},{"@type":"WebSite","@id":"https:\/\/tonello.com\/es\/#website","url":"https:\/\/tonello.com\/es\/","name":"Tonello S.r.l.","description":"","publisher":{"@id":"https:\/\/tonello.com\/es\/#organization"},"potentialAction":[{"@type":"SearchAction","target":{"@type":"EntryPoint","urlTemplate":"https:\/\/tonello.com\/es\/?s={search_term_string}"},"query-input":{"@type":"PropertyValueSpecification","valueRequired":true,"valueName":"search_term_string"}}],"inLanguage":"es"},{"@type":"Organization","@id":"https:\/\/tonello.com\/es\/#organization","name":"Tonello S.r.l.","url":"https:\/\/tonello.com\/es\/","logo":{"@type":"ImageObject","inLanguage":"es","@id":"https:\/\/tonello.com\/es\/#\/schema\/logo\/image\/","url":"https:\/\/tonello.com\/wp-content\/uploads\/2023\/03\/Tonello_Logo_Claim.png","contentUrl":"https:\/\/tonello.com\/wp-content\/uploads\/2023\/03\/Tonello_Logo_Claim.png","width":490,"height":155,"caption":"Tonello S.r.l."},"image":{"@id":"https:\/\/tonello.com\/es\/#\/schema\/logo\/image\/"},"sameAs":["https:\/\/www.facebook.com\/tonellosrl\/","https:\/\/it.linkedin.com\/company\/tonello-s.r.l."]}]}},"_links":{"self":[{"href":"https:\/\/tonello.com\/es\/wp-json\/wp\/v2\/pages\/1587","targetHints":{"allow":["GET"]}}],"collection":[{"href":"https:\/\/tonello.com\/es\/wp-json\/wp\/v2\/pages"}],"about":[{"href":"https:\/\/tonello.com\/es\/wp-json\/wp\/v2\/types\/page"}],"author":[{"embeddable":true,"href":"https:\/\/tonello.com\/es\/wp-json\/wp\/v2\/users\/1"}],"replies":[{"embeddable":true,"href":"https:\/\/tonello.com\/es\/wp-json\/wp\/v2\/comments?post=1587"}],"version-history":[{"count":15,"href":"https:\/\/tonello.com\/es\/wp-json\/wp\/v2\/pages\/1587\/revisions"}],"predecessor-version":[{"id":4692,"href":"https:\/\/tonello.com\/es\/wp-json\/wp\/v2\/pages\/1587\/revisions\/4692"}],"wp:attachment":[{"href":"https:\/\/tonello.com\/es\/wp-json\/wp\/v2\/media?parent=1587"}],"curies":[{"name":"wp","href":"https:\/\/api.w.org\/{rel}","templated":true}]}}