{"id":1596,"date":"2023-03-20T14:52:57","date_gmt":"2023-03-20T13:52:57","guid":{"rendered":"https:\/\/tonello.com\/o-zone\/"},"modified":"2024-05-21T09:15:50","modified_gmt":"2024-05-21T07:15:50","slug":"o-zone","status":"publish","type":"page","link":"https:\/\/tonello.com\/es\/o-zone\/","title":{"rendered":"O-Zone"},"content":{"rendered":"<p>[et_pb_section fb_built=\u00bb1&#8243; _builder_version=\u00bb4.20.4&#8243; _module_preset=\u00bbdefault\u00bb background_enable_color=\u00bboff\u00bb background_enable_image=\u00bboff\u00bb background_blend=\u00bboverlay\u00bb custom_padding=\u00bb0px||0px||true|false\u00bb locked=\u00bboff\u00bb global_colors_info=\u00bb{}\u00bb][et_pb_row _builder_version=\u00bb4.20.4&#8243; _module_preset=\u00bbdefault\u00bb width=\u00bb90%\u00bb custom_padding=\u00bb||||false|false\u00bb scroll_horizontal_motion=\u00bb0|50|50|100|0|0|-5&#8243; global_colors_info=\u00bb{}\u00bb][et_pb_column type=\u00bb4_4&#8243; _builder_version=\u00bb4.19.5&#8243; _module_preset=\u00bbdefault\u00bb global_colors_info=\u00bb{}\u00bb][et_pb_text _builder_version=\u00bb4.20.4&#8243; _module_preset=\u00bbdefault\u00bb text_text_color=\u00bb#F2F2F2&#8243; text_font_size=\u00bb1.4em\u00bb text_line_height=\u00bb1.2em\u00bb header_2_font=\u00bb|||on|||||\u00bb header_2_text_align=\u00bbcenter\u00bb header_2_text_color=\u00bb#0C71C3&#8243; header_2_font_size=\u00bb7em\u00bb header_2_letter_spacing=\u00bb6px\u00bb text_orientation=\u00bbcenter\u00bb custom_margin=\u00bb||-4px||false|false\u00bb animation_style=\u00bbslide\u00bb animation_direction=\u00bbbottom\u00bb animation_intensity_slide=\u00bb75%\u00bb animation_speed_curve=\u00bbease\u00bb header_2_font_size_tablet=\u00bb7em\u00bb header_2_font_size_phone=\u00bb2em\u00bb header_2_font_size_last_edited=\u00bbon|phone\u00bb global_colors_info=\u00bb{}\u00bb]<\/p>\n<h2>o-zone<\/h2>\n<p>[\/et_pb_text][et_pb_text _builder_version=\u00bb4.24.0&#8243; _module_preset=\u00bbdefault\u00bb text_text_color=\u00bb#F2F2F2&#8243; text_font_size=\u00bb1.4em\u00bb text_line_height=\u00bb1.2em\u00bb header_font=\u00bb|||on|||||\u00bb header_text_color=\u00bb#000000&#8243; text_orientation=\u00bbcenter\u00bb custom_margin=\u00bb||||false|false\u00bb animation_style=\u00bbslide\u00bb animation_direction=\u00bbtop\u00bb animation_delay=\u00bb500ms\u00bb scroll_blur=\u00bb0|40|60|100|50px|0px|10px\u00bb hover_enabled=\u00bb0&#8243; header_font_size_tablet=\u00bb\u00bb header_font_size_phone=\u00bb25px\u00bb header_font_size_last_edited=\u00bbon|phone\u00bb global_colors_info=\u00bb{}\u00bb sticky_enabled=\u00bb0&#8243;]<\/p>\n<h1>la dimensi\u00f3n creativa del ozono<\/h1>\n<p>[\/et_pb_text][\/et_pb_column][\/et_pb_row][\/et_pb_section][et_pb_section fb_built=\u00bb1&#8243; _builder_version=\u00bb4.20.4&#8243; _module_preset=\u00bbdefault\u00bb locked=\u00bboff\u00bb global_colors_info=\u00bb{}\u00bb][et_pb_row column_structure=\u00bb2_5,3_5&#8243; make_equal=\u00bbon\u00bb _builder_version=\u00bb4.20.4&#8243; _module_preset=\u00bbdefault\u00bb custom_css_main_element=\u00bbalign-items:center;\u00bb global_colors_info=\u00bb{}\u00bb][et_pb_column type=\u00bb2_5&#8243; _builder_version=\u00bb4.20.4&#8243; _module_preset=\u00bbdefault\u00bb global_colors_info=\u00bb{}\u00bb][et_pb_text _builder_version=\u00bb4.19.5&#8243; _module_preset=\u00bbdefault\u00bb text_font=\u00bb|300|||||||\u00bb text_text_color=\u00bb#6B6B6B\u00bb text_font_size=\u00bb1.4em\u00bb text_line_height=\u00bb1.2em\u00bb header_3_text_color=\u00bb#009FE3&#8243; text_orientation=\u00bbcenter\u00bb global_colors_info=\u00bb{}\u00bb]<\/p>\n<p>O-zone es el nuevo armario est\u00e1tico de Tonello que, utilizando s\u00f3lo ozono, permite obtener <strong>efectos est\u00e9ticos \u00fanicos y personalizables<\/strong>, como decoloraciones y blanqueos localizados, mediante un proceso innovador, sostenible y responsable.<\/p>\n<p>[\/et_pb_text][\/et_pb_column][et_pb_column type=\u00bb3_5&#8243; _builder_version=\u00bb4.20.4&#8243; _module_preset=\u00bbdefault\u00bb global_colors_info=\u00bb{}\u00bb][et_pb_code _builder_version=\u00bb4.20.4&#8243; _module_preset=\u00bbdefault\u00bb scroll_horizontal_motion_enable=\u00bbon\u00bb scroll_horizontal_motion=\u00bb0|50|50|100|4|0|0&#8243; global_colors_info=\u00bb{}\u00bb]<div class=\"epyt-video-wrapper\"><iframe  id=\"_ytid_85103\"  width=\"1080\" height=\"607\"  data-origwidth=\"1080\" data-origheight=\"607\" src=\"https:\/\/www.youtube.com\/embed\/x8B7P-rVzi4?enablejsapi=1&autoplay=0&cc_load_policy=0&cc_lang_pref=&iv_load_policy=1&loop=1&playlist=x8B7P-rVzi4&rel=-1&fs=1&playsinline=1&autohide=2&theme=dark&color=red&controls=1&disablekb=0&\" class=\"__youtube_prefs__  no-lazyload\" data-vol=\"0\"  data-epautoplay=\"1\"  title=\"YouTube player\"  allow=\"fullscreen; accelerometer; autoplay; clipboard-write; encrypted-media; gyroscope; picture-in-picture; web-share\" referrerpolicy=\"strict-origin-when-cross-origin\" allowfullscreen data-no-lazy=\"1\" data-skipgform_ajax_framebjll=\"\"><\/iframe><\/div>[\/et_pb_code][\/et_pb_column][\/et_pb_row][\/et_pb_section][et_pb_section fb_built=\u00bb1&#8243; _builder_version=\u00bb4.19.5&#8243; _module_preset=\u00bbdefault\u00bb background_color=\u00bbRGBA(255,255,255,0)\u00bb custom_padding=\u00bb||0px||false|false\u00bb locked=\u00bboff\u00bb global_colors_info=\u00bb{}\u00bb][et_pb_row column_structure=\u00bb2_5,3_5&#8243; make_equal=\u00bbon\u00bb _builder_version=\u00bb4.19.5&#8243; _module_preset=\u00bbdefault\u00bb custom_css_main_element=\u00bbalign-items:center;\u00bb global_colors_info=\u00bb{}\u00bb][et_pb_column type=\u00bb2_5&#8243; _builder_version=\u00bb4.19.5&#8243; _module_preset=\u00bbdefault\u00bb global_colors_info=\u00bb{}\u00bb][dsm_perspective_image src=\u00bbhttps:\/\/tonello.com\/wp-content\/uploads\/2023\/03\/Crop_Ozone_2.jpeg\u00bb title_text=\u00bbCrop_Ozone_2&#8243; _builder_version=\u00bb4.19.5&#8243; _module_preset=\u00bbdefault\u00bb global_colors_info=\u00bb{}\u00bb][\/dsm_perspective_image][\/et_pb_column][et_pb_column type=\u00bb3_5&#8243; _builder_version=\u00bb4.19.5&#8243; _module_preset=\u00bbdefault\u00bb background_enable_image=\u00bboff\u00bb global_colors_info=\u00bb{}\u00bb][et_pb_text _builder_version=\u00bb4.19.5&#8243; _module_preset=\u00bbdefault\u00bb header_2_text_color=\u00bb#009FE3&#8243; header_3_text_color=\u00bb#009FE3&#8243; global_colors_info=\u00bb{}\u00bb]<\/p>\n<h3><strong>Todas las ventajas de O-ZONE:<\/strong><\/h3>\n<p>[\/et_pb_text][et_pb_text _builder_version=\u00bb4.19.5&#8243; _module_preset=\u00bbdefault\u00bb text_text_color=\u00bb#000000&#8243; global_colors_info=\u00bb{}\u00bb]<\/p>\n<ul>\n<li>\n<p><strong>Nuevas y sorprendentes est\u00e9ticas<\/strong> como efectos PP, d\u00e9grad\u00e9, y looks descoloridos por el sol<\/p>\n<\/li>\n<li>\n<p>Proceso flexible, r\u00e1pido y seguro que puede controlarse completamente mediante una pantalla Touch Screen<\/p>\n<\/li>\n<li>\n<p>Dise\u00f1ado para peque\u00f1as producciones e <strong>ideal para hacer experimentos e investigaci\u00f3n<\/strong> directamente en la prenda<\/p>\n<\/li>\n<li>\n<p>Desarrollado en colaboraci\u00f3n con <a href=\"https:\/\/www.candianidenim.it\/\">Candiani Denim<\/a>, \u201cThe Greenest Mill in the Blue World\u201d<\/p>\n<\/li>\n<\/ul>\n<p>[\/et_pb_text][\/et_pb_column][\/et_pb_row][\/et_pb_section][et_pb_section fb_built=\u00bb1&#8243; _builder_version=\u00bb4.19.5&#8243; _module_preset=\u00bbdefault\u00bb background_color=\u00bb#F2F2F2&#8243; locked=\u00bboff\u00bb global_colors_info=\u00bb{}\u00bb][et_pb_row _builder_version=\u00bb4.19.5&#8243; _module_preset=\u00bbdefault\u00bb global_colors_info=\u00bb{}\u00bb][et_pb_column type=\u00bb4_4&#8243; _builder_version=\u00bb4.19.5&#8243; _module_preset=\u00bbdefault\u00bb global_colors_info=\u00bb{}\u00bb][et_pb_text _builder_version=\u00bb4.19.5&#8243; _module_preset=\u00bbdefault\u00bb text_font=\u00bb|300|||||||\u00bb text_text_color=\u00bb#6B6B6B\u00bb text_font_size=\u00bb1.4em\u00bb text_line_height=\u00bb1.2em\u00bb header_2_text_color=\u00bb#009FE3&#8243; header_3_text_color=\u00bb#009FE3&#8243; text_orientation=\u00bbcenter\u00bb global_colors_info=\u00bb{}\u00bb]<\/p>\n<h2 style=\"text-align: left\">SEG\u00daN ALBERTO RIGO, DIRECTOR DE LAVANDER\u00cdA DE CANDIANI DENIM:<\/h2>\n<p>[\/et_pb_text][et_pb_text _builder_version=\u00bb4.19.5&#8243; _module_preset=\u00bbdefault\u00bb global_colors_info=\u00bb{}\u00bb]<\/p>\n<blockquote>\n<p><em>\u201cEl nuevo armario O-Zone de Tonello es la demostraci\u00f3n perfecta de c\u00f3mo la investigaci\u00f3n y la colaboraci\u00f3n entre empresas l\u00edderes pueden dar lugar a una verdadera innovaci\u00f3n, siempre impulsada por la sostenibilidad.<\/em><\/p>\n<p><em>Como departamento de I+D de prendas de Candiani Denim, hemos tenido el placer de colaborar en el nacimiento, desarrollo y puesta a punto de esta nueva tecnolog\u00eda.<\/em><\/p>\n<p><em>Los resultados son simplemente asombrosos, es un \u00e9xito logrado gracias a una visi\u00f3n com\u00fan, una filosof\u00eda compartida y una complementariedad natural entre nuestras dos empresas.<\/em><\/p>\n<p><em>Podemos decir sin duda que hemos abierto el camino a una nueva forma de aplicar el ozono. De hecho, O-Zone nos permite obtener efectos de lavado y decoloraci\u00f3n completamente nuevos y sostenibles.<\/em><\/p>\n<p><em>Este proyecto representa el presente y el futuro de nuestra filosof\u00eda y ser\u00e1 una gran evoluci\u00f3n del tratamiento de el denim\u201d.<\/em><\/p>\n<\/blockquote>\n<p>[\/et_pb_text][\/et_pb_column][\/et_pb_row][et_pb_row column_structure=\u00bb1_3,1_3,1_3&#8243; _builder_version=\u00bb4.19.5&#8243; _module_preset=\u00bbdefault\u00bb global_colors_info=\u00bb{}\u00bb][et_pb_column type=\u00bb1_3&#8243; _builder_version=\u00bb4.19.5&#8243; _module_preset=\u00bbdefault\u00bb global_colors_info=\u00bb{}\u00bb][et_pb_image src=\u00bbhttps:\/\/tonello.com\/wp-content\/uploads\/2023\/03\/O_ZONE4.jpeg\u00bb title_text=\u00bbO_ZONE4&#8243; _builder_version=\u00bb4.19.5&#8243; _module_preset=\u00bbdefault\u00bb global_colors_info=\u00bb{}\u00bb][\/et_pb_image][\/et_pb_column][et_pb_column type=\u00bb1_3&#8243; _builder_version=\u00bb4.19.5&#8243; _module_preset=\u00bbdefault\u00bb global_colors_info=\u00bb{}\u00bb][et_pb_image src=\u00bbhttps:\/\/tonello.com\/wp-content\/uploads\/2023\/03\/O_ZONE1.jpeg\u00bb title_text=\u00bbO_ZONE1&#8243; _builder_version=\u00bb4.19.5&#8243; _module_preset=\u00bbdefault\u00bb global_colors_info=\u00bb{}\u00bb][\/et_pb_image][\/et_pb_column][et_pb_column type=\u00bb1_3&#8243; _builder_version=\u00bb4.19.5&#8243; _module_preset=\u00bbdefault\u00bb global_colors_info=\u00bb{}\u00bb][et_pb_image src=\u00bbhttps:\/\/tonello.com\/wp-content\/uploads\/2023\/03\/O_ZONE3.jpeg\u00bb title_text=\u00bbO_ZONE3&#8243; _builder_version=\u00bb4.19.5&#8243; _module_preset=\u00bbdefault\u00bb global_colors_info=\u00bb{}\u00bb][\/et_pb_image][\/et_pb_column][\/et_pb_row][\/et_pb_section]<\/p>\n","protected":false},"excerpt":{"rendered":"<p>o-zonela dimensi\u00f3n creativa del ozonoO-zone es el nuevo armario est\u00e1tico de Tonello que, utilizando s\u00f3lo ozono, permite obtener efectos est\u00e9ticos \u00fanicos y personalizables, como decoloraciones y blanqueos localizados, mediante un proceso innovador, sostenible y responsable.<div class=\"epyt-video-wrapper\"><iframe  id=\"_ytid_81127\"  width=\"1080\" height=\"607\"  data-origwidth=\"1080\" data-origheight=\"607\" src=\"https:\/\/www.youtube.com\/embed\/x8B7P-rVzi4?enablejsapi=1&autoplay=0&cc_load_policy=0&cc_lang_pref=&iv_load_policy=1&loop=1&playlist=x8B7P-rVzi4&rel=-1&fs=1&playsinline=1&autohide=2&theme=dark&color=red&controls=1&disablekb=0&\" class=\"__youtube_prefs__  no-lazyload\" data-vol=\"0\"  data-epautoplay=\"1\"  title=\"YouTube player\"  allow=\"fullscreen; accelerometer; autoplay; clipboard-write; encrypted-media; gyroscope; picture-in-picture; web-share\" referrerpolicy=\"strict-origin-when-cross-origin\" allowfullscreen data-no-lazy=\"1\" data-skipgform_ajax_framebjll=\"\"><\/iframe><\/div><div class=\"et_pb_module dsm_perspective_image dsm_perspective_image_0\">\n\t\t\t\t\n\t\t\t\t\n\t\t\t\t\n\t\t\t\t\n\t\t\t\t\n\t\t\t\t\n\t\t\t\t<div class=\"et_pb_module_inner\">\n\t\t\t\t\t<div class=\"dsm-perspective-image-wrapper et_always_center_on_mobile\">\n\t\t\t\t\n\t\t\t\t\n\t\t\t\t<span class=\"et_pb_image_wrap \"><img decoding=\"async\" src=\"https:\/\/tonello.com\/wp-content\/uploads\/2023\/03\/Crop_Ozone_2.jpeg\" alt=\"\" title=\"Crop_Ozone_2\" \/><\/span>\n\t\t\t<\/div>\n\t\t\t\t<\/div>\n\t\t\t<\/div>Todas las ventajas de O-ZONE: Nuevas y sorprendentes est\u00e9ticas como efectos PP, d\u00e9grad\u00e9, y looks descoloridos [&hellip;]<\/p>\n","protected":false},"author":1,"featured_media":0,"parent":0,"menu_order":0,"comment_status":"closed","ping_status":"closed","template":"","meta":{"_acf_changed":false,"_et_pb_use_builder":"on","_et_pb_old_content":"","_et_gb_content_width":"","footnotes":""},"class_list":["post-1596","page","type-page","status-publish","hentry"],"acf":[],"yoast_head":"<!-- This site is optimized with the Yoast SEO plugin v26.8 - https:\/\/yoast.com\/product\/yoast-seo-wordpress\/ -->\n<title>O-Zone - Tonello<\/title>\n<meta name=\"robots\" content=\"index, follow, max-snippet:-1, max-image-preview:large, max-video-preview:-1\" \/>\n<link rel=\"canonical\" href=\"https:\/\/tonello.com\/es\/o-zone\/\" \/>\n<meta property=\"og:locale\" content=\"es_ES\" \/>\n<meta property=\"og:type\" content=\"article\" \/>\n<meta property=\"og:title\" content=\"O-Zone - Tonello\" \/>\n<meta property=\"og:description\" content=\"o-zonela dimensi\u00f3n creativa del ozonoO-zone es el nuevo armario est\u00e1tico de Tonello que, utilizando s\u00f3lo ozono, permite obtener efectos est\u00e9ticos \u00fanicos y personalizables, como decoloraciones y blanqueos localizados, mediante un proceso innovador, sostenible y responsable.Todas las ventajas de O-ZONE: Nuevas y sorprendentes est\u00e9ticas como efectos PP, d\u00e9grad\u00e9, y looks descoloridos [&hellip;]\" \/>\n<meta property=\"og:url\" content=\"https:\/\/tonello.com\/es\/o-zone\/\" \/>\n<meta property=\"og:site_name\" content=\"Tonello\" \/>\n<meta property=\"article:publisher\" content=\"https:\/\/www.facebook.com\/tonellosrl\/\" \/>\n<meta property=\"article:modified_time\" content=\"2024-05-21T07:15:50+00:00\" \/>\n<meta name=\"twitter:card\" content=\"summary_large_image\" \/>\n<meta name=\"twitter:label1\" content=\"Tiempo de lectura\" \/>\n\t<meta name=\"twitter:data1\" content=\"3 minutos\" \/>\n<script type=\"application\/ld+json\" class=\"yoast-schema-graph\">{\"@context\":\"https:\/\/schema.org\",\"@graph\":[{\"@type\":\"WebPage\",\"@id\":\"https:\/\/tonello.com\/es\/o-zone\/\",\"url\":\"https:\/\/tonello.com\/es\/o-zone\/\",\"name\":\"O-Zone - Tonello\",\"isPartOf\":{\"@id\":\"https:\/\/tonello.com\/es\/#website\"},\"datePublished\":\"2023-03-20T13:52:57+00:00\",\"dateModified\":\"2024-05-21T07:15:50+00:00\",\"breadcrumb\":{\"@id\":\"https:\/\/tonello.com\/es\/o-zone\/#breadcrumb\"},\"inLanguage\":\"es\",\"potentialAction\":[{\"@type\":\"ReadAction\",\"target\":[\"https:\/\/tonello.com\/es\/o-zone\/\"]}]},{\"@type\":\"BreadcrumbList\",\"@id\":\"https:\/\/tonello.com\/es\/o-zone\/#breadcrumb\",\"itemListElement\":[{\"@type\":\"ListItem\",\"position\":1,\"name\":\"Home\",\"item\":\"https:\/\/tonello.com\/es\/\"},{\"@type\":\"ListItem\",\"position\":2,\"name\":\"O-Zone\"}]},{\"@type\":\"WebSite\",\"@id\":\"https:\/\/tonello.com\/es\/#website\",\"url\":\"https:\/\/tonello.com\/es\/\",\"name\":\"Tonello S.r.l.\",\"description\":\"\",\"publisher\":{\"@id\":\"https:\/\/tonello.com\/es\/#organization\"},\"potentialAction\":[{\"@type\":\"SearchAction\",\"target\":{\"@type\":\"EntryPoint\",\"urlTemplate\":\"https:\/\/tonello.com\/es\/?s={search_term_string}\"},\"query-input\":{\"@type\":\"PropertyValueSpecification\",\"valueRequired\":true,\"valueName\":\"search_term_string\"}}],\"inLanguage\":\"es\"},{\"@type\":\"Organization\",\"@id\":\"https:\/\/tonello.com\/es\/#organization\",\"name\":\"Tonello S.r.l.\",\"url\":\"https:\/\/tonello.com\/es\/\",\"logo\":{\"@type\":\"ImageObject\",\"inLanguage\":\"es\",\"@id\":\"https:\/\/tonello.com\/es\/#\/schema\/logo\/image\/\",\"url\":\"https:\/\/tonello.com\/wp-content\/uploads\/2023\/03\/Tonello_Logo_Claim.png\",\"contentUrl\":\"https:\/\/tonello.com\/wp-content\/uploads\/2023\/03\/Tonello_Logo_Claim.png\",\"width\":490,\"height\":155,\"caption\":\"Tonello S.r.l.\"},\"image\":{\"@id\":\"https:\/\/tonello.com\/es\/#\/schema\/logo\/image\/\"},\"sameAs\":[\"https:\/\/www.facebook.com\/tonellosrl\/\",\"https:\/\/it.linkedin.com\/company\/tonello-s.r.l.\"]}]}<\/script>\n<!-- \/ Yoast SEO plugin. -->","yoast_head_json":{"title":"O-Zone - Tonello","robots":{"index":"index","follow":"follow","max-snippet":"max-snippet:-1","max-image-preview":"max-image-preview:large","max-video-preview":"max-video-preview:-1"},"canonical":"https:\/\/tonello.com\/es\/o-zone\/","og_locale":"es_ES","og_type":"article","og_title":"O-Zone - Tonello","og_description":"o-zonela dimensi\u00f3n creativa del ozonoO-zone es el nuevo armario est\u00e1tico de Tonello que, utilizando s\u00f3lo ozono, permite obtener efectos est\u00e9ticos \u00fanicos y personalizables, como decoloraciones y blanqueos localizados, mediante un proceso innovador, sostenible y responsable.Todas las ventajas de O-ZONE: Nuevas y sorprendentes est\u00e9ticas como efectos PP, d\u00e9grad\u00e9, y looks descoloridos [&hellip;]","og_url":"https:\/\/tonello.com\/es\/o-zone\/","og_site_name":"Tonello","article_publisher":"https:\/\/www.facebook.com\/tonellosrl\/","article_modified_time":"2024-05-21T07:15:50+00:00","twitter_card":"summary_large_image","twitter_misc":{"Tiempo de lectura":"3 minutos"},"schema":{"@context":"https:\/\/schema.org","@graph":[{"@type":"WebPage","@id":"https:\/\/tonello.com\/es\/o-zone\/","url":"https:\/\/tonello.com\/es\/o-zone\/","name":"O-Zone - Tonello","isPartOf":{"@id":"https:\/\/tonello.com\/es\/#website"},"datePublished":"2023-03-20T13:52:57+00:00","dateModified":"2024-05-21T07:15:50+00:00","breadcrumb":{"@id":"https:\/\/tonello.com\/es\/o-zone\/#breadcrumb"},"inLanguage":"es","potentialAction":[{"@type":"ReadAction","target":["https:\/\/tonello.com\/es\/o-zone\/"]}]},{"@type":"BreadcrumbList","@id":"https:\/\/tonello.com\/es\/o-zone\/#breadcrumb","itemListElement":[{"@type":"ListItem","position":1,"name":"Home","item":"https:\/\/tonello.com\/es\/"},{"@type":"ListItem","position":2,"name":"O-Zone"}]},{"@type":"WebSite","@id":"https:\/\/tonello.com\/es\/#website","url":"https:\/\/tonello.com\/es\/","name":"Tonello S.r.l.","description":"","publisher":{"@id":"https:\/\/tonello.com\/es\/#organization"},"potentialAction":[{"@type":"SearchAction","target":{"@type":"EntryPoint","urlTemplate":"https:\/\/tonello.com\/es\/?s={search_term_string}"},"query-input":{"@type":"PropertyValueSpecification","valueRequired":true,"valueName":"search_term_string"}}],"inLanguage":"es"},{"@type":"Organization","@id":"https:\/\/tonello.com\/es\/#organization","name":"Tonello S.r.l.","url":"https:\/\/tonello.com\/es\/","logo":{"@type":"ImageObject","inLanguage":"es","@id":"https:\/\/tonello.com\/es\/#\/schema\/logo\/image\/","url":"https:\/\/tonello.com\/wp-content\/uploads\/2023\/03\/Tonello_Logo_Claim.png","contentUrl":"https:\/\/tonello.com\/wp-content\/uploads\/2023\/03\/Tonello_Logo_Claim.png","width":490,"height":155,"caption":"Tonello S.r.l."},"image":{"@id":"https:\/\/tonello.com\/es\/#\/schema\/logo\/image\/"},"sameAs":["https:\/\/www.facebook.com\/tonellosrl\/","https:\/\/it.linkedin.com\/company\/tonello-s.r.l."]}]}},"_links":{"self":[{"href":"https:\/\/tonello.com\/es\/wp-json\/wp\/v2\/pages\/1596","targetHints":{"allow":["GET"]}}],"collection":[{"href":"https:\/\/tonello.com\/es\/wp-json\/wp\/v2\/pages"}],"about":[{"href":"https:\/\/tonello.com\/es\/wp-json\/wp\/v2\/types\/page"}],"author":[{"embeddable":true,"href":"https:\/\/tonello.com\/es\/wp-json\/wp\/v2\/users\/1"}],"replies":[{"embeddable":true,"href":"https:\/\/tonello.com\/es\/wp-json\/wp\/v2\/comments?post=1596"}],"version-history":[{"count":9,"href":"https:\/\/tonello.com\/es\/wp-json\/wp\/v2\/pages\/1596\/revisions"}],"predecessor-version":[{"id":3565,"href":"https:\/\/tonello.com\/es\/wp-json\/wp\/v2\/pages\/1596\/revisions\/3565"}],"wp:attachment":[{"href":"https:\/\/tonello.com\/es\/wp-json\/wp\/v2\/media?parent=1596"}],"curies":[{"name":"wp","href":"https:\/\/api.w.org\/{rel}","templated":true}]}}