{"id":1602,"date":"2023-03-20T14:39:29","date_gmt":"2023-03-20T13:39:29","guid":{"rendered":"https:\/\/tonello.com\/obleach\/"},"modified":"2023-05-23T16:49:23","modified_gmt":"2023-05-23T14:49:23","slug":"obleach","status":"publish","type":"page","link":"https:\/\/tonello.com\/es\/obleach\/","title":{"rendered":"OBleach"},"content":{"rendered":"<p>[et_pb_section fb_built=\u00bb1&#8243; _builder_version=\u00bb4.20.4&#8243; _module_preset=\u00bbdefault\u00bb background_enable_color=\u00bboff\u00bb background_enable_image=\u00bboff\u00bb background_blend=\u00bboverlay\u00bb custom_padding=\u00bb0px||0px||true|false\u00bb locked=\u00bboff\u00bb global_colors_info=\u00bb{}\u00bb][et_pb_row _builder_version=\u00bb4.20.4&#8243; _module_preset=\u00bbdefault\u00bb width=\u00bb90%\u00bb custom_padding=\u00bb||||false|false\u00bb scroll_horizontal_motion=\u00bb0|50|50|100|0|0|-5&#8243; global_colors_info=\u00bb{}\u00bb][et_pb_column type=\u00bb4_4&#8243; _builder_version=\u00bb4.19.5&#8243; _module_preset=\u00bbdefault\u00bb global_colors_info=\u00bb{}\u00bb][et_pb_text _builder_version=\u00bb4.20.4&#8243; _module_preset=\u00bbdefault\u00bb text_text_color=\u00bb#F2F2F2&#8243; text_font_size=\u00bb1.4em\u00bb text_line_height=\u00bb1.2em\u00bb header_2_font=\u00bb|||on|||||\u00bb header_2_text_align=\u00bbcenter\u00bb header_2_text_color=\u00bb#0C71C3&#8243; header_2_font_size=\u00bb7em\u00bb header_2_letter_spacing=\u00bb6px\u00bb text_orientation=\u00bbcenter\u00bb custom_margin=\u00bb||-4px||false|false\u00bb animation_style=\u00bbslide\u00bb animation_direction=\u00bbbottom\u00bb animation_intensity_slide=\u00bb75%\u00bb animation_speed_curve=\u00bbease\u00bb header_2_font_size_tablet=\u00bb7em\u00bb header_2_font_size_phone=\u00bb2em\u00bb header_2_font_size_last_edited=\u00bbon|phone\u00bb global_colors_info=\u00bb{}\u00bb]<\/p>\n<h2>OBLEACH<\/h2>\n<p>[\/et_pb_text][et_pb_text _builder_version=\u00bb4.20.4&#8243; _module_preset=\u00bbdefault\u00bb text_text_color=\u00bb#F2F2F2&#8243; text_font_size=\u00bb1.4em\u00bb text_line_height=\u00bb1.2em\u00bb header_font=\u00bb|||on|||||\u00bb header_text_color=\u00bb#000000&#8243; text_orientation=\u00bbcenter\u00bb custom_margin=\u00bb||||false|false\u00bb animation_style=\u00bbslide\u00bb animation_direction=\u00bbtop\u00bb animation_delay=\u00bb500ms\u00bb scroll_blur=\u00bb0|40|60|100|50px|0px|10px\u00bb header_font_size_tablet=\u00bb\u00bb header_font_size_phone=\u00bb25px\u00bb header_font_size_last_edited=\u00bbon|phone\u00bb global_colors_info=\u00bb{}\u00bb]<\/p>\n<h1>EL VERDADERO BLEACH SIN BLEACH<\/h1>\n<p>[\/et_pb_text][\/et_pb_column][\/et_pb_row][\/et_pb_section][et_pb_section fb_built=\u00bb1&#8243; _builder_version=\u00bb4.20.4&#8243; _module_preset=\u00bbdefault\u00bb custom_padding=\u00bb0px||||false|false\u00bb locked=\u00bboff\u00bb global_colors_info=\u00bb{}\u00bb][et_pb_row _builder_version=\u00bb4.20.4&#8243; _module_preset=\u00bbdefault\u00bb width=\u00bb90%\u00bb max_width=\u00bb90%\u00bb custom_padding=\u00bb0px||0px||true|false\u00bb global_colors_info=\u00bb{}\u00bb][et_pb_column type=\u00bb4_4&#8243; _builder_version=\u00bb4.20.4&#8243; _module_preset=\u00bbdefault\u00bb global_colors_info=\u00bb{}\u00bb][et_pb_divider show_divider=\u00bboff\u00bb _builder_version=\u00bb4.20.4&#8243; _module_preset=\u00bbdefault\u00bb background_image=\u00bbhttps:\/\/tonello.com\/wp-content\/uploads\/2023\/03\/TONELLO_OBleach_2.jpeg\u00bb min_height=\u00bb400px\u00bb animation_style=\u00bbzoom\u00bb scroll_horizontal_motion=\u00bb0|50|50|100|4|2|0&#8243; scroll_blur=\u00bb0|40|60|100|50px|0px|0px\u00bb global_colors_info=\u00bb{}\u00bb][\/et_pb_divider][\/et_pb_column][\/et_pb_row][\/et_pb_section][et_pb_section fb_built=\u00bb1&#8243; disabled_on=\u00bbon|on|on\u00bb _builder_version=\u00bb4.19.5&#8243; _module_preset=\u00bbdefault\u00bb background_color=\u00bb#3D3D3D\u00bb background_image=\u00bbhttps:\/\/tonello.com\/wp-content\/uploads\/2023\/03\/TONELLO_OBleach_2.jpeg\u00bb background_blend=\u00bboverlay\u00bb custom_padding=\u00bb0px||0px||true|false\u00bb disabled=\u00bbon\u00bb locked=\u00bboff\u00bb global_colors_info=\u00bb{}\u00bb][et_pb_row _builder_version=\u00bb4.19.5&#8243; _module_preset=\u00bbdefault\u00bb width=\u00bb90%\u00bb custom_padding=\u00bb70px|||||\u00bb global_colors_info=\u00bb{}\u00bb][et_pb_column type=\u00bb4_4&#8243; _builder_version=\u00bb4.19.5&#8243; _module_preset=\u00bbdefault\u00bb global_colors_info=\u00bb{}\u00bb][et_pb_text _builder_version=\u00bb4.19.5&#8243; _module_preset=\u00bbdefault\u00bb text_text_color=\u00bb#F2F2F2&#8243; text_font_size=\u00bb1.4em\u00bb text_line_height=\u00bb1.2em\u00bb header_2_font=\u00bb|800||on|||||\u00bb header_2_text_align=\u00bbcenter\u00bb header_2_text_color=\u00bb#0C71C3&#8243; header_2_font_size=\u00bb7em\u00bb header_2_letter_spacing=\u00bb6px\u00bb text_orientation=\u00bbcenter\u00bb custom_margin=\u00bb||-4px||false|false\u00bb header_2_font_size_tablet=\u00bb7em\u00bb header_2_font_size_phone=\u00bb2em\u00bb header_2_font_size_last_edited=\u00bbon|phone\u00bb global_colors_info=\u00bb{}\u00bb]<\/p>\n<h2>OBLEACH<\/h2>\n<p>[\/et_pb_text][et_pb_text _builder_version=\u00bb4.19.5&#8243; _module_preset=\u00bbdefault\u00bb text_text_color=\u00bb#F2F2F2&#8243; text_font_size=\u00bb1.4em\u00bb text_line_height=\u00bb1.2em\u00bb header_text_color=\u00bb#FFFFFF\u00bb text_orientation=\u00bbcenter\u00bb custom_margin=\u00bb||40px||false|false\u00bb header_font_size_tablet=\u00bb\u00bb header_font_size_phone=\u00bb25px\u00bb header_font_size_last_edited=\u00bbon|phone\u00bb global_colors_info=\u00bb{}\u00bb]<\/p>\n<h1>EL VERDADERO BLEACH SIN BLEACH<\/h1>\n<p>[\/et_pb_text][\/et_pb_column][\/et_pb_row][\/et_pb_section][et_pb_section fb_built=\u00bb1&#8243; _builder_version=\u00bb4.19.5&#8243; _module_preset=\u00bbdefault\u00bb background_color=\u00bb#F2F2F2&#8243; locked=\u00bboff\u00bb global_colors_info=\u00bb{}\u00bb][et_pb_row _builder_version=\u00bb4.19.5&#8243; _module_preset=\u00bbdefault\u00bb global_colors_info=\u00bb{}\u00bb][et_pb_column type=\u00bb4_4&#8243; _builder_version=\u00bb4.19.5&#8243; _module_preset=\u00bbdefault\u00bb global_colors_info=\u00bb{}\u00bb][et_pb_text _builder_version=\u00bb4.19.5&#8243; _module_preset=\u00bbdefault\u00bb text_font=\u00bb|300|||||||\u00bb text_text_color=\u00bb#6B6B6B\u00bb text_font_size=\u00bb1.4em\u00bb text_line_height=\u00bb1.2em\u00bb header_3_text_color=\u00bb#009FE3&#8243; text_orientation=\u00bbcenter\u00bb global_colors_info=\u00bb{}\u00bb]<\/p>\n<p>OBLEACH ES EL NUEVO PROCESO PATENTADO POR TONELLO QUE, UTILIZANDO S\u00d3LO EL OZONO, \u00abVUELVE AL FUTURO\u00bb DE UN BLEACH AUT\u00c9NTICO, SOSTENIBLE \u2013 PORQUE ELIMINA EL CLORO Y EL PERMANGANATO, RESPETA LA FIBRA DE LAS PRENDAS Y EL PLANETA \u2013 Y DECIDIDAMENTE COOL, GRACIAS A <strong>EFECTOS AUT\u00c9NTICOS, CONTRASTADOS Y REPRODUCIBLES.<\/strong><\/p>\n<p>[\/et_pb_text][\/et_pb_column][\/et_pb_row][\/et_pb_section][et_pb_section fb_built=\u00bb1&#8243; _builder_version=\u00bb4.19.5&#8243; _module_preset=\u00bbdefault\u00bb background_color=\u00bb#FFFFFF\u00bb locked=\u00bboff\u00bb global_colors_info=\u00bb{}\u00bb][et_pb_row column_structure=\u00bb1_4,1_4,1_4,1_4&#8243; _builder_version=\u00bb4.19.5&#8243; _module_preset=\u00bbdefault\u00bb global_colors_info=\u00bb{}\u00bb][et_pb_column type=\u00bb1_4&#8243; _builder_version=\u00bb4.19.5&#8243; _module_preset=\u00bbdefault\u00bb global_colors_info=\u00bb{}\u00bb][et_pb_blurb title=\u00bbBleach sostenible con ozono (sin PP, sin cloro)\u00bb image=\u00bbhttps:\/\/tonello.com\/wp-content\/uploads\/2023\/03\/sustainable_ozone_small.png\u00bb _builder_version=\u00bb4.19.5&#8243; _module_preset=\u00bbdefault\u00bb header_font=\u00bb|300|||||||\u00bb header_text_align=\u00bbcenter\u00bb global_colors_info=\u00bb{}\u00bb][\/et_pb_blurb][\/et_pb_column][et_pb_column type=\u00bb1_4&#8243; _builder_version=\u00bb4.19.5&#8243; _module_preset=\u00bbdefault\u00bb global_colors_info=\u00bb{}\u00bb][et_pb_blurb title=\u00bbEfectos aut\u00e9nticos con gran contraste\u00bb image=\u00bbhttps:\/\/tonello.com\/wp-content\/uploads\/2023\/03\/autentic_effect_small.png\u00bb _builder_version=\u00bb4.19.5&#8243; _module_preset=\u00bbdefault\u00bb header_font=\u00bb|300|||||||\u00bb header_text_align=\u00bbcenter\u00bb global_colors_info=\u00bb{}\u00bb][\/et_pb_blurb][\/et_pb_column][et_pb_column type=\u00bb1_4&#8243; _builder_version=\u00bb4.19.5&#8243; _module_preset=\u00bbdefault\u00bb global_colors_info=\u00bb{}\u00bb][et_pb_blurb title=\u00bbRespeto por la fibra y el planeta, gracias a un proceso a temperatura ambiente\u00bb image=\u00bbhttps:\/\/tonello.com\/wp-content\/uploads\/2023\/03\/room_temperature_small.png\u00bb _builder_version=\u00bb4.19.5&#8243; _module_preset=\u00bbdefault\u00bb header_font=\u00bb|300|||||||\u00bb header_text_align=\u00bbcenter\u00bb global_colors_info=\u00bb{}\u00bb][\/et_pb_blurb][\/et_pb_column][et_pb_column type=\u00bb1_4&#8243; _builder_version=\u00bb4.19.5&#8243; _module_preset=\u00bbdefault\u00bb global_colors_info=\u00bb{}\u00bb][et_pb_blurb title=\u00bbM\u00e1xima reproducibilidad, permitida por la tecnolog\u00eda\u00bb image=\u00bbhttps:\/\/tonello.com\/wp-content\/uploads\/2023\/03\/icona_obleach.png\u00bb _builder_version=\u00bb4.19.5&#8243; _module_preset=\u00bbdefault\u00bb header_font=\u00bb|300|||||||\u00bb header_text_align=\u00bbcenter\u00bb global_colors_info=\u00bb{}\u00bb][\/et_pb_blurb][\/et_pb_column][\/et_pb_row][et_pb_row _builder_version=\u00bb4.19.5&#8243; _module_preset=\u00bbdefault\u00bb locked=\u00bboff\u00bb global_colors_info=\u00bb{}\u00bb][et_pb_column type=\u00bb4_4&#8243; _builder_version=\u00bb4.19.5&#8243; _module_preset=\u00bbdefault\u00bb global_colors_info=\u00bb{}\u00bb][et_pb_text _builder_version=\u00bb4.19.5&#8243; _module_preset=\u00bbdefault\u00bb text_font=\u00bb||||||||\u00bb text_font_size=\u00bb25px\u00bb text_line_height=\u00bb1.5em\u00bb global_colors_info=\u00bb{}\u00bb]<\/p>\n<p style=\"text-align: center\">EL PROCESO OBLEACH EST\u00c1 INTEGRADO EN EL <strong>SISTEMA ALL-IN-ONE<\/strong>, UNA \u00daNICA M\u00c1QUINA QUE COMBINA LAS \u00daLTIMAS TECNOLOG\u00cdAS DE ACABADO: <a href=\"https:\/\/tonello.com\/es\/component\/ego\/\">EGO<\/a>, <a href=\"https:\/\/tonello.com\/es\/component\/nostone\/\">NOSTONE\u00ae<\/a>, <a href=\"https:\/\/tonello.com\/es\/component\/up\/\">UP<\/a> Y <a href=\"https:\/\/tonello.com\/es\/component\/core-2\/\">CORE<\/a>.<\/p>\n<p>[\/et_pb_text][\/et_pb_column][\/et_pb_row][et_pb_row _builder_version=\u00bb4.19.5&#8243; _module_preset=\u00bbdefault\u00bb global_colors_info=\u00bb{}\u00bb][et_pb_column type=\u00bb4_4&#8243; _builder_version=\u00bb4.19.5&#8243; _module_preset=\u00bbdefault\u00bb global_colors_info=\u00bb{}\u00bb][et_pb_gallery gallery_ids=\u00bb1361,1364,1367,1370&#8243; fullwidth=\u00bbon\u00bb _builder_version=\u00bb4.19.5&#8243; _module_preset=\u00bbdefault\u00bb global_colors_info=\u00bb{}\u00bb][\/et_pb_gallery][\/et_pb_column][\/et_pb_row][\/et_pb_section]<\/p>\n","protected":false},"excerpt":{"rendered":"<p>OBLEACHEL VERDADERO BLEACH SIN BLEACHOBLEACHEL VERDADERO BLEACH SIN BLEACHOBLEACH ES EL NUEVO PROCESO PATENTADO POR TONELLO QUE, UTILIZANDO S\u00d3LO EL OZONO, \u00abVUELVE AL FUTURO\u00bb DE UN BLEACH AUT\u00c9NTICO, SOSTENIBLE \u2013 PORQUE ELIMINA EL CLORO Y EL PERMANGANATO, RESPETA LA FIBRA DE LAS PRENDAS Y EL PLANETA \u2013 Y DECIDIDAMENTE COOL, GRACIAS A EFECTOS AUT\u00c9NTICOS, CONTRASTADOS [&hellip;]<\/p>\n","protected":false},"author":1,"featured_media":0,"parent":0,"menu_order":0,"comment_status":"closed","ping_status":"closed","template":"","meta":{"_acf_changed":false,"_et_pb_use_builder":"on","_et_pb_old_content":"","_et_gb_content_width":"","footnotes":""},"class_list":["post-1602","page","type-page","status-publish","hentry"],"acf":[],"yoast_head":"<!-- This site is optimized with the Yoast SEO plugin v26.8 - https:\/\/yoast.com\/product\/yoast-seo-wordpress\/ -->\n<title>OBleach - Tonello<\/title>\n<meta name=\"robots\" content=\"index, follow, max-snippet:-1, max-image-preview:large, max-video-preview:-1\" \/>\n<link rel=\"canonical\" href=\"https:\/\/tonello.com\/es\/obleach\/\" \/>\n<meta property=\"og:locale\" content=\"es_ES\" \/>\n<meta property=\"og:type\" content=\"article\" \/>\n<meta property=\"og:title\" content=\"OBleach - Tonello\" \/>\n<meta property=\"og:description\" content=\"OBLEACHEL VERDADERO BLEACH SIN BLEACHOBLEACHEL VERDADERO BLEACH SIN BLEACHOBLEACH ES EL NUEVO PROCESO PATENTADO POR TONELLO QUE, UTILIZANDO S\u00d3LO EL OZONO, &quot;VUELVE AL FUTURO&quot; DE UN BLEACH AUT\u00c9NTICO, SOSTENIBLE \u2013 PORQUE ELIMINA EL CLORO Y EL PERMANGANATO, RESPETA LA FIBRA DE LAS PRENDAS Y EL PLANETA \u2013 Y DECIDIDAMENTE COOL, GRACIAS A EFECTOS AUT\u00c9NTICOS, CONTRASTADOS [&hellip;]\" \/>\n<meta property=\"og:url\" content=\"https:\/\/tonello.com\/es\/obleach\/\" \/>\n<meta property=\"og:site_name\" content=\"Tonello\" \/>\n<meta property=\"article:publisher\" content=\"https:\/\/www.facebook.com\/tonellosrl\/\" \/>\n<meta property=\"article:modified_time\" content=\"2023-05-23T14:49:23+00:00\" \/>\n<meta name=\"twitter:card\" content=\"summary_large_image\" \/>\n<meta name=\"twitter:label1\" content=\"Tiempo de lectura\" \/>\n\t<meta name=\"twitter:data1\" content=\"2 minutos\" \/>\n<script type=\"application\/ld+json\" class=\"yoast-schema-graph\">{\"@context\":\"https:\/\/schema.org\",\"@graph\":[{\"@type\":\"WebPage\",\"@id\":\"https:\/\/tonello.com\/es\/obleach\/\",\"url\":\"https:\/\/tonello.com\/es\/obleach\/\",\"name\":\"OBleach - Tonello\",\"isPartOf\":{\"@id\":\"https:\/\/tonello.com\/es\/#website\"},\"datePublished\":\"2023-03-20T13:39:29+00:00\",\"dateModified\":\"2023-05-23T14:49:23+00:00\",\"breadcrumb\":{\"@id\":\"https:\/\/tonello.com\/es\/obleach\/#breadcrumb\"},\"inLanguage\":\"es\",\"potentialAction\":[{\"@type\":\"ReadAction\",\"target\":[\"https:\/\/tonello.com\/es\/obleach\/\"]}]},{\"@type\":\"BreadcrumbList\",\"@id\":\"https:\/\/tonello.com\/es\/obleach\/#breadcrumb\",\"itemListElement\":[{\"@type\":\"ListItem\",\"position\":1,\"name\":\"Home\",\"item\":\"https:\/\/tonello.com\/es\/\"},{\"@type\":\"ListItem\",\"position\":2,\"name\":\"OBleach\"}]},{\"@type\":\"WebSite\",\"@id\":\"https:\/\/tonello.com\/es\/#website\",\"url\":\"https:\/\/tonello.com\/es\/\",\"name\":\"Tonello S.r.l.\",\"description\":\"\",\"publisher\":{\"@id\":\"https:\/\/tonello.com\/es\/#organization\"},\"potentialAction\":[{\"@type\":\"SearchAction\",\"target\":{\"@type\":\"EntryPoint\",\"urlTemplate\":\"https:\/\/tonello.com\/es\/?s={search_term_string}\"},\"query-input\":{\"@type\":\"PropertyValueSpecification\",\"valueRequired\":true,\"valueName\":\"search_term_string\"}}],\"inLanguage\":\"es\"},{\"@type\":\"Organization\",\"@id\":\"https:\/\/tonello.com\/es\/#organization\",\"name\":\"Tonello S.r.l.\",\"url\":\"https:\/\/tonello.com\/es\/\",\"logo\":{\"@type\":\"ImageObject\",\"inLanguage\":\"es\",\"@id\":\"https:\/\/tonello.com\/es\/#\/schema\/logo\/image\/\",\"url\":\"https:\/\/tonello.com\/wp-content\/uploads\/2023\/03\/Tonello_Logo_Claim.png\",\"contentUrl\":\"https:\/\/tonello.com\/wp-content\/uploads\/2023\/03\/Tonello_Logo_Claim.png\",\"width\":490,\"height\":155,\"caption\":\"Tonello S.r.l.\"},\"image\":{\"@id\":\"https:\/\/tonello.com\/es\/#\/schema\/logo\/image\/\"},\"sameAs\":[\"https:\/\/www.facebook.com\/tonellosrl\/\",\"https:\/\/it.linkedin.com\/company\/tonello-s.r.l.\"]}]}<\/script>\n<!-- \/ Yoast SEO plugin. -->","yoast_head_json":{"title":"OBleach - Tonello","robots":{"index":"index","follow":"follow","max-snippet":"max-snippet:-1","max-image-preview":"max-image-preview:large","max-video-preview":"max-video-preview:-1"},"canonical":"https:\/\/tonello.com\/es\/obleach\/","og_locale":"es_ES","og_type":"article","og_title":"OBleach - Tonello","og_description":"OBLEACHEL VERDADERO BLEACH SIN BLEACHOBLEACHEL VERDADERO BLEACH SIN BLEACHOBLEACH ES EL NUEVO PROCESO PATENTADO POR TONELLO QUE, UTILIZANDO S\u00d3LO EL OZONO, \"VUELVE AL FUTURO\" DE UN BLEACH AUT\u00c9NTICO, SOSTENIBLE \u2013 PORQUE ELIMINA EL CLORO Y EL PERMANGANATO, RESPETA LA FIBRA DE LAS PRENDAS Y EL PLANETA \u2013 Y DECIDIDAMENTE COOL, GRACIAS A EFECTOS AUT\u00c9NTICOS, CONTRASTADOS [&hellip;]","og_url":"https:\/\/tonello.com\/es\/obleach\/","og_site_name":"Tonello","article_publisher":"https:\/\/www.facebook.com\/tonellosrl\/","article_modified_time":"2023-05-23T14:49:23+00:00","twitter_card":"summary_large_image","twitter_misc":{"Tiempo de lectura":"2 minutos"},"schema":{"@context":"https:\/\/schema.org","@graph":[{"@type":"WebPage","@id":"https:\/\/tonello.com\/es\/obleach\/","url":"https:\/\/tonello.com\/es\/obleach\/","name":"OBleach - Tonello","isPartOf":{"@id":"https:\/\/tonello.com\/es\/#website"},"datePublished":"2023-03-20T13:39:29+00:00","dateModified":"2023-05-23T14:49:23+00:00","breadcrumb":{"@id":"https:\/\/tonello.com\/es\/obleach\/#breadcrumb"},"inLanguage":"es","potentialAction":[{"@type":"ReadAction","target":["https:\/\/tonello.com\/es\/obleach\/"]}]},{"@type":"BreadcrumbList","@id":"https:\/\/tonello.com\/es\/obleach\/#breadcrumb","itemListElement":[{"@type":"ListItem","position":1,"name":"Home","item":"https:\/\/tonello.com\/es\/"},{"@type":"ListItem","position":2,"name":"OBleach"}]},{"@type":"WebSite","@id":"https:\/\/tonello.com\/es\/#website","url":"https:\/\/tonello.com\/es\/","name":"Tonello S.r.l.","description":"","publisher":{"@id":"https:\/\/tonello.com\/es\/#organization"},"potentialAction":[{"@type":"SearchAction","target":{"@type":"EntryPoint","urlTemplate":"https:\/\/tonello.com\/es\/?s={search_term_string}"},"query-input":{"@type":"PropertyValueSpecification","valueRequired":true,"valueName":"search_term_string"}}],"inLanguage":"es"},{"@type":"Organization","@id":"https:\/\/tonello.com\/es\/#organization","name":"Tonello S.r.l.","url":"https:\/\/tonello.com\/es\/","logo":{"@type":"ImageObject","inLanguage":"es","@id":"https:\/\/tonello.com\/es\/#\/schema\/logo\/image\/","url":"https:\/\/tonello.com\/wp-content\/uploads\/2023\/03\/Tonello_Logo_Claim.png","contentUrl":"https:\/\/tonello.com\/wp-content\/uploads\/2023\/03\/Tonello_Logo_Claim.png","width":490,"height":155,"caption":"Tonello S.r.l."},"image":{"@id":"https:\/\/tonello.com\/es\/#\/schema\/logo\/image\/"},"sameAs":["https:\/\/www.facebook.com\/tonellosrl\/","https:\/\/it.linkedin.com\/company\/tonello-s.r.l."]}]}},"_links":{"self":[{"href":"https:\/\/tonello.com\/es\/wp-json\/wp\/v2\/pages\/1602","targetHints":{"allow":["GET"]}}],"collection":[{"href":"https:\/\/tonello.com\/es\/wp-json\/wp\/v2\/pages"}],"about":[{"href":"https:\/\/tonello.com\/es\/wp-json\/wp\/v2\/types\/page"}],"author":[{"embeddable":true,"href":"https:\/\/tonello.com\/es\/wp-json\/wp\/v2\/users\/1"}],"replies":[{"embeddable":true,"href":"https:\/\/tonello.com\/es\/wp-json\/wp\/v2\/comments?post=1602"}],"version-history":[{"count":9,"href":"https:\/\/tonello.com\/es\/wp-json\/wp\/v2\/pages\/1602\/revisions"}],"predecessor-version":[{"id":2529,"href":"https:\/\/tonello.com\/es\/wp-json\/wp\/v2\/pages\/1602\/revisions\/2529"}],"wp:attachment":[{"href":"https:\/\/tonello.com\/es\/wp-json\/wp\/v2\/media?parent=1602"}],"curies":[{"name":"wp","href":"https:\/\/api.w.org\/{rel}","templated":true}]}}