{"id":1631,"date":"2023-02-22T11:05:57","date_gmt":"2023-02-22T10:05:57","guid":{"rendered":"https:\/\/tonello.com\/we-are-tonello\/"},"modified":"2023-05-23T16:32:32","modified_gmt":"2023-05-23T14:32:32","slug":"we-are-tonello","status":"publish","type":"page","link":"https:\/\/tonello.com\/es\/we-are-tonello\/","title":{"rendered":"We Are Tonello"},"content":{"rendered":"<p>[et_pb_section fb_built=\u00bb1&#8243; _builder_version=\u00bb4.19.5&#8243; _module_preset=\u00bbdefault\u00bb background_color=\u00bb#3D3D3D\u00bb background_image=\u00bbhttps:\/\/tonello.com\/wp-content\/uploads\/2023\/02\/weare_head.jpg\u00bb background_blend=\u00bboverlay\u00bb custom_padding=\u00bb10vh||10vh||true|false\u00bb global_colors_info=\u00bb{}\u00bb][et_pb_row column_structure=\u00bb3_4,1_4&#8243; _builder_version=\u00bb4.19.5&#8243; _module_preset=\u00bbdefault\u00bb global_colors_info=\u00bb{}\u00bb][et_pb_column type=\u00bb3_4&#8243; _builder_version=\u00bb4.19.5&#8243; _module_preset=\u00bbdefault\u00bb global_colors_info=\u00bb{}\u00bb][et_pb_text _builder_version=\u00bb4.20.4&#8243; _module_preset=\u00bbdefault\u00bb header_text_color=\u00bb#FFFFFF\u00bb header_font_size=\u00bb4em\u00bb global_colors_info=\u00bb{}\u00bb]<\/p>\n<h1>We are Tonello\u00a0<\/h1>\n<p>[\/et_pb_text][et_pb_text _builder_version=\u00bb4.19.5&#8243; _module_preset=\u00bbdefault\u00bb text_text_color=\u00bb#F2F2F2&#8243; text_font_size=\u00bb1.2em\u00bb text_line_height=\u00bb1.2em\u00bb global_colors_info=\u00bb{}\u00bb]<\/p>\n<p><span>La tierra donde naces es el hogar de tu alma. Tiene una influencia decisiva en nuestra forma de vivir, pensar, so\u00f1ar e imaginar. Y de hacer empresa, por supuesto.<\/span><\/p>\n<p>[\/et_pb_text][\/et_pb_column][et_pb_column type=\u00bb1_4&#8243; _builder_version=\u00bb4.19.5&#8243; _module_preset=\u00bbdefault\u00bb global_colors_info=\u00bb{}\u00bb][\/et_pb_column][\/et_pb_row][et_pb_row column_structure=\u00bb1_4,3_4&#8243; _builder_version=\u00bb4.19.5&#8243; _module_preset=\u00bbdefault\u00bb global_colors_info=\u00bb{}\u00bb][et_pb_column type=\u00bb1_4&#8243; _builder_version=\u00bb4.19.5&#8243; _module_preset=\u00bbdefault\u00bb global_colors_info=\u00bb{}\u00bb][\/et_pb_column][et_pb_column type=\u00bb3_4&#8243; _builder_version=\u00bb4.19.5&#8243; _module_preset=\u00bbdefault\u00bb global_colors_info=\u00bb{}\u00bb][et_pb_text _builder_version=\u00bb4.19.5&#8243; _module_preset=\u00bbdefault\u00bb text_text_color=\u00bb#FFFFFF\u00bb text_font_size=\u00bb1.4em\u00bb text_line_height=\u00bb1.2em\u00bb text_orientation=\u00bbright\u00bb global_colors_info=\u00bb{}\u00bb]<\/p>\n<p><span>Los latinos lo llamaban<\/span> <strong>\u00abgenius loci\u00bb<\/strong><span>, el esp\u00edritu del lugar.<br \/> Ya hab\u00edan entendido todo.<\/span><\/p>\n<p>[\/et_pb_text][\/et_pb_column][\/et_pb_row][\/et_pb_section][et_pb_section fb_built=\u00bb1&#8243; _builder_version=\u00bb4.19.5&#8243; _module_preset=\u00bbdefault\u00bb custom_padding=\u00bb0px||0px||true|false\u00bb global_colors_info=\u00bb{}\u00bb][et_pb_row column_structure=\u00bb1_2,1_2&#8243; use_custom_gutter=\u00bbon\u00bb gutter_width=\u00bb1&#8243; make_equal=\u00bbon\u00bb _builder_version=\u00bb4.21.0&#8243; _module_preset=\u00bbdefault\u00bb width=\u00bb100%\u00bb max_width=\u00bb100%\u00bb custom_padding=\u00bb0px||0px||true|false\u00bb hover_enabled=\u00bb0&#8243; global_colors_info=\u00bb{}\u00bb sticky_enabled=\u00bb0&#8243;][et_pb_column type=\u00bb1_2&#8243; _builder_version=\u00bb4.19.5&#8243; _module_preset=\u00bbdefault\u00bb background_color=\u00bb#F2F2F2&#8243; custom_padding=\u00bb5%|5%|5%|5%|true|true\u00bb global_colors_info=\u00bb{}\u00bb][et_pb_text _builder_version=\u00bb4.19.5&#8243; _module_preset=\u00bbdefault\u00bb custom_margin=\u00bb||30px||false|false\u00bb global_colors_info=\u00bb{}\u00bb]<\/p>\n<h2>Nuestra tierra, el v\u00e9neto, es rica en <span class=\"blue\">historia<\/span>, <span class=\"blue\">arte<\/span> y <span class=\"blue\">belleza<\/span>.<\/h2>\n<p>[\/et_pb_text][et_pb_text _builder_version=\u00bb4.19.5&#8243; _module_preset=\u00bbdefault\u00bb global_colors_info=\u00bb{}\u00bb]<\/p>\n<p>Fue la cuna de la industria textil italiana y hoy es un centro de producci\u00f3n fundamental para las marcas del sistema moda. Desde los a\u00f1os Setenta, ha reinventado el denim y cambiado el concepto mismo de los jeans.<\/p>\n<p>Y desde 1981, aqu\u00ed somos un punto de referencia para las m\u00e1s importantes lavander\u00edas y tintorer\u00edas internacionales, y contribuimos al \u00e9xito del Made in Italy en todo el mundo.<\/p>\n<p>&nbsp;<\/p>\n<p>[\/et_pb_text][\/et_pb_column][et_pb_column type=\u00bb1_2&#8243; _builder_version=\u00bb4.21.0&#8243; _module_preset=\u00bbdefault\u00bb background_image=\u00bbhttps:\/\/tonello.com\/wp-content\/uploads\/2023\/05\/We-Are-Tonello.jpg\u00bb hover_enabled=\u00bb0&#8243; global_colors_info=\u00bb{}\u00bb title_text=\u00bbWe Are Tonello\u00bb sticky_enabled=\u00bb0&#8243;][\/et_pb_column][\/et_pb_row][\/et_pb_section][et_pb_section fb_built=\u00bb1&#8243; _builder_version=\u00bb4.19.5&#8243; _module_preset=\u00bbdefault\u00bb global_colors_info=\u00bb{}\u00bb][et_pb_row _builder_version=\u00bb4.19.5&#8243; _module_preset=\u00bbdefault\u00bb global_colors_info=\u00bb{}\u00bb][et_pb_column type=\u00bb4_4&#8243; _builder_version=\u00bb4.19.5&#8243; _module_preset=\u00bbdefault\u00bb global_colors_info=\u00bb{}\u00bb][et_pb_slider arrows_custom_color=\u00bb#3D3D3D\u00bb dot_nav_custom_color=\u00bbRGBA(255,255,255,0)\u00bb module_class=\u00bbspider-weare\u00bb _builder_version=\u00bb4.19.5&#8243; _module_preset=\u00bbdefault\u00bb header_font_size=\u00bb35px\u00bb header_line_height=\u00bb1.1em\u00bb body_font_size=\u00bb1em\u00bb body_line_height=\u00bb1.2em\u00bb background_color=\u00bbRGBA(255,255,255,0)\u00bb custom_padding=\u00bb0px||0px||true|false\u00bb global_colors_info=\u00bb{}\u00bb][et_pb_slide heading=\u00bbCarlo Bonetti<br \/><span class=\"%22role%22\">Presidente<\/span>\u00bb image=\u00bbhttps:\/\/tonello.com\/wp-content\/uploads\/2023\/02\/presidente-carlo-bonetti.jpg\u00bb _builder_version=\u00bb4.19.5&#8243; _module_preset=\u00bbdefault\u00bb header_text_color=\u00bb#3D3D3D\u00bb body_text_color=\u00bb#6B6B6B\u00bb body_line_height=\u00bb1.2em\u00bb custom_css_slide_title=\u00bbtext-shadow:none;\u00bb custom_css_slide_description=\u00bbtext-shadow:none;\u00bb global_colors_info=\u00bb{}\u00bb sticky_transition=\u00bbon\u00bb]<\/p>\n<p class=\"\">En la estructura de la empresa, la familia del Dr. Carlo Bonetti desempe\u00f1a un papel destacado, garantizando la solidez financiera y organizativa de la empresa y, en consecuencia, un futuro tranquilo, gracias a la disponibilidad para posibles inversiones.<\/p>\n<p class=\"\">Pero su contribuci\u00f3n no es meramente financiera: su l\u00facida y clarividente visi\u00f3n empresarial ha sido siempre un componente fundamental de la estrategia y la evoluci\u00f3n de la marca Tonello.<\/p>\n<blockquote>\n<p class=\"\">\u201cSI QUIERES CONSTRUIR UN BARCO, NO OBLIGUES A LA GENTE A RECOLECTAR MADERA Y NO LES ASIGNES TAREAS Y TRABAJO, SINO ENS\u00c9\u00d1ALES A ANHELAR LA INMENSIDAD INFINITA DEL MAR.\u201d<\/p>\n<p><span class=\"author\">\u2014 ANTOINE DE SAINT-EXUPERY<\/span><\/p>\n<\/blockquote>\n<p>[\/et_pb_slide][et_pb_slide heading=\u00bbFlavio Tonello<br \/><span class=\"%22role%22\">CEO<\/span>\u00bb image=\u00bbhttps:\/\/tonello.com\/wp-content\/uploads\/2023\/02\/Flavio_Tonello.jpg\u00bb _builder_version=\u00bb4.19.5&#8243; _module_preset=\u00bbdefault\u00bb header_text_color=\u00bb#3D3D3D\u00bb body_text_color=\u00bb#6B6B6B\u00bb body_line_height=\u00bb1.2em\u00bb custom_css_slide_title=\u00bbtext-shadow:none;\u00bb custom_css_slide_description=\u00bbtext-shadow:none;\u00bb global_colors_info=\u00bb{}\u00bb sticky_transition=\u00bbon\u00bb]<\/p>\n<p>Nuestra historia se identifica con la de la familia Tonello, que representa sobre todo la continuidad de una forma visionaria, concreta y apasionada de hacer empresa. Respetuoso con el medio ambiente y las personas, consciente del papel social de la empresa.<\/p>\n<p>De una generaci\u00f3n a la otra, hacia el futuro.<\/p>\n<blockquote>\n<p class=\"\">\u00abWE CANNOT DIRECT THE WIND&#8230; BUT WE CAN ADJUST THE SAILS\u00bb<\/p>\n<p><span class=\"author\">\u2014 DOLLY PARTON<\/span><\/p>\n<\/blockquote>\n<p>[\/et_pb_slide][et_pb_slide heading=\u00bbAlice Tonello<br \/><span class=\"%22role%22\">DIRECTORA DE MARKETING E I+D<\/span>\u00bb image=\u00bbhttps:\/\/tonello.com\/wp-content\/uploads\/2023\/02\/ALICE.jpg\u00bb _builder_version=\u00bb4.19.5&#8243; _module_preset=\u00bbdefault\u00bb header_text_color=\u00bb#3D3D3D\u00bb body_text_color=\u00bb#6B6B6B\u00bb body_line_height=\u00bb1.2em\u00bb custom_css_slide_title=\u00bbtext-shadow:none;\u00bb custom_css_slide_description=\u00bbtext-shadow:none;\u00bb global_colors_info=\u00bb{}\u00bb sticky_transition=\u00bbon\u00bb]<\/p>\n<blockquote>\n<p class=\"\">\u201cD\u00c9JATE \u201cAFECTAR POSITIVAMENTE\u201d POR TU TRABAJO Y EXPERIENCIA, TU HISTORIA Y FUERZA, TUS SUE\u00d1OS Y PROYECTOS. Y NUNCA DEJES DE LADO TUS IDEAS.\u201d<\/p>\n<\/blockquote>\n<p>[\/et_pb_slide][\/et_pb_slider][\/et_pb_column][\/et_pb_row][\/et_pb_section]<\/p>\n","protected":false},"excerpt":{"rendered":"<p>We are Tonello\u00a0La tierra donde naces es el hogar de tu alma. Tiene una influencia decisiva en nuestra forma de vivir, pensar, so\u00f1ar e imaginar. Y de hacer empresa, por supuesto.Los latinos lo llamaban \u00abgenius loci\u00bb, el esp\u00edritu del lugar. Ya hab\u00edan entendido todo.Nuestra tierra, el v\u00e9neto, es rica en historia, arte y belleza.Fue la [&hellip;]<\/p>\n","protected":false},"author":1,"featured_media":0,"parent":0,"menu_order":0,"comment_status":"closed","ping_status":"closed","template":"","meta":{"_acf_changed":false,"_et_pb_use_builder":"on","_et_pb_old_content":"","_et_gb_content_width":"","footnotes":""},"class_list":["post-1631","page","type-page","status-publish","hentry"],"acf":[],"yoast_head":"<!-- This site is optimized with the Yoast SEO plugin v26.8 - https:\/\/yoast.com\/product\/yoast-seo-wordpress\/ -->\n<title>We Are Tonello srl - Tonello<\/title>\n<meta name=\"description\" content=\"We are Tonello srl: desde 1981, somos un punto de referencia para las m\u00e1s importantes lavander\u00edas y tintorer\u00edas internacionales.\" \/>\n<meta name=\"robots\" content=\"index, follow, max-snippet:-1, max-image-preview:large, max-video-preview:-1\" \/>\n<link rel=\"canonical\" href=\"https:\/\/tonello.com\/es\/we-are-tonello\/\" \/>\n<meta property=\"og:locale\" content=\"es_ES\" \/>\n<meta property=\"og:type\" content=\"article\" \/>\n<meta property=\"og:title\" content=\"We Are Tonello srl - Tonello\" \/>\n<meta property=\"og:description\" content=\"We are Tonello srl: desde 1981, somos un punto de referencia para las m\u00e1s importantes lavander\u00edas y tintorer\u00edas internacionales.\" \/>\n<meta property=\"og:url\" content=\"https:\/\/tonello.com\/es\/we-are-tonello\/\" \/>\n<meta property=\"og:site_name\" content=\"Tonello\" \/>\n<meta property=\"article:publisher\" content=\"https:\/\/www.facebook.com\/tonellosrl\/\" \/>\n<meta property=\"article:modified_time\" content=\"2023-05-23T14:32:32+00:00\" \/>\n<meta name=\"twitter:card\" content=\"summary_large_image\" \/>\n<meta name=\"twitter:label1\" content=\"Tiempo de lectura\" \/>\n\t<meta name=\"twitter:data1\" content=\"3 minutos\" \/>\n<script type=\"application\/ld+json\" class=\"yoast-schema-graph\">{\"@context\":\"https:\/\/schema.org\",\"@graph\":[{\"@type\":\"WebPage\",\"@id\":\"https:\/\/tonello.com\/es\/we-are-tonello\/\",\"url\":\"https:\/\/tonello.com\/es\/we-are-tonello\/\",\"name\":\"We Are Tonello srl - Tonello\",\"isPartOf\":{\"@id\":\"https:\/\/tonello.com\/es\/#website\"},\"datePublished\":\"2023-02-22T10:05:57+00:00\",\"dateModified\":\"2023-05-23T14:32:32+00:00\",\"description\":\"We are Tonello srl: desde 1981, somos un punto de referencia para las m\u00e1s importantes lavander\u00edas y tintorer\u00edas internacionales.\",\"breadcrumb\":{\"@id\":\"https:\/\/tonello.com\/es\/we-are-tonello\/#breadcrumb\"},\"inLanguage\":\"es\",\"potentialAction\":[{\"@type\":\"ReadAction\",\"target\":[\"https:\/\/tonello.com\/es\/we-are-tonello\/\"]}]},{\"@type\":\"BreadcrumbList\",\"@id\":\"https:\/\/tonello.com\/es\/we-are-tonello\/#breadcrumb\",\"itemListElement\":[{\"@type\":\"ListItem\",\"position\":1,\"name\":\"Home\",\"item\":\"https:\/\/tonello.com\/es\/\"},{\"@type\":\"ListItem\",\"position\":2,\"name\":\"We Are Tonello\"}]},{\"@type\":\"WebSite\",\"@id\":\"https:\/\/tonello.com\/es\/#website\",\"url\":\"https:\/\/tonello.com\/es\/\",\"name\":\"Tonello S.r.l.\",\"description\":\"\",\"publisher\":{\"@id\":\"https:\/\/tonello.com\/es\/#organization\"},\"potentialAction\":[{\"@type\":\"SearchAction\",\"target\":{\"@type\":\"EntryPoint\",\"urlTemplate\":\"https:\/\/tonello.com\/es\/?s={search_term_string}\"},\"query-input\":{\"@type\":\"PropertyValueSpecification\",\"valueRequired\":true,\"valueName\":\"search_term_string\"}}],\"inLanguage\":\"es\"},{\"@type\":\"Organization\",\"@id\":\"https:\/\/tonello.com\/es\/#organization\",\"name\":\"Tonello S.r.l.\",\"url\":\"https:\/\/tonello.com\/es\/\",\"logo\":{\"@type\":\"ImageObject\",\"inLanguage\":\"es\",\"@id\":\"https:\/\/tonello.com\/es\/#\/schema\/logo\/image\/\",\"url\":\"https:\/\/tonello.com\/wp-content\/uploads\/2023\/03\/Tonello_Logo_Claim.png\",\"contentUrl\":\"https:\/\/tonello.com\/wp-content\/uploads\/2023\/03\/Tonello_Logo_Claim.png\",\"width\":490,\"height\":155,\"caption\":\"Tonello S.r.l.\"},\"image\":{\"@id\":\"https:\/\/tonello.com\/es\/#\/schema\/logo\/image\/\"},\"sameAs\":[\"https:\/\/www.facebook.com\/tonellosrl\/\",\"https:\/\/it.linkedin.com\/company\/tonello-s.r.l.\"]}]}<\/script>\n<!-- \/ Yoast SEO plugin. -->","yoast_head_json":{"title":"We Are Tonello srl - Tonello","description":"We are Tonello srl: desde 1981, somos un punto de referencia para las m\u00e1s importantes lavander\u00edas y tintorer\u00edas internacionales.","robots":{"index":"index","follow":"follow","max-snippet":"max-snippet:-1","max-image-preview":"max-image-preview:large","max-video-preview":"max-video-preview:-1"},"canonical":"https:\/\/tonello.com\/es\/we-are-tonello\/","og_locale":"es_ES","og_type":"article","og_title":"We Are Tonello srl - Tonello","og_description":"We are Tonello srl: desde 1981, somos un punto de referencia para las m\u00e1s importantes lavander\u00edas y tintorer\u00edas internacionales.","og_url":"https:\/\/tonello.com\/es\/we-are-tonello\/","og_site_name":"Tonello","article_publisher":"https:\/\/www.facebook.com\/tonellosrl\/","article_modified_time":"2023-05-23T14:32:32+00:00","twitter_card":"summary_large_image","twitter_misc":{"Tiempo de lectura":"3 minutos"},"schema":{"@context":"https:\/\/schema.org","@graph":[{"@type":"WebPage","@id":"https:\/\/tonello.com\/es\/we-are-tonello\/","url":"https:\/\/tonello.com\/es\/we-are-tonello\/","name":"We Are Tonello srl - Tonello","isPartOf":{"@id":"https:\/\/tonello.com\/es\/#website"},"datePublished":"2023-02-22T10:05:57+00:00","dateModified":"2023-05-23T14:32:32+00:00","description":"We are Tonello srl: desde 1981, somos un punto de referencia para las m\u00e1s importantes lavander\u00edas y tintorer\u00edas internacionales.","breadcrumb":{"@id":"https:\/\/tonello.com\/es\/we-are-tonello\/#breadcrumb"},"inLanguage":"es","potentialAction":[{"@type":"ReadAction","target":["https:\/\/tonello.com\/es\/we-are-tonello\/"]}]},{"@type":"BreadcrumbList","@id":"https:\/\/tonello.com\/es\/we-are-tonello\/#breadcrumb","itemListElement":[{"@type":"ListItem","position":1,"name":"Home","item":"https:\/\/tonello.com\/es\/"},{"@type":"ListItem","position":2,"name":"We Are Tonello"}]},{"@type":"WebSite","@id":"https:\/\/tonello.com\/es\/#website","url":"https:\/\/tonello.com\/es\/","name":"Tonello S.r.l.","description":"","publisher":{"@id":"https:\/\/tonello.com\/es\/#organization"},"potentialAction":[{"@type":"SearchAction","target":{"@type":"EntryPoint","urlTemplate":"https:\/\/tonello.com\/es\/?s={search_term_string}"},"query-input":{"@type":"PropertyValueSpecification","valueRequired":true,"valueName":"search_term_string"}}],"inLanguage":"es"},{"@type":"Organization","@id":"https:\/\/tonello.com\/es\/#organization","name":"Tonello S.r.l.","url":"https:\/\/tonello.com\/es\/","logo":{"@type":"ImageObject","inLanguage":"es","@id":"https:\/\/tonello.com\/es\/#\/schema\/logo\/image\/","url":"https:\/\/tonello.com\/wp-content\/uploads\/2023\/03\/Tonello_Logo_Claim.png","contentUrl":"https:\/\/tonello.com\/wp-content\/uploads\/2023\/03\/Tonello_Logo_Claim.png","width":490,"height":155,"caption":"Tonello S.r.l."},"image":{"@id":"https:\/\/tonello.com\/es\/#\/schema\/logo\/image\/"},"sameAs":["https:\/\/www.facebook.com\/tonellosrl\/","https:\/\/it.linkedin.com\/company\/tonello-s.r.l."]}]}},"_links":{"self":[{"href":"https:\/\/tonello.com\/es\/wp-json\/wp\/v2\/pages\/1631","targetHints":{"allow":["GET"]}}],"collection":[{"href":"https:\/\/tonello.com\/es\/wp-json\/wp\/v2\/pages"}],"about":[{"href":"https:\/\/tonello.com\/es\/wp-json\/wp\/v2\/types\/page"}],"author":[{"embeddable":true,"href":"https:\/\/tonello.com\/es\/wp-json\/wp\/v2\/users\/1"}],"replies":[{"embeddable":true,"href":"https:\/\/tonello.com\/es\/wp-json\/wp\/v2\/comments?post=1631"}],"version-history":[{"count":11,"href":"https:\/\/tonello.com\/es\/wp-json\/wp\/v2\/pages\/1631\/revisions"}],"predecessor-version":[{"id":2526,"href":"https:\/\/tonello.com\/es\/wp-json\/wp\/v2\/pages\/1631\/revisions\/2526"}],"wp:attachment":[{"href":"https:\/\/tonello.com\/es\/wp-json\/wp\/v2\/media?parent=1631"}],"curies":[{"name":"wp","href":"https:\/\/api.w.org\/{rel}","templated":true}]}}