{"id":2555,"date":"2023-05-22T17:59:40","date_gmt":"2023-05-22T15:59:40","guid":{"rendered":"https:\/\/tonello.com\/por-fesr\/"},"modified":"2023-05-26T11:26:32","modified_gmt":"2023-05-26T09:26:32","slug":"por-fesr","status":"publish","type":"page","link":"https:\/\/tonello.com\/es\/por-fesr\/","title":{"rendered":"Por Fesr"},"content":{"rendered":"<p>[et_pb_section fb_built=\u00bb1&#8243; theme_builder_area=\u00bbpost_content\u00bb _builder_version=\u00bb4.21.0&#8243; _module_preset=\u00bbdefault\u00bb][et_pb_row _builder_version=\u00bb4.21.0&#8243; _module_preset=\u00bbdefault\u00bb theme_builder_area=\u00bbpost_content\u00bb][et_pb_column _builder_version=\u00bb4.21.0&#8243; _module_preset=\u00bbdefault\u00bb type=\u00bb4_4&#8243; theme_builder_area=\u00bbpost_content\u00bb][et_pb_image src=\u00bbhttps:\/\/tonello.com\/wp-content\/uploads\/2023\/05\/por-fesr1.jpg\u00bb _builder_version=\u00bb4.21.0&#8243; _module_preset=\u00bbdefault\u00bb theme_builder_area=\u00bbpost_content\u00bb title_text=\u00bbpor-fesr1&#8243; hover_enabled=\u00bb0&#8243; sticky_enabled=\u00bb0&#8243;][\/et_pb_image][\/et_pb_column][\/et_pb_row][et_pb_row _builder_version=\u00bb4.21.0&#8243; _module_preset=\u00bbdefault\u00bb column_structure=\u00bb3_5,2_5&#8243; theme_builder_area=\u00bbpost_content\u00bb][et_pb_column _builder_version=\u00bb4.21.0&#8243; _module_preset=\u00bbdefault\u00bb type=\u00bb3_5&#8243; theme_builder_area=\u00bbpost_content\u00bb][et_pb_text _builder_version=\u00bb4.21.0&#8243; _module_preset=\u00bbdefault\u00bb theme_builder_area=\u00bbpost_content\u00bb header_2_font_size=\u00bb25px\u00bb header_3_font_size=\u00bb20px\u00bb header_3_text_color=\u00bb#009FE3&#8243; header_3_line_height=\u00bb1.2em\u00bb header_2_line_height=\u00bb1.2em\u00bb hover_enabled=\u00bb0&#8243; sticky_enabled=\u00bb0&#8243;]<\/p>\n<h2><strong>Eje 1<\/strong> \u00abInvestigaci\u00f3n, desarrollo tecnol\u00f3gico e innovaci\u00f3n\u00bb<\/h2>\n<h2><strong>Acci\u00f3n 1.1.2<\/strong> \u00abApoyo a la compra de servicios para la innovaci\u00f3n tecnol\u00f3gica\u00bb<\/h2>\n<h3>Desarrollo de equipos l\u00e1ser para el acabado textil como alternativa al acabado qu\u00edmico.<\/h3>\n<p>El proyecto se refiere a la modernizaci\u00f3n y adaptaci\u00f3n tecnol\u00f3gica de maquinaria l\u00e1ser para el tratamiento de prendas confeccionadas, centr\u00e1ndose en la \u00f3ptica, el control y el software.<\/p>\n<p>Importe de la contribuci\u00f3n: 6.400 euros.<\/p>\n<p>[\/et_pb_text][\/et_pb_column][et_pb_column _builder_version=\u00bb4.21.0&#8243; _module_preset=\u00bbdefault\u00bb type=\u00bb2_5&#8243; theme_builder_area=\u00bbpost_content\u00bb][et_pb_image src=\u00bbhttps:\/\/tonello.com\/wp-content\/uploads\/2021\/10\/HHD-1.jpg\u00bb _builder_version=\u00bb4.21.0&#8243; _module_preset=\u00bbdefault\u00bb theme_builder_area=\u00bbpost_content\u00bb title_text=\u00bbattachment-617800885a250e736d91382b\u00bb hover_enabled=\u00bb0&#8243; sticky_enabled=\u00bb0&#8243;][\/et_pb_image][\/et_pb_column][\/et_pb_row][\/et_pb_section]<\/p>\n","protected":false},"excerpt":{"rendered":"<p>Eje 1 \u00abInvestigaci\u00f3n, desarrollo tecnol\u00f3gico e innovaci\u00f3n\u00bb Acci\u00f3n 1.1.2 \u00abApoyo a la compra de servicios para la innovaci\u00f3n tecnol\u00f3gica\u00bb Desarrollo de equipos l\u00e1ser para el acabado textil como alternativa al acabado qu\u00edmico. El proyecto se refiere a la modernizaci\u00f3n y adaptaci\u00f3n tecnol\u00f3gica de maquinaria l\u00e1ser para el tratamiento de prendas confeccionadas, centr\u00e1ndose en la \u00f3ptica, [&hellip;]<\/p>\n","protected":false},"author":1,"featured_media":0,"parent":0,"menu_order":0,"comment_status":"closed","ping_status":"closed","template":"","meta":{"_acf_changed":false,"_et_pb_use_builder":"on","_et_pb_old_content":"","_et_gb_content_width":"","footnotes":""},"class_list":["post-2555","page","type-page","status-publish","hentry"],"acf":[],"yoast_head":"<!-- This site is optimized with the Yoast SEO plugin v26.8 - https:\/\/yoast.com\/product\/yoast-seo-wordpress\/ -->\n<title>Por Fesr - Tonello<\/title>\n<meta name=\"robots\" content=\"index, follow, max-snippet:-1, max-image-preview:large, max-video-preview:-1\" \/>\n<link rel=\"canonical\" href=\"https:\/\/tonello.com\/es\/por-fesr\/\" \/>\n<meta property=\"og:locale\" content=\"es_ES\" \/>\n<meta property=\"og:type\" content=\"article\" \/>\n<meta property=\"og:title\" content=\"Por Fesr - Tonello\" \/>\n<meta property=\"og:description\" content=\"Eje 1 &quot;Investigaci\u00f3n, desarrollo tecnol\u00f3gico e innovaci\u00f3n&quot; Acci\u00f3n 1.1.2 &quot;Apoyo a la compra de servicios para la innovaci\u00f3n tecnol\u00f3gica&quot; Desarrollo de equipos l\u00e1ser para el acabado textil como alternativa al acabado qu\u00edmico. El proyecto se refiere a la modernizaci\u00f3n y adaptaci\u00f3n tecnol\u00f3gica de maquinaria l\u00e1ser para el tratamiento de prendas confeccionadas, centr\u00e1ndose en la \u00f3ptica, [&hellip;]\" \/>\n<meta property=\"og:url\" content=\"https:\/\/tonello.com\/es\/por-fesr\/\" \/>\n<meta property=\"og:site_name\" content=\"Tonello\" \/>\n<meta property=\"article:publisher\" content=\"https:\/\/www.facebook.com\/tonellosrl\/\" \/>\n<meta property=\"article:modified_time\" content=\"2023-05-26T09:26:32+00:00\" \/>\n<meta name=\"twitter:card\" content=\"summary_large_image\" \/>\n<meta name=\"twitter:label1\" content=\"Tiempo de lectura\" \/>\n\t<meta name=\"twitter:data1\" content=\"1 minuto\" \/>\n<script type=\"application\/ld+json\" class=\"yoast-schema-graph\">{\"@context\":\"https:\/\/schema.org\",\"@graph\":[{\"@type\":\"WebPage\",\"@id\":\"https:\/\/tonello.com\/es\/por-fesr\/\",\"url\":\"https:\/\/tonello.com\/es\/por-fesr\/\",\"name\":\"Por Fesr - Tonello\",\"isPartOf\":{\"@id\":\"https:\/\/tonello.com\/es\/#website\"},\"datePublished\":\"2023-05-22T15:59:40+00:00\",\"dateModified\":\"2023-05-26T09:26:32+00:00\",\"breadcrumb\":{\"@id\":\"https:\/\/tonello.com\/es\/por-fesr\/#breadcrumb\"},\"inLanguage\":\"es\",\"potentialAction\":[{\"@type\":\"ReadAction\",\"target\":[\"https:\/\/tonello.com\/es\/por-fesr\/\"]}]},{\"@type\":\"BreadcrumbList\",\"@id\":\"https:\/\/tonello.com\/es\/por-fesr\/#breadcrumb\",\"itemListElement\":[{\"@type\":\"ListItem\",\"position\":1,\"name\":\"Home\",\"item\":\"https:\/\/tonello.com\/es\/\"},{\"@type\":\"ListItem\",\"position\":2,\"name\":\"Por Fesr\"}]},{\"@type\":\"WebSite\",\"@id\":\"https:\/\/tonello.com\/es\/#website\",\"url\":\"https:\/\/tonello.com\/es\/\",\"name\":\"Tonello S.r.l.\",\"description\":\"\",\"publisher\":{\"@id\":\"https:\/\/tonello.com\/es\/#organization\"},\"potentialAction\":[{\"@type\":\"SearchAction\",\"target\":{\"@type\":\"EntryPoint\",\"urlTemplate\":\"https:\/\/tonello.com\/es\/?s={search_term_string}\"},\"query-input\":{\"@type\":\"PropertyValueSpecification\",\"valueRequired\":true,\"valueName\":\"search_term_string\"}}],\"inLanguage\":\"es\"},{\"@type\":\"Organization\",\"@id\":\"https:\/\/tonello.com\/es\/#organization\",\"name\":\"Tonello S.r.l.\",\"url\":\"https:\/\/tonello.com\/es\/\",\"logo\":{\"@type\":\"ImageObject\",\"inLanguage\":\"es\",\"@id\":\"https:\/\/tonello.com\/es\/#\/schema\/logo\/image\/\",\"url\":\"https:\/\/tonello.com\/wp-content\/uploads\/2023\/03\/Tonello_Logo_Claim.png\",\"contentUrl\":\"https:\/\/tonello.com\/wp-content\/uploads\/2023\/03\/Tonello_Logo_Claim.png\",\"width\":490,\"height\":155,\"caption\":\"Tonello S.r.l.\"},\"image\":{\"@id\":\"https:\/\/tonello.com\/es\/#\/schema\/logo\/image\/\"},\"sameAs\":[\"https:\/\/www.facebook.com\/tonellosrl\/\",\"https:\/\/it.linkedin.com\/company\/tonello-s.r.l.\"]}]}<\/script>\n<!-- \/ Yoast SEO plugin. -->","yoast_head_json":{"title":"Por Fesr - Tonello","robots":{"index":"index","follow":"follow","max-snippet":"max-snippet:-1","max-image-preview":"max-image-preview:large","max-video-preview":"max-video-preview:-1"},"canonical":"https:\/\/tonello.com\/es\/por-fesr\/","og_locale":"es_ES","og_type":"article","og_title":"Por Fesr - Tonello","og_description":"Eje 1 \"Investigaci\u00f3n, desarrollo tecnol\u00f3gico e innovaci\u00f3n\" Acci\u00f3n 1.1.2 \"Apoyo a la compra de servicios para la innovaci\u00f3n tecnol\u00f3gica\" Desarrollo de equipos l\u00e1ser para el acabado textil como alternativa al acabado qu\u00edmico. El proyecto se refiere a la modernizaci\u00f3n y adaptaci\u00f3n tecnol\u00f3gica de maquinaria l\u00e1ser para el tratamiento de prendas confeccionadas, centr\u00e1ndose en la \u00f3ptica, [&hellip;]","og_url":"https:\/\/tonello.com\/es\/por-fesr\/","og_site_name":"Tonello","article_publisher":"https:\/\/www.facebook.com\/tonellosrl\/","article_modified_time":"2023-05-26T09:26:32+00:00","twitter_card":"summary_large_image","twitter_misc":{"Tiempo de lectura":"1 minuto"},"schema":{"@context":"https:\/\/schema.org","@graph":[{"@type":"WebPage","@id":"https:\/\/tonello.com\/es\/por-fesr\/","url":"https:\/\/tonello.com\/es\/por-fesr\/","name":"Por Fesr - Tonello","isPartOf":{"@id":"https:\/\/tonello.com\/es\/#website"},"datePublished":"2023-05-22T15:59:40+00:00","dateModified":"2023-05-26T09:26:32+00:00","breadcrumb":{"@id":"https:\/\/tonello.com\/es\/por-fesr\/#breadcrumb"},"inLanguage":"es","potentialAction":[{"@type":"ReadAction","target":["https:\/\/tonello.com\/es\/por-fesr\/"]}]},{"@type":"BreadcrumbList","@id":"https:\/\/tonello.com\/es\/por-fesr\/#breadcrumb","itemListElement":[{"@type":"ListItem","position":1,"name":"Home","item":"https:\/\/tonello.com\/es\/"},{"@type":"ListItem","position":2,"name":"Por Fesr"}]},{"@type":"WebSite","@id":"https:\/\/tonello.com\/es\/#website","url":"https:\/\/tonello.com\/es\/","name":"Tonello S.r.l.","description":"","publisher":{"@id":"https:\/\/tonello.com\/es\/#organization"},"potentialAction":[{"@type":"SearchAction","target":{"@type":"EntryPoint","urlTemplate":"https:\/\/tonello.com\/es\/?s={search_term_string}"},"query-input":{"@type":"PropertyValueSpecification","valueRequired":true,"valueName":"search_term_string"}}],"inLanguage":"es"},{"@type":"Organization","@id":"https:\/\/tonello.com\/es\/#organization","name":"Tonello S.r.l.","url":"https:\/\/tonello.com\/es\/","logo":{"@type":"ImageObject","inLanguage":"es","@id":"https:\/\/tonello.com\/es\/#\/schema\/logo\/image\/","url":"https:\/\/tonello.com\/wp-content\/uploads\/2023\/03\/Tonello_Logo_Claim.png","contentUrl":"https:\/\/tonello.com\/wp-content\/uploads\/2023\/03\/Tonello_Logo_Claim.png","width":490,"height":155,"caption":"Tonello S.r.l."},"image":{"@id":"https:\/\/tonello.com\/es\/#\/schema\/logo\/image\/"},"sameAs":["https:\/\/www.facebook.com\/tonellosrl\/","https:\/\/it.linkedin.com\/company\/tonello-s.r.l."]}]}},"_links":{"self":[{"href":"https:\/\/tonello.com\/es\/wp-json\/wp\/v2\/pages\/2555","targetHints":{"allow":["GET"]}}],"collection":[{"href":"https:\/\/tonello.com\/es\/wp-json\/wp\/v2\/pages"}],"about":[{"href":"https:\/\/tonello.com\/es\/wp-json\/wp\/v2\/types\/page"}],"author":[{"embeddable":true,"href":"https:\/\/tonello.com\/es\/wp-json\/wp\/v2\/users\/1"}],"replies":[{"embeddable":true,"href":"https:\/\/tonello.com\/es\/wp-json\/wp\/v2\/comments?post=2555"}],"version-history":[{"count":2,"href":"https:\/\/tonello.com\/es\/wp-json\/wp\/v2\/pages\/2555\/revisions"}],"predecessor-version":[{"id":2557,"href":"https:\/\/tonello.com\/es\/wp-json\/wp\/v2\/pages\/2555\/revisions\/2557"}],"wp:attachment":[{"href":"https:\/\/tonello.com\/es\/wp-json\/wp\/v2\/media?parent=2555"}],"curies":[{"name":"wp","href":"https:\/\/api.w.org\/{rel}","templated":true}]}}