{"id":3103,"date":"2023-12-04T12:01:39","date_gmt":"2023-12-04T11:01:39","guid":{"rendered":"https:\/\/tonello.com\/?page_id=3103"},"modified":"2024-01-29T14:51:54","modified_gmt":"2024-01-29T13:51:54","slug":"gobierno-corporativo-y-cumplimiento","status":"publish","type":"page","link":"https:\/\/tonello.com\/es\/gobierno-corporativo-y-cumplimiento\/","title":{"rendered":"Gobierno Corporativo y Cumplimiento"},"content":{"rendered":"<p>[et_pb_section fb_built=\u00bb1&#8243; _builder_version=\u00bb4.22.2&#8243; _module_preset=\u00bbdefault\u00bb background_color=\u00bbRGBA(255,255,255,0)\u00bb background_image=\u00bbhttps:\/\/tonello.com\/wp-content\/uploads\/2023\/12\/dose-media-bU6JyhSI6zo-unsplash-e1701950622348.jpg\u00bb parallax=\u00bbon\u00bb background_blend=\u00bboverlay\u00bb custom_padding=\u00bb10vh||10vh||true|false\u00bb global_colors_info=\u00bb{}\u00bb][et_pb_row column_structure=\u00bb3_4,1_4&#8243; _builder_version=\u00bb4.19.5&#8243; _module_preset=\u00bbdefault\u00bb global_colors_info=\u00bb{}\u00bb][et_pb_column type=\u00bb3_4&#8243; _builder_version=\u00bb4.19.5&#8243; _module_preset=\u00bbdefault\u00bb global_colors_info=\u00bb{}\u00bb][et_pb_text content_tablet=\u00bb<\/p>\n<h1><span>gobernanza y responsabilidad<\/span><\/h1>\n<p>\u00bb content_phone=\u00bb<\/p>\n<h4><span>gobernanza y responsabilidad<\/span><\/h4>\n<p>\u00bb content_last_edited=\u00bbon|tablet\u00bb _builder_version=\u00bb4.23.1&#8243; _module_preset=\u00bbdefault\u00bb header_text_color=\u00bb#009FE3&#8243; header_font_size=\u00bb4em\u00bb hover_enabled=\u00bb0&#8243; global_colors_info=\u00bb{}\u00bb sticky_enabled=\u00bb0&#8243; text_text_color_last_edited=\u00bbon|phone\u00bb header_4_text_color=\u00bb#009FE3&#8243;]<\/p>\n<h1><span style=\"color: #009fe3\">gobernanza y responsabilidad<\/span><\/h1>\n<p>[\/et_pb_text][et_pb_text _builder_version=\u00bb4.23.1&#8243; _module_preset=\u00bbdefault\u00bb text_text_color=\u00bb#F2F2F2&#8243; text_font_size=\u00bb1.2em\u00bb text_line_height=\u00bb1.2em\u00bb header_2_font_size=\u00bb10px\u00bb custom_margin=\u00bb-33px|||||\u00bb custom_padding=\u00bb||5px|||\u00bb global_colors_info=\u00bb{}\u00bb]<\/p>\n<h4><span style=\"color: #000000\">para evolucionar <\/span><span style=\"color: #000000\">en la direcci\u00f3n correcta.<\/span><\/h4>\n<p>[\/et_pb_text][et_pb_text _builder_version=\u00bb4.22.2&#8243; _module_preset=\u00bbdefault\u00bb text_text_color=\u00bb#F2F2F2&#8243; text_font_size=\u00bb1.2em\u00bb text_line_height=\u00bb1.2em\u00bb global_colors_info=\u00bb{}\u00bb]<\/p>\n<p><span style=\"color: #000000\">El Gobierno Corporativo de Tonello est\u00e1 establecido para garantizar procesos de toma de decisiones eficaces y transparentes.<\/span><\/p>\n<p><span style=\"color: #000000\">Manteniendo los rasgos distintivos de una empresa familiar, la gesti\u00f3n de la empresa se conf\u00eda a un Consejo de Administraci\u00f3n del que dependen directivos de probada competencia y experiencia.<\/span><\/p>\n<p><span style=\"color: #000000\">La Empresa opera en un contexto internacional y en constante evoluci\u00f3n, en el que es esencial garantizar el cumplimiento de la normativa vigente y basar la actuaci\u00f3n empresarial en principios \u00e9ticos.<\/span><\/p>\n<p><span style=\"color: #000000\">A tal fin, la Empresa ha adoptado un <strong>c\u00f3digo \u00e9tico<\/strong> y ha cumplido las disposiciones reglamentarias activando un canal interno de denuncia de irregularidades.<\/span><\/p>\n<p>[\/et_pb_text][\/et_pb_column][et_pb_column type=\u00bb1_4&#8243; _builder_version=\u00bb4.19.5&#8243; _module_preset=\u00bbdefault\u00bb global_colors_info=\u00bb{}\u00bb][\/et_pb_column][\/et_pb_row][\/et_pb_section][et_pb_section fb_built=\u00bb1&#8243; _builder_version=\u00bb4.19.5&#8243; _module_preset=\u00bbdefault\u00bb custom_padding=\u00bb0px||0px||true|false\u00bb global_colors_info=\u00bb{}\u00bb][et_pb_row column_structure=\u00bb1_2,1_2&#8243; use_custom_gutter=\u00bbon\u00bb gutter_width=\u00bb1&#8243; make_equal=\u00bbon\u00bb _builder_version=\u00bb4.22.2&#8243; _module_preset=\u00bbdefault\u00bb width=\u00bb100%\u00bb max_width=\u00bb100%\u00bb custom_padding=\u00bb0px||0px||true|false\u00bb global_colors_info=\u00bb{}\u00bb][et_pb_column type=\u00bb1_2&#8243; _builder_version=\u00bb4.19.5&#8243; _module_preset=\u00bbdefault\u00bb background_color=\u00bb#F2F2F2&#8243; custom_padding=\u00bb5%|5%|5%|5%|true|true\u00bb global_colors_info=\u00bb{}\u00bb][et_pb_text content_tablet=\u00bb<\/p>\n<h3><span>LA DENUNCIA DE IRREGULARIDADES<\/span>: un avance en transparencia y rendici\u00f3n de cuentas<\/h3>\n<p>\u00bb content_phone=\u00bb<\/p>\n<h4><span>LA DENUNCIA DE IRREGULARIDADES<\/span>: un avance en transparencia y rendici\u00f3n de cuentas<\/h4>\n<p>\u00bb content_last_edited=\u00bbon|phone\u00bb _builder_version=\u00bb4.23.1&#8243; _module_preset=\u00bbdefault\u00bb custom_margin=\u00bb||30px||false|false\u00bb hover_enabled=\u00bb0&#8243; global_colors_info=\u00bb{}\u00bb text_font_last_edited=\u00bbon|phone\u00bb sticky_enabled=\u00bb0&#8243; header_4_text_color=\u00bb#000000&#8243;]<\/p>\n<h3><span style=\"color: #009fe3\">LA DENUNCIA DE IRREGULARIDADES<\/span>: un avance en transparencia y rendici\u00f3n de cuentas<\/h3>\n<p>[\/et_pb_text][et_pb_text _builder_version=\u00bb4.22.2&#8243; _module_preset=\u00bbdefault\u00bb global_colors_info=\u00bb{}\u00bb]<\/p>\n<p>Ya est\u00e1 en l\u00ednea nuestra <strong>nueva plataforma de denuncia de irregularidades<\/strong>, un paso adelante en nuestro compromiso con un entorno de trabajo transparente y responsable. Esta herramienta permite a nuestros empleados y colaboradores informar confidencialmente de cualquier comportamiento poco \u00e9tico o contrario a las normas.<br \/>La plataforma es una expresi\u00f3n concreta de nuestro deseo de mantener y reforzar la confianza y la integridad que caracterizan a nuestra empresa.<\/p>\n<p>Se trata de un sistema de denuncia en l\u00ednea que acepta, tambi\u00e9n de forma an\u00f3nima, infracciones o comportamientos ilegales dentro de la empresa. La plataforma cumple con la Directiva de la UE 2019\/1937 y el Decreto Legislativo 24\/2023.<\/p>\n<p>Garantizamos la m\u00e1xima protecci\u00f3n a los denunciantes, asegurando la confidencialidad y la protecci\u00f3n contra represalias o discriminaci\u00f3n. Este canal est\u00e1 dedicado exclusivamente a las infracciones de la normativa vigente.<\/p>\n<p>Para informar por escrito o por mensaje de voz, pulsa el bot\u00f3n de abajo. Alternativamente, si lo deseas o lo consideras oportuno, tambi\u00e9n puedes solicitar una reuni\u00f3n con el responsable de la denuncia pulsando <a href=\"mailto:sfanin@methastudio.it\" target=\"_blank\" rel=\"noopener\">aqu\u00ed<\/a>.<\/p>\n<p>[\/et_pb_text][et_pb_divider show_divider=\u00bboff\u00bb _builder_version=\u00bb4.22.2&#8243; _module_preset=\u00bbdefault\u00bb custom_padding=\u00bb||15px|||\u00bb global_colors_info=\u00bb{}\u00bb][\/et_pb_divider][et_pb_button button_url=\u00bbhttps:\/\/tonello.integrityline.com\/?lang=it\u00bb url_new_window=\u00bbon\u00bb button_text=\u00bbHACER UNA DENUNCIA\u00bb _builder_version=\u00bb4.22.2&#8243; _module_preset=\u00bbdefault\u00bb locked=\u00bboff\u00bb global_colors_info=\u00bb{}\u00bb][\/et_pb_button][\/et_pb_column][et_pb_column type=\u00bb1_2&#8243; _builder_version=\u00bb4.22.2&#8243; _module_preset=\u00bbdefault\u00bb background_color=\u00bb#F2F2F2&#8243; background_image=\u00bbhttps:\/\/tonello.com\/wp-content\/uploads\/2023\/12\/pexels-kampus-production-8428076.jpg\u00bb custom_padding=\u00bb5%|5%|5%|5%|true|true\u00bb global_colors_info=\u00bb{}\u00bb][\/et_pb_column][\/et_pb_row][et_pb_row column_structure=\u00bb1_2,1_2&#8243; use_custom_gutter=\u00bbon\u00bb gutter_width=\u00bb1&#8243; make_equal=\u00bbon\u00bb _builder_version=\u00bb4.22.2&#8243; _module_preset=\u00bbdefault\u00bb width=\u00bb100%\u00bb max_width=\u00bb100%\u00bb min_height=\u00bb800px\u00bb custom_margin=\u00bb|auto|1px|auto||\u00bb custom_padding=\u00bb0px||0px||true|false\u00bb global_colors_info=\u00bb{}\u00bb][et_pb_column type=\u00bb1_2&#8243; _builder_version=\u00bb4.22.2&#8243; _module_preset=\u00bbdefault\u00bb background_color=\u00bb#F2F2F2&#8243; background_image=\u00bbhttps:\/\/tonello.com\/wp-content\/uploads\/2023\/12\/pexels-fauxels-3184418-1.jpg\u00bb custom_padding=\u00bb5%|5%|5%|5%|true|true\u00bb global_colors_info=\u00bb{}\u00bb][\/et_pb_column][et_pb_column type=\u00bb1_2&#8243; _builder_version=\u00bb4.22.2&#8243; _module_preset=\u00bbdefault\u00bb background_color=\u00bb#F2F2F2&#8243; background_enable_image=\u00bboff\u00bb custom_padding=\u00bb5%|5%|5%|5%|true|true\u00bb global_colors_info=\u00bb{}\u00bb][et_pb_text _builder_version=\u00bb4.23.1&#8243; _module_preset=\u00bbdefault\u00bb custom_margin=\u00bb||30px||false|false\u00bb global_colors_info=\u00bb{}\u00bb]<\/p>\n<h4><span class=\"blue\">c\u00f3digo \u00e9tico<\/span>: Nuestra fuente<br \/>de inspiraci\u00f3n diaria<\/h4>\n<p>[\/et_pb_text][et_pb_text _builder_version=\u00bb4.22.2&#8243; _module_preset=\u00bbdefault\u00bb global_colors_info=\u00bb{}\u00bb]El <strong>C\u00f3digo \u00c9tico de Tonello<\/strong>, actualizado en 2023, refleja los principios y valores fundamentales de la empresa y gu\u00eda todas sus actividades y decisiones. Esencial para los empleados, colaboradores y socios, este c\u00f3digo representa un compromiso con:<\/p>\n<p>&nbsp;<\/p>\n<ul>\n<li><strong>Legalidad y conformidad<\/strong>: Tonello se compromete a operar siempre en pleno cumplimiento de las leyes y reglamentos vigentes<\/li>\n<li><strong>Lealtad y transparencia<\/strong>: la empresa promueve la lealtad y la transparencia en las relaciones internas y externas, apoyando la equidad y la buena fe en todas sus operaciones<\/li>\n<li><strong>Equidad social y valor de la persona<\/strong>: Tonello se compromete a respetar los derechos humanos fundamentales, rechaza toda forma de discriminaci\u00f3n y promueve un entorno de trabajo justo y digno<\/li>\n<li><strong>Diligencia y profesionalidad<\/strong>: el compromiso con la excelencia, la calidad de los productos y la innovaci\u00f3n constante son elementos clave, con especial atenci\u00f3n a la eficacia, la eficiencia y la \u00e9tica profesional<\/li>\n<\/ul>\n<p>[\/et_pb_text][et_pb_divider show_divider=\u00bboff\u00bb _builder_version=\u00bb4.22.2&#8243; _module_preset=\u00bbdefault\u00bb custom_padding=\u00bb||0px|||\u00bb global_colors_info=\u00bb{}\u00bb][\/et_pb_divider][et_pb_button button_url=\u00bbhttps:\/\/tonello.com\/wp-content\/uploads\/2024\/01\/Tonello_Codigo_Etico.pdf\u00bb url_new_window=\u00bbon\u00bb button_text=\u00bbIR AL C\u00d3DIGO \u00c9TICO\u00bb _builder_version=\u00bb4.23.1&#8243; _module_preset=\u00bbdefault\u00bb global_colors_info=\u00bb{}\u00bb][\/et_pb_button][\/et_pb_column][\/et_pb_row][\/et_pb_section]<\/p>\n","protected":false},"excerpt":{"rendered":"<p>gobernanza y responsabilidadpara evolucionar en la direcci\u00f3n correcta.El Gobierno Corporativo de Tonello est\u00e1 establecido para garantizar procesos de toma de decisiones eficaces y transparentes. Manteniendo los rasgos distintivos de una empresa familiar, la gesti\u00f3n de la empresa se conf\u00eda a un Consejo de Administraci\u00f3n del que dependen directivos de probada competencia y experiencia. La Empresa [&hellip;]<\/p>\n","protected":false},"author":2,"featured_media":0,"parent":0,"menu_order":0,"comment_status":"closed","ping_status":"closed","template":"","meta":{"_acf_changed":false,"_et_pb_use_builder":"on","_et_pb_old_content":"","_et_gb_content_width":"","footnotes":""},"class_list":["post-3103","page","type-page","status-publish","hentry"],"acf":[],"yoast_head":"<!-- This site is optimized with the Yoast SEO plugin v26.8 - https:\/\/yoast.com\/product\/yoast-seo-wordpress\/ -->\n<title>Gobierno Corporativo y Cumplimiento - Tonello<\/title>\n<meta name=\"description\" content=\"Descubra Tonello&#039;s Corporate Governance Compliance, integrado y armonizado para el \u00e9xito empresarial. Sepa c\u00f3mo gestionamos el cumplimiento y promovemos una gobernanza cohesionada para nuestro progreso corporativo.\" \/>\n<meta name=\"robots\" content=\"index, follow, max-snippet:-1, max-image-preview:large, max-video-preview:-1\" \/>\n<link rel=\"canonical\" href=\"https:\/\/tonello.com\/es\/gobierno-corporativo-y-cumplimiento\/\" \/>\n<meta property=\"og:locale\" content=\"es_ES\" \/>\n<meta property=\"og:type\" content=\"article\" \/>\n<meta property=\"og:title\" content=\"Gobierno Corporativo y Cumplimiento - Tonello\" \/>\n<meta property=\"og:description\" content=\"Descubra Tonello&#039;s Corporate Governance Compliance, integrado y armonizado para el \u00e9xito empresarial. Sepa c\u00f3mo gestionamos el cumplimiento y promovemos una gobernanza cohesionada para nuestro progreso corporativo.\" \/>\n<meta property=\"og:url\" content=\"https:\/\/tonello.com\/es\/gobierno-corporativo-y-cumplimiento\/\" \/>\n<meta property=\"og:site_name\" content=\"Tonello\" \/>\n<meta property=\"article:publisher\" content=\"https:\/\/www.facebook.com\/tonellosrl\/\" \/>\n<meta property=\"article:modified_time\" content=\"2024-01-29T13:51:54+00:00\" \/>\n<meta name=\"twitter:card\" content=\"summary_large_image\" \/>\n<meta name=\"twitter:label1\" content=\"Tiempo de lectura\" \/>\n\t<meta name=\"twitter:data1\" content=\"4 minutos\" \/>\n<script type=\"application\/ld+json\" class=\"yoast-schema-graph\">{\"@context\":\"https:\/\/schema.org\",\"@graph\":[{\"@type\":\"WebPage\",\"@id\":\"https:\/\/tonello.com\/es\/gobierno-corporativo-y-cumplimiento\/\",\"url\":\"https:\/\/tonello.com\/es\/gobierno-corporativo-y-cumplimiento\/\",\"name\":\"Gobierno Corporativo y Cumplimiento - Tonello\",\"isPartOf\":{\"@id\":\"https:\/\/tonello.com\/es\/#website\"},\"datePublished\":\"2023-12-04T11:01:39+00:00\",\"dateModified\":\"2024-01-29T13:51:54+00:00\",\"description\":\"Descubra Tonello's Corporate Governance Compliance, integrado y armonizado para el \u00e9xito empresarial. Sepa c\u00f3mo gestionamos el cumplimiento y promovemos una gobernanza cohesionada para nuestro progreso corporativo.\",\"breadcrumb\":{\"@id\":\"https:\/\/tonello.com\/es\/gobierno-corporativo-y-cumplimiento\/#breadcrumb\"},\"inLanguage\":\"es\",\"potentialAction\":[{\"@type\":\"ReadAction\",\"target\":[\"https:\/\/tonello.com\/es\/gobierno-corporativo-y-cumplimiento\/\"]}]},{\"@type\":\"BreadcrumbList\",\"@id\":\"https:\/\/tonello.com\/es\/gobierno-corporativo-y-cumplimiento\/#breadcrumb\",\"itemListElement\":[{\"@type\":\"ListItem\",\"position\":1,\"name\":\"Home\",\"item\":\"https:\/\/tonello.com\/es\/\"},{\"@type\":\"ListItem\",\"position\":2,\"name\":\"Gobierno Corporativo y Cumplimiento\"}]},{\"@type\":\"WebSite\",\"@id\":\"https:\/\/tonello.com\/es\/#website\",\"url\":\"https:\/\/tonello.com\/es\/\",\"name\":\"Tonello S.r.l.\",\"description\":\"\",\"publisher\":{\"@id\":\"https:\/\/tonello.com\/es\/#organization\"},\"potentialAction\":[{\"@type\":\"SearchAction\",\"target\":{\"@type\":\"EntryPoint\",\"urlTemplate\":\"https:\/\/tonello.com\/es\/?s={search_term_string}\"},\"query-input\":{\"@type\":\"PropertyValueSpecification\",\"valueRequired\":true,\"valueName\":\"search_term_string\"}}],\"inLanguage\":\"es\"},{\"@type\":\"Organization\",\"@id\":\"https:\/\/tonello.com\/es\/#organization\",\"name\":\"Tonello S.r.l.\",\"url\":\"https:\/\/tonello.com\/es\/\",\"logo\":{\"@type\":\"ImageObject\",\"inLanguage\":\"es\",\"@id\":\"https:\/\/tonello.com\/es\/#\/schema\/logo\/image\/\",\"url\":\"https:\/\/tonello.com\/wp-content\/uploads\/2023\/03\/Tonello_Logo_Claim.png\",\"contentUrl\":\"https:\/\/tonello.com\/wp-content\/uploads\/2023\/03\/Tonello_Logo_Claim.png\",\"width\":490,\"height\":155,\"caption\":\"Tonello S.r.l.\"},\"image\":{\"@id\":\"https:\/\/tonello.com\/es\/#\/schema\/logo\/image\/\"},\"sameAs\":[\"https:\/\/www.facebook.com\/tonellosrl\/\",\"https:\/\/it.linkedin.com\/company\/tonello-s.r.l.\"]}]}<\/script>\n<!-- \/ Yoast SEO plugin. -->","yoast_head_json":{"title":"Gobierno Corporativo y Cumplimiento - Tonello","description":"Descubra Tonello's Corporate Governance Compliance, integrado y armonizado para el \u00e9xito empresarial. Sepa c\u00f3mo gestionamos el cumplimiento y promovemos una gobernanza cohesionada para nuestro progreso corporativo.","robots":{"index":"index","follow":"follow","max-snippet":"max-snippet:-1","max-image-preview":"max-image-preview:large","max-video-preview":"max-video-preview:-1"},"canonical":"https:\/\/tonello.com\/es\/gobierno-corporativo-y-cumplimiento\/","og_locale":"es_ES","og_type":"article","og_title":"Gobierno Corporativo y Cumplimiento - Tonello","og_description":"Descubra Tonello's Corporate Governance Compliance, integrado y armonizado para el \u00e9xito empresarial. Sepa c\u00f3mo gestionamos el cumplimiento y promovemos una gobernanza cohesionada para nuestro progreso corporativo.","og_url":"https:\/\/tonello.com\/es\/gobierno-corporativo-y-cumplimiento\/","og_site_name":"Tonello","article_publisher":"https:\/\/www.facebook.com\/tonellosrl\/","article_modified_time":"2024-01-29T13:51:54+00:00","twitter_card":"summary_large_image","twitter_misc":{"Tiempo de lectura":"4 minutos"},"schema":{"@context":"https:\/\/schema.org","@graph":[{"@type":"WebPage","@id":"https:\/\/tonello.com\/es\/gobierno-corporativo-y-cumplimiento\/","url":"https:\/\/tonello.com\/es\/gobierno-corporativo-y-cumplimiento\/","name":"Gobierno Corporativo y Cumplimiento - Tonello","isPartOf":{"@id":"https:\/\/tonello.com\/es\/#website"},"datePublished":"2023-12-04T11:01:39+00:00","dateModified":"2024-01-29T13:51:54+00:00","description":"Descubra Tonello's Corporate Governance Compliance, integrado y armonizado para el \u00e9xito empresarial. Sepa c\u00f3mo gestionamos el cumplimiento y promovemos una gobernanza cohesionada para nuestro progreso corporativo.","breadcrumb":{"@id":"https:\/\/tonello.com\/es\/gobierno-corporativo-y-cumplimiento\/#breadcrumb"},"inLanguage":"es","potentialAction":[{"@type":"ReadAction","target":["https:\/\/tonello.com\/es\/gobierno-corporativo-y-cumplimiento\/"]}]},{"@type":"BreadcrumbList","@id":"https:\/\/tonello.com\/es\/gobierno-corporativo-y-cumplimiento\/#breadcrumb","itemListElement":[{"@type":"ListItem","position":1,"name":"Home","item":"https:\/\/tonello.com\/es\/"},{"@type":"ListItem","position":2,"name":"Gobierno Corporativo y Cumplimiento"}]},{"@type":"WebSite","@id":"https:\/\/tonello.com\/es\/#website","url":"https:\/\/tonello.com\/es\/","name":"Tonello S.r.l.","description":"","publisher":{"@id":"https:\/\/tonello.com\/es\/#organization"},"potentialAction":[{"@type":"SearchAction","target":{"@type":"EntryPoint","urlTemplate":"https:\/\/tonello.com\/es\/?s={search_term_string}"},"query-input":{"@type":"PropertyValueSpecification","valueRequired":true,"valueName":"search_term_string"}}],"inLanguage":"es"},{"@type":"Organization","@id":"https:\/\/tonello.com\/es\/#organization","name":"Tonello S.r.l.","url":"https:\/\/tonello.com\/es\/","logo":{"@type":"ImageObject","inLanguage":"es","@id":"https:\/\/tonello.com\/es\/#\/schema\/logo\/image\/","url":"https:\/\/tonello.com\/wp-content\/uploads\/2023\/03\/Tonello_Logo_Claim.png","contentUrl":"https:\/\/tonello.com\/wp-content\/uploads\/2023\/03\/Tonello_Logo_Claim.png","width":490,"height":155,"caption":"Tonello S.r.l."},"image":{"@id":"https:\/\/tonello.com\/es\/#\/schema\/logo\/image\/"},"sameAs":["https:\/\/www.facebook.com\/tonellosrl\/","https:\/\/it.linkedin.com\/company\/tonello-s.r.l."]}]}},"_links":{"self":[{"href":"https:\/\/tonello.com\/es\/wp-json\/wp\/v2\/pages\/3103","targetHints":{"allow":["GET"]}}],"collection":[{"href":"https:\/\/tonello.com\/es\/wp-json\/wp\/v2\/pages"}],"about":[{"href":"https:\/\/tonello.com\/es\/wp-json\/wp\/v2\/types\/page"}],"author":[{"embeddable":true,"href":"https:\/\/tonello.com\/es\/wp-json\/wp\/v2\/users\/2"}],"replies":[{"embeddable":true,"href":"https:\/\/tonello.com\/es\/wp-json\/wp\/v2\/comments?post=3103"}],"version-history":[{"count":33,"href":"https:\/\/tonello.com\/es\/wp-json\/wp\/v2\/pages\/3103\/revisions"}],"predecessor-version":[{"id":3311,"href":"https:\/\/tonello.com\/es\/wp-json\/wp\/v2\/pages\/3103\/revisions\/3311"}],"wp:attachment":[{"href":"https:\/\/tonello.com\/es\/wp-json\/wp\/v2\/media?parent=3103"}],"curies":[{"name":"wp","href":"https:\/\/api.w.org\/{rel}","templated":true}]}}