{"id":1654,"date":"2023-03-09T10:58:43","date_gmt":"2023-03-09T09:58:43","guid":{"rendered":"https:\/\/tonello.com\/macchina\/td-m\/"},"modified":"2025-04-28T16:29:41","modified_gmt":"2025-04-28T14:29:41","slug":"td-100","status":"publish","type":"product","link":"https:\/\/tonello.com\/es\/macchina\/td-100\/","title":{"rendered":"TD 100"},"content":{"rendered":"","protected":false},"excerpt":{"rendered":"<p data-start=\"168\" data-end=\"305\">La secadora Tonello <strong data-start=\"182\" data-end=\"191\">TD 100<\/strong> es la soluci\u00f3n ideal para<strong data-start=\"218\" data-end=\"255\"> muestras y peque\u00f1as producci\u00f3n<\/strong>, ya que ofrece un secado eficaz y uniforme.<\/p>\n<p data-start=\"307\" data-end=\"508\">Disponible con <strong data-start=\"323\" data-end=\"368\">calefacci\u00f3n a vapor, el\u00e9ctrica, a gas<\/strong> y de<strong> gas\u00f3leo diat\u00e9rmico<\/strong>, se caracteriza por su estructura fija con<strong data-start=\"414\" data-end=\"446\"> apertura manual de la puerta<\/strong>, lo que garantiza la m\u00e1xima fiabilidad y durabilidad.<\/p>\n","protected":false},"featured_media":3891,"template":"","meta":{"_acf_changed":false,"_et_pb_use_builder":"","_et_pb_old_content":"","_et_gb_content_width":""},"standard":[157,155,161,159,165,163,167,153,169],"product_brand":[],"product_cat":[76],"product_tag":[126,127,128],"class_list":{"0":"post-1654","1":"product","2":"type-product","3":"status-publish","4":"has-post-thumbnail","6":"standard-bateria-unica-en-todos-los-modelos","7":"standard-diametro-ampliado-del-tambor","8":"standard-flujo-de-aire-mejorado","9":"standard-panel-de-pantalla-tactil","10":"standard-puerta-aumentada","11":"standard-seguridad-mejorada","12":"standard-sonda-de-temperatura","13":"standard-tambor-de-alta-permeabilidad","14":"standard-transmision-con-inversor","15":"product_cat-secadoras-y-hornos","16":"product_tag-secadoras","17":"product_tag-secadoras-para-muestras","18":"product_tag-secadoras-tonello","20":"first","21":"instock","22":"shipping-taxable","23":"product-type-simple"},"acf":[],"yoast_head":"<!-- This site is optimized with the Yoast SEO plugin v26.8 - https:\/\/yoast.com\/product\/yoast-seo-wordpress\/ -->\n<title>TD 100 | Secadoras de muestras y de peque\u00f1a producci\u00f3n - Tonello<\/title>\n<meta name=\"description\" content=\"Descubre la secadora Tonello TD 100, ideal para muestras y peque\u00f1as producci\u00f3n. Eficacia y tecnolog\u00eda avanzada con flujo de aire mejorado.\" \/>\n<meta name=\"robots\" content=\"index, follow, max-snippet:-1, max-image-preview:large, max-video-preview:-1\" \/>\n<link rel=\"canonical\" href=\"https:\/\/tonello.com\/es\/macchina\/td-100\/\" \/>\n<meta property=\"og:locale\" content=\"es_ES\" \/>\n<meta property=\"og:type\" content=\"article\" \/>\n<meta property=\"og:title\" content=\"TD 100 | Secadoras de muestras y de peque\u00f1a producci\u00f3n - Tonello\" \/>\n<meta property=\"og:description\" content=\"Descubre la secadora Tonello TD 100, ideal para muestras y peque\u00f1as producci\u00f3n. Eficacia y tecnolog\u00eda avanzada con flujo de aire mejorado.\" \/>\n<meta property=\"og:url\" content=\"https:\/\/tonello.com\/es\/macchina\/td-100\/\" \/>\n<meta property=\"og:site_name\" content=\"Tonello\" \/>\n<meta property=\"article:publisher\" content=\"https:\/\/www.facebook.com\/tonellosrl\/\" \/>\n<meta property=\"article:modified_time\" content=\"2025-04-28T14:29:41+00:00\" \/>\n<meta property=\"og:image\" content=\"https:\/\/tonello.com\/wp-content\/uploads\/2023\/03\/Tonello-TD-100.jpg\" \/>\n\t<meta property=\"og:image:width\" content=\"1080\" \/>\n\t<meta property=\"og:image:height\" content=\"1080\" \/>\n\t<meta property=\"og:image:type\" content=\"image\/jpeg\" \/>\n<meta name=\"twitter:card\" content=\"summary_large_image\" \/>\n<meta name=\"twitter:label1\" content=\"Tiempo de lectura\" \/>\n\t<meta name=\"twitter:data1\" content=\"1 minuto\" \/>\n<script type=\"application\/ld+json\" class=\"yoast-schema-graph\">{\"@context\":\"https:\/\/schema.org\",\"@graph\":[{\"@type\":\"WebPage\",\"@id\":\"https:\/\/tonello.com\/es\/macchina\/td-100\/\",\"url\":\"https:\/\/tonello.com\/es\/macchina\/td-100\/\",\"name\":\"TD 100 | Secadoras de muestras y de peque\u00f1a producci\u00f3n - Tonello\",\"isPartOf\":{\"@id\":\"https:\/\/tonello.com\/es\/#website\"},\"primaryImageOfPage\":{\"@id\":\"https:\/\/tonello.com\/es\/macchina\/td-100\/#primaryimage\"},\"image\":{\"@id\":\"https:\/\/tonello.com\/es\/macchina\/td-100\/#primaryimage\"},\"thumbnailUrl\":\"https:\/\/tonello.com\/wp-content\/uploads\/2023\/03\/Tonello-TD-100.jpg\",\"datePublished\":\"2023-03-09T09:58:43+00:00\",\"dateModified\":\"2025-04-28T14:29:41+00:00\",\"description\":\"Descubre la secadora Tonello TD 100, ideal para muestras y peque\u00f1as producci\u00f3n. Eficacia y tecnolog\u00eda avanzada con flujo de aire mejorado.\",\"breadcrumb\":{\"@id\":\"https:\/\/tonello.com\/es\/macchina\/td-100\/#breadcrumb\"},\"inLanguage\":\"es\",\"potentialAction\":[{\"@type\":\"ReadAction\",\"target\":[\"https:\/\/tonello.com\/es\/macchina\/td-100\/\"]}]},{\"@type\":\"ImageObject\",\"inLanguage\":\"es\",\"@id\":\"https:\/\/tonello.com\/es\/macchina\/td-100\/#primaryimage\",\"url\":\"https:\/\/tonello.com\/wp-content\/uploads\/2023\/03\/Tonello-TD-100.jpg\",\"contentUrl\":\"https:\/\/tonello.com\/wp-content\/uploads\/2023\/03\/Tonello-TD-100.jpg\",\"width\":1080,\"height\":1080},{\"@type\":\"BreadcrumbList\",\"@id\":\"https:\/\/tonello.com\/es\/macchina\/td-100\/#breadcrumb\",\"itemListElement\":[{\"@type\":\"ListItem\",\"position\":1,\"name\":\"Home\",\"item\":\"https:\/\/tonello.com\/es\/\"},{\"@type\":\"ListItem\",\"position\":2,\"name\":\"Productos\",\"item\":\"https:\/\/tonello.com\/es\/productos\/\"},{\"@type\":\"ListItem\",\"position\":3,\"name\":\"TD 100\"}]},{\"@type\":\"WebSite\",\"@id\":\"https:\/\/tonello.com\/es\/#website\",\"url\":\"https:\/\/tonello.com\/es\/\",\"name\":\"Tonello S.r.l.\",\"description\":\"\",\"publisher\":{\"@id\":\"https:\/\/tonello.com\/es\/#organization\"},\"potentialAction\":[{\"@type\":\"SearchAction\",\"target\":{\"@type\":\"EntryPoint\",\"urlTemplate\":\"https:\/\/tonello.com\/es\/?s={search_term_string}\"},\"query-input\":{\"@type\":\"PropertyValueSpecification\",\"valueRequired\":true,\"valueName\":\"search_term_string\"}}],\"inLanguage\":\"es\"},{\"@type\":\"Organization\",\"@id\":\"https:\/\/tonello.com\/es\/#organization\",\"name\":\"Tonello S.r.l.\",\"url\":\"https:\/\/tonello.com\/es\/\",\"logo\":{\"@type\":\"ImageObject\",\"inLanguage\":\"es\",\"@id\":\"https:\/\/tonello.com\/es\/#\/schema\/logo\/image\/\",\"url\":\"https:\/\/tonello.com\/wp-content\/uploads\/2023\/03\/Tonello_Logo_Claim.png\",\"contentUrl\":\"https:\/\/tonello.com\/wp-content\/uploads\/2023\/03\/Tonello_Logo_Claim.png\",\"width\":490,\"height\":155,\"caption\":\"Tonello S.r.l.\"},\"image\":{\"@id\":\"https:\/\/tonello.com\/es\/#\/schema\/logo\/image\/\"},\"sameAs\":[\"https:\/\/www.facebook.com\/tonellosrl\/\",\"https:\/\/it.linkedin.com\/company\/tonello-s.r.l.\"]}]}<\/script>\n<!-- \/ Yoast SEO plugin. -->","yoast_head_json":{"title":"TD 100 | Secadoras de muestras y de peque\u00f1a producci\u00f3n - Tonello","description":"Descubre la secadora Tonello TD 100, ideal para muestras y peque\u00f1as producci\u00f3n. Eficacia y tecnolog\u00eda avanzada con flujo de aire mejorado.","robots":{"index":"index","follow":"follow","max-snippet":"max-snippet:-1","max-image-preview":"max-image-preview:large","max-video-preview":"max-video-preview:-1"},"canonical":"https:\/\/tonello.com\/es\/macchina\/td-100\/","og_locale":"es_ES","og_type":"article","og_title":"TD 100 | Secadoras de muestras y de peque\u00f1a producci\u00f3n - Tonello","og_description":"Descubre la secadora Tonello TD 100, ideal para muestras y peque\u00f1as producci\u00f3n. Eficacia y tecnolog\u00eda avanzada con flujo de aire mejorado.","og_url":"https:\/\/tonello.com\/es\/macchina\/td-100\/","og_site_name":"Tonello","article_publisher":"https:\/\/www.facebook.com\/tonellosrl\/","article_modified_time":"2025-04-28T14:29:41+00:00","og_image":[{"width":1080,"height":1080,"url":"https:\/\/tonello.com\/wp-content\/uploads\/2023\/03\/Tonello-TD-100.jpg","type":"image\/jpeg"}],"twitter_card":"summary_large_image","twitter_misc":{"Tiempo de lectura":"1 minuto"},"schema":{"@context":"https:\/\/schema.org","@graph":[{"@type":"WebPage","@id":"https:\/\/tonello.com\/es\/macchina\/td-100\/","url":"https:\/\/tonello.com\/es\/macchina\/td-100\/","name":"TD 100 | Secadoras de muestras y de peque\u00f1a producci\u00f3n - Tonello","isPartOf":{"@id":"https:\/\/tonello.com\/es\/#website"},"primaryImageOfPage":{"@id":"https:\/\/tonello.com\/es\/macchina\/td-100\/#primaryimage"},"image":{"@id":"https:\/\/tonello.com\/es\/macchina\/td-100\/#primaryimage"},"thumbnailUrl":"https:\/\/tonello.com\/wp-content\/uploads\/2023\/03\/Tonello-TD-100.jpg","datePublished":"2023-03-09T09:58:43+00:00","dateModified":"2025-04-28T14:29:41+00:00","description":"Descubre la secadora Tonello TD 100, ideal para muestras y peque\u00f1as producci\u00f3n. Eficacia y tecnolog\u00eda avanzada con flujo de aire mejorado.","breadcrumb":{"@id":"https:\/\/tonello.com\/es\/macchina\/td-100\/#breadcrumb"},"inLanguage":"es","potentialAction":[{"@type":"ReadAction","target":["https:\/\/tonello.com\/es\/macchina\/td-100\/"]}]},{"@type":"ImageObject","inLanguage":"es","@id":"https:\/\/tonello.com\/es\/macchina\/td-100\/#primaryimage","url":"https:\/\/tonello.com\/wp-content\/uploads\/2023\/03\/Tonello-TD-100.jpg","contentUrl":"https:\/\/tonello.com\/wp-content\/uploads\/2023\/03\/Tonello-TD-100.jpg","width":1080,"height":1080},{"@type":"BreadcrumbList","@id":"https:\/\/tonello.com\/es\/macchina\/td-100\/#breadcrumb","itemListElement":[{"@type":"ListItem","position":1,"name":"Home","item":"https:\/\/tonello.com\/es\/"},{"@type":"ListItem","position":2,"name":"Productos","item":"https:\/\/tonello.com\/es\/productos\/"},{"@type":"ListItem","position":3,"name":"TD 100"}]},{"@type":"WebSite","@id":"https:\/\/tonello.com\/es\/#website","url":"https:\/\/tonello.com\/es\/","name":"Tonello S.r.l.","description":"","publisher":{"@id":"https:\/\/tonello.com\/es\/#organization"},"potentialAction":[{"@type":"SearchAction","target":{"@type":"EntryPoint","urlTemplate":"https:\/\/tonello.com\/es\/?s={search_term_string}"},"query-input":{"@type":"PropertyValueSpecification","valueRequired":true,"valueName":"search_term_string"}}],"inLanguage":"es"},{"@type":"Organization","@id":"https:\/\/tonello.com\/es\/#organization","name":"Tonello S.r.l.","url":"https:\/\/tonello.com\/es\/","logo":{"@type":"ImageObject","inLanguage":"es","@id":"https:\/\/tonello.com\/es\/#\/schema\/logo\/image\/","url":"https:\/\/tonello.com\/wp-content\/uploads\/2023\/03\/Tonello_Logo_Claim.png","contentUrl":"https:\/\/tonello.com\/wp-content\/uploads\/2023\/03\/Tonello_Logo_Claim.png","width":490,"height":155,"caption":"Tonello S.r.l."},"image":{"@id":"https:\/\/tonello.com\/es\/#\/schema\/logo\/image\/"},"sameAs":["https:\/\/www.facebook.com\/tonellosrl\/","https:\/\/it.linkedin.com\/company\/tonello-s.r.l."]}]}},"_links":{"self":[{"href":"https:\/\/tonello.com\/es\/wp-json\/wp\/v2\/product\/1654","targetHints":{"allow":["GET"]}}],"collection":[{"href":"https:\/\/tonello.com\/es\/wp-json\/wp\/v2\/product"}],"about":[{"href":"https:\/\/tonello.com\/es\/wp-json\/wp\/v2\/types\/product"}],"wp:featuredmedia":[{"embeddable":true,"href":"https:\/\/tonello.com\/es\/wp-json\/wp\/v2\/media\/3891"}],"wp:attachment":[{"href":"https:\/\/tonello.com\/es\/wp-json\/wp\/v2\/media?parent=1654"}],"wp:term":[{"taxonomy":"standard","embeddable":true,"href":"https:\/\/tonello.com\/es\/wp-json\/wp\/v2\/standard?post=1654"},{"taxonomy":"product_brand","embeddable":true,"href":"https:\/\/tonello.com\/es\/wp-json\/wp\/v2\/product_brand?post=1654"},{"taxonomy":"product_cat","embeddable":true,"href":"https:\/\/tonello.com\/es\/wp-json\/wp\/v2\/product_cat?post=1654"},{"taxonomy":"product_tag","embeddable":true,"href":"https:\/\/tonello.com\/es\/wp-json\/wp\/v2\/product_tag?post=1654"}],"curies":[{"name":"wp","href":"https:\/\/api.w.org\/{rel}","templated":true}]}}