{"id":1658,"date":"2023-03-09T10:50:26","date_gmt":"2023-03-09T09:50:26","guid":{"rendered":"https:\/\/tonello.com\/macchina\/spraying-and-brushing-booth\/"},"modified":"2023-03-22T09:03:58","modified_gmt":"2023-03-22T08:03:58","slug":"spraying-and-brushing-booth","status":"publish","type":"product","link":"https:\/\/tonello.com\/es\/macchina\/spraying-and-brushing-booth\/","title":{"rendered":"SPRAYING AND BRUSHING BOOTH"},"content":{"rendered":"","protected":false},"excerpt":{"rendered":"<p>Esta cabina Tonello para el pulverizado y cepillado manual de las prendas est\u00e1 equipada con una cabina de aspiraci\u00f3n y todos los accesorios necesarios.<\/p>\n<p>Puede tener de 1 a 6 maniqu\u00edes y, seg\u00fan el tipo y el tama\u00f1o, uno o varios ventiladores centr\u00edfugos, un presostato diferencial para se\u00f1alar la obstrucci\u00f3n del filtro, un sistema de iluminaci\u00f3n y un cuadro el\u00e9ctrico.<\/p>\n<p>Est\u00e1 disponible con una cabina de aspiraci\u00f3n a seco, con paneles filtrantes f\u00e1cilmente extra\u00edbles para su limpieza y sustituci\u00f3n, o con una cortina de agua.<\/p>\n<p><strong>N\u00famero de maniqu\u00edes<\/strong>: 1 \u2013 2 \u2013 3 \u2013 4 &#8211; 6<\/p>\n","protected":false},"featured_media":739,"template":"","meta":{"_acf_changed":false,"_et_pb_use_builder":"","_et_pb_old_content":"","_et_gb_content_width":""},"standard":[],"product_brand":[],"product_cat":[84],"product_tag":[],"class_list":{"0":"post-1658","1":"product","2":"type-product","3":"status-publish","4":"has-post-thumbnail","6":"product_cat-tecnologias-y-accesorios-de-acabado","8":"first","9":"instock","10":"shipping-taxable","11":"product-type-simple"},"acf":[],"yoast_head":"<!-- This site is optimized with the Yoast SEO plugin v26.8 - https:\/\/yoast.com\/product\/yoast-seo-wordpress\/ -->\n<title>SPRAYING AND BRUSHING BOOTH | Cabina de pulverizaci\u00f3n y cepillado manual - Tonello<\/title>\n<meta name=\"description\" content=\"Scopri subito sul sito Tonello SPRAYING AND BRUSHING BOOTH, Cabina de pulverizaci\u00f3n y cepillado manual.\" \/>\n<meta name=\"robots\" content=\"index, follow, max-snippet:-1, max-image-preview:large, max-video-preview:-1\" \/>\n<link rel=\"canonical\" href=\"https:\/\/tonello.com\/es\/macchina\/spraying-and-brushing-booth\/\" \/>\n<meta property=\"og:locale\" content=\"es_ES\" \/>\n<meta property=\"og:type\" content=\"article\" \/>\n<meta property=\"og:title\" content=\"SPRAYING AND BRUSHING BOOTH | Cabina de pulverizaci\u00f3n y cepillado manual - Tonello\" \/>\n<meta property=\"og:description\" content=\"Scopri subito sul sito Tonello SPRAYING AND BRUSHING BOOTH, Cabina de pulverizaci\u00f3n y cepillado manual.\" \/>\n<meta property=\"og:url\" content=\"https:\/\/tonello.com\/es\/macchina\/spraying-and-brushing-booth\/\" \/>\n<meta property=\"og:site_name\" content=\"Tonello\" \/>\n<meta property=\"article:publisher\" content=\"https:\/\/www.facebook.com\/tonellosrl\/\" \/>\n<meta property=\"article:modified_time\" content=\"2023-03-22T08:03:58+00:00\" \/>\n<meta property=\"og:image\" content=\"https:\/\/tonello.com\/wp-content\/uploads\/2023\/03\/SPRAYING_BOOTH_tonello.jpeg\" \/>\n\t<meta property=\"og:image:width\" content=\"750\" \/>\n\t<meta property=\"og:image:height\" content=\"766\" \/>\n\t<meta property=\"og:image:type\" content=\"image\/jpeg\" \/>\n<meta name=\"twitter:card\" content=\"summary_large_image\" \/>\n<script type=\"application\/ld+json\" class=\"yoast-schema-graph\">{\"@context\":\"https:\/\/schema.org\",\"@graph\":[{\"@type\":\"WebPage\",\"@id\":\"https:\/\/tonello.com\/es\/macchina\/spraying-and-brushing-booth\/\",\"url\":\"https:\/\/tonello.com\/es\/macchina\/spraying-and-brushing-booth\/\",\"name\":\"SPRAYING AND BRUSHING BOOTH | Cabina de pulverizaci\u00f3n y cepillado manual - Tonello\",\"isPartOf\":{\"@id\":\"https:\/\/tonello.com\/es\/#website\"},\"primaryImageOfPage\":{\"@id\":\"https:\/\/tonello.com\/es\/macchina\/spraying-and-brushing-booth\/#primaryimage\"},\"image\":{\"@id\":\"https:\/\/tonello.com\/es\/macchina\/spraying-and-brushing-booth\/#primaryimage\"},\"thumbnailUrl\":\"https:\/\/tonello.com\/wp-content\/uploads\/2023\/03\/SPRAYING_BOOTH_tonello.jpeg\",\"datePublished\":\"2023-03-09T09:50:26+00:00\",\"dateModified\":\"2023-03-22T08:03:58+00:00\",\"description\":\"Scopri subito sul sito Tonello SPRAYING AND BRUSHING BOOTH, Cabina de pulverizaci\u00f3n y cepillado manual.\",\"breadcrumb\":{\"@id\":\"https:\/\/tonello.com\/es\/macchina\/spraying-and-brushing-booth\/#breadcrumb\"},\"inLanguage\":\"es\",\"potentialAction\":[{\"@type\":\"ReadAction\",\"target\":[\"https:\/\/tonello.com\/es\/macchina\/spraying-and-brushing-booth\/\"]}]},{\"@type\":\"ImageObject\",\"inLanguage\":\"es\",\"@id\":\"https:\/\/tonello.com\/es\/macchina\/spraying-and-brushing-booth\/#primaryimage\",\"url\":\"https:\/\/tonello.com\/wp-content\/uploads\/2023\/03\/SPRAYING_BOOTH_tonello.jpeg\",\"contentUrl\":\"https:\/\/tonello.com\/wp-content\/uploads\/2023\/03\/SPRAYING_BOOTH_tonello.jpeg\",\"width\":750,\"height\":766},{\"@type\":\"BreadcrumbList\",\"@id\":\"https:\/\/tonello.com\/es\/macchina\/spraying-and-brushing-booth\/#breadcrumb\",\"itemListElement\":[{\"@type\":\"ListItem\",\"position\":1,\"name\":\"Home\",\"item\":\"https:\/\/tonello.com\/es\/\"},{\"@type\":\"ListItem\",\"position\":2,\"name\":\"Productos\",\"item\":\"https:\/\/tonello.com\/es\/productos\/\"},{\"@type\":\"ListItem\",\"position\":3,\"name\":\"SPRAYING AND BRUSHING BOOTH\"}]},{\"@type\":\"WebSite\",\"@id\":\"https:\/\/tonello.com\/es\/#website\",\"url\":\"https:\/\/tonello.com\/es\/\",\"name\":\"Tonello S.r.l.\",\"description\":\"\",\"publisher\":{\"@id\":\"https:\/\/tonello.com\/es\/#organization\"},\"potentialAction\":[{\"@type\":\"SearchAction\",\"target\":{\"@type\":\"EntryPoint\",\"urlTemplate\":\"https:\/\/tonello.com\/es\/?s={search_term_string}\"},\"query-input\":{\"@type\":\"PropertyValueSpecification\",\"valueRequired\":true,\"valueName\":\"search_term_string\"}}],\"inLanguage\":\"es\"},{\"@type\":\"Organization\",\"@id\":\"https:\/\/tonello.com\/es\/#organization\",\"name\":\"Tonello S.r.l.\",\"url\":\"https:\/\/tonello.com\/es\/\",\"logo\":{\"@type\":\"ImageObject\",\"inLanguage\":\"es\",\"@id\":\"https:\/\/tonello.com\/es\/#\/schema\/logo\/image\/\",\"url\":\"https:\/\/tonello.com\/wp-content\/uploads\/2023\/03\/Tonello_Logo_Claim.png\",\"contentUrl\":\"https:\/\/tonello.com\/wp-content\/uploads\/2023\/03\/Tonello_Logo_Claim.png\",\"width\":490,\"height\":155,\"caption\":\"Tonello S.r.l.\"},\"image\":{\"@id\":\"https:\/\/tonello.com\/es\/#\/schema\/logo\/image\/\"},\"sameAs\":[\"https:\/\/www.facebook.com\/tonellosrl\/\",\"https:\/\/it.linkedin.com\/company\/tonello-s.r.l.\"]}]}<\/script>\n<!-- \/ Yoast SEO plugin. -->","yoast_head_json":{"title":"SPRAYING AND BRUSHING BOOTH | Cabina de pulverizaci\u00f3n y cepillado manual - Tonello","description":"Scopri subito sul sito Tonello SPRAYING AND BRUSHING BOOTH, Cabina de pulverizaci\u00f3n y cepillado manual.","robots":{"index":"index","follow":"follow","max-snippet":"max-snippet:-1","max-image-preview":"max-image-preview:large","max-video-preview":"max-video-preview:-1"},"canonical":"https:\/\/tonello.com\/es\/macchina\/spraying-and-brushing-booth\/","og_locale":"es_ES","og_type":"article","og_title":"SPRAYING AND BRUSHING BOOTH | Cabina de pulverizaci\u00f3n y cepillado manual - Tonello","og_description":"Scopri subito sul sito Tonello SPRAYING AND BRUSHING BOOTH, Cabina de pulverizaci\u00f3n y cepillado manual.","og_url":"https:\/\/tonello.com\/es\/macchina\/spraying-and-brushing-booth\/","og_site_name":"Tonello","article_publisher":"https:\/\/www.facebook.com\/tonellosrl\/","article_modified_time":"2023-03-22T08:03:58+00:00","og_image":[{"width":750,"height":766,"url":"https:\/\/tonello.com\/wp-content\/uploads\/2023\/03\/SPRAYING_BOOTH_tonello.jpeg","type":"image\/jpeg"}],"twitter_card":"summary_large_image","schema":{"@context":"https:\/\/schema.org","@graph":[{"@type":"WebPage","@id":"https:\/\/tonello.com\/es\/macchina\/spraying-and-brushing-booth\/","url":"https:\/\/tonello.com\/es\/macchina\/spraying-and-brushing-booth\/","name":"SPRAYING AND BRUSHING BOOTH | Cabina de pulverizaci\u00f3n y cepillado manual - Tonello","isPartOf":{"@id":"https:\/\/tonello.com\/es\/#website"},"primaryImageOfPage":{"@id":"https:\/\/tonello.com\/es\/macchina\/spraying-and-brushing-booth\/#primaryimage"},"image":{"@id":"https:\/\/tonello.com\/es\/macchina\/spraying-and-brushing-booth\/#primaryimage"},"thumbnailUrl":"https:\/\/tonello.com\/wp-content\/uploads\/2023\/03\/SPRAYING_BOOTH_tonello.jpeg","datePublished":"2023-03-09T09:50:26+00:00","dateModified":"2023-03-22T08:03:58+00:00","description":"Scopri subito sul sito Tonello SPRAYING AND BRUSHING BOOTH, Cabina de pulverizaci\u00f3n y cepillado manual.","breadcrumb":{"@id":"https:\/\/tonello.com\/es\/macchina\/spraying-and-brushing-booth\/#breadcrumb"},"inLanguage":"es","potentialAction":[{"@type":"ReadAction","target":["https:\/\/tonello.com\/es\/macchina\/spraying-and-brushing-booth\/"]}]},{"@type":"ImageObject","inLanguage":"es","@id":"https:\/\/tonello.com\/es\/macchina\/spraying-and-brushing-booth\/#primaryimage","url":"https:\/\/tonello.com\/wp-content\/uploads\/2023\/03\/SPRAYING_BOOTH_tonello.jpeg","contentUrl":"https:\/\/tonello.com\/wp-content\/uploads\/2023\/03\/SPRAYING_BOOTH_tonello.jpeg","width":750,"height":766},{"@type":"BreadcrumbList","@id":"https:\/\/tonello.com\/es\/macchina\/spraying-and-brushing-booth\/#breadcrumb","itemListElement":[{"@type":"ListItem","position":1,"name":"Home","item":"https:\/\/tonello.com\/es\/"},{"@type":"ListItem","position":2,"name":"Productos","item":"https:\/\/tonello.com\/es\/productos\/"},{"@type":"ListItem","position":3,"name":"SPRAYING AND BRUSHING BOOTH"}]},{"@type":"WebSite","@id":"https:\/\/tonello.com\/es\/#website","url":"https:\/\/tonello.com\/es\/","name":"Tonello S.r.l.","description":"","publisher":{"@id":"https:\/\/tonello.com\/es\/#organization"},"potentialAction":[{"@type":"SearchAction","target":{"@type":"EntryPoint","urlTemplate":"https:\/\/tonello.com\/es\/?s={search_term_string}"},"query-input":{"@type":"PropertyValueSpecification","valueRequired":true,"valueName":"search_term_string"}}],"inLanguage":"es"},{"@type":"Organization","@id":"https:\/\/tonello.com\/es\/#organization","name":"Tonello S.r.l.","url":"https:\/\/tonello.com\/es\/","logo":{"@type":"ImageObject","inLanguage":"es","@id":"https:\/\/tonello.com\/es\/#\/schema\/logo\/image\/","url":"https:\/\/tonello.com\/wp-content\/uploads\/2023\/03\/Tonello_Logo_Claim.png","contentUrl":"https:\/\/tonello.com\/wp-content\/uploads\/2023\/03\/Tonello_Logo_Claim.png","width":490,"height":155,"caption":"Tonello S.r.l."},"image":{"@id":"https:\/\/tonello.com\/es\/#\/schema\/logo\/image\/"},"sameAs":["https:\/\/www.facebook.com\/tonellosrl\/","https:\/\/it.linkedin.com\/company\/tonello-s.r.l."]}]}},"_links":{"self":[{"href":"https:\/\/tonello.com\/es\/wp-json\/wp\/v2\/product\/1658","targetHints":{"allow":["GET"]}}],"collection":[{"href":"https:\/\/tonello.com\/es\/wp-json\/wp\/v2\/product"}],"about":[{"href":"https:\/\/tonello.com\/es\/wp-json\/wp\/v2\/types\/product"}],"wp:featuredmedia":[{"embeddable":true,"href":"https:\/\/tonello.com\/es\/wp-json\/wp\/v2\/media\/739"}],"wp:attachment":[{"href":"https:\/\/tonello.com\/es\/wp-json\/wp\/v2\/media?parent=1658"}],"wp:term":[{"taxonomy":"standard","embeddable":true,"href":"https:\/\/tonello.com\/es\/wp-json\/wp\/v2\/standard?post=1658"},{"taxonomy":"product_brand","embeddable":true,"href":"https:\/\/tonello.com\/es\/wp-json\/wp\/v2\/product_brand?post=1658"},{"taxonomy":"product_cat","embeddable":true,"href":"https:\/\/tonello.com\/es\/wp-json\/wp\/v2\/product_cat?post=1658"},{"taxonomy":"product_tag","embeddable":true,"href":"https:\/\/tonello.com\/es\/wp-json\/wp\/v2\/product_tag?post=1658"}],"curies":[{"name":"wp","href":"https:\/\/api.w.org\/{rel}","templated":true}]}}