{"id":1671,"date":"2023-03-09T10:09:50","date_gmt":"2023-03-09T09:09:50","guid":{"rendered":"https:\/\/tonello.com\/macchina\/g1-lw-lw3\/"},"modified":"2023-03-22T09:25:53","modified_gmt":"2023-03-22T08:25:53","slug":"g1-lw-lw3","status":"publish","type":"product","link":"https:\/\/tonello.com\/es\/macchina\/g1-lw-lw3\/","title":{"rendered":"G1 LW-LW3"},"content":{"rendered":"","protected":false},"excerpt":{"rendered":"<p>La <strong>G1 70 es la reina de las m\u00e1quinas para muestras de Tonello<\/strong>, ideal para probar y poner a punto los diferentes ciclos de lavado.<\/p>\n<p>Reproduce fielmente los procesos, los efectos y las prestaciones de las m\u00e1quinas de producci\u00f3n, a las que permite transferir directamente las recetas, con la <strong>misma relaci\u00f3n de ba\u00f1o<\/strong> y acci\u00f3n mec\u00e1nica.<\/p>\n<p>La <strong>lavadora<\/strong> est\u00e1 disponible en <strong>dos modelos con centrifuga de baja velocidad<\/strong>. El modelo <strong>LW3 tiene un tambor de volumen reducido<\/strong>, con el mismo di\u00e1metro, para reducir la carga m\u00ednima manteniendo la misma relaci\u00f3n de ba\u00f1o.<\/p>\n<p>En la G1 70 se <strong>pueden instalar todas las tecnolog\u00edas y los dispositivos Tonello m\u00e1s recientes<\/strong> e innovadores aplicables a las m\u00e1quinas de producci\u00f3n, tambi\u00e9n combinados entre ellos.<\/p>\n<p><strong>Modelos<\/strong>: G1 70 LW \u2013 G1 70 LW3<\/p>\n","protected":false},"featured_media":671,"template":"","meta":{"_acf_changed":false,"_et_pb_use_builder":"","_et_pb_old_content":"","_et_gb_content_width":""},"standard":[],"product_brand":[],"product_cat":[78,77],"product_tag":[],"class_list":{"0":"post-1671","1":"product","2":"type-product","3":"status-publish","4":"has-post-thumbnail","6":"product_cat-maquinas-de-lavado","7":"product_cat-maquinas-de-lavado-para-muestras","9":"first","10":"instock","11":"shipping-taxable","12":"product-type-simple"},"acf":[],"yoast_head":"<!-- This site is optimized with the Yoast SEO plugin v26.8 - https:\/\/yoast.com\/product\/yoast-seo-wordpress\/ -->\n<title>G1 LW-LW3 | M\u00e1quinas de lavado para muestras con centr\u00edfuga de baja velocidad - Tonello<\/title>\n<meta name=\"description\" content=\"Scopri subito sul sito Tonello G1 LW-LW3, M\u00e1quinas de lavado para muestras con centr\u00edfuga de baja velocidad.\" \/>\n<meta name=\"robots\" content=\"index, follow, max-snippet:-1, max-image-preview:large, max-video-preview:-1\" \/>\n<link rel=\"canonical\" href=\"https:\/\/tonello.com\/es\/macchina\/g1-lw-lw3\/\" \/>\n<meta property=\"og:locale\" content=\"es_ES\" \/>\n<meta property=\"og:type\" content=\"article\" \/>\n<meta property=\"og:title\" content=\"G1 LW-LW3 | M\u00e1quinas de lavado para muestras con centr\u00edfuga de baja velocidad - Tonello\" \/>\n<meta property=\"og:description\" content=\"Scopri subito sul sito Tonello G1 LW-LW3, M\u00e1quinas de lavado para muestras con centr\u00edfuga de baja velocidad.\" \/>\n<meta property=\"og:url\" content=\"https:\/\/tonello.com\/es\/macchina\/g1-lw-lw3\/\" \/>\n<meta property=\"og:site_name\" content=\"Tonello\" \/>\n<meta property=\"article:publisher\" content=\"https:\/\/www.facebook.com\/tonellosrl\/\" \/>\n<meta property=\"article:modified_time\" content=\"2023-03-22T08:25:53+00:00\" \/>\n<meta property=\"og:image\" content=\"https:\/\/tonello.com\/wp-content\/uploads\/2023\/03\/G1_70_LW1_tonello.jpeg\" \/>\n\t<meta property=\"og:image:width\" content=\"750\" \/>\n\t<meta property=\"og:image:height\" content=\"766\" \/>\n\t<meta property=\"og:image:type\" content=\"image\/jpeg\" \/>\n<meta name=\"twitter:card\" content=\"summary_large_image\" \/>\n<script type=\"application\/ld+json\" class=\"yoast-schema-graph\">{\"@context\":\"https:\/\/schema.org\",\"@graph\":[{\"@type\":\"WebPage\",\"@id\":\"https:\/\/tonello.com\/es\/macchina\/g1-lw-lw3\/\",\"url\":\"https:\/\/tonello.com\/es\/macchina\/g1-lw-lw3\/\",\"name\":\"G1 LW-LW3 | M\u00e1quinas de lavado para muestras con centr\u00edfuga de baja velocidad - Tonello\",\"isPartOf\":{\"@id\":\"https:\/\/tonello.com\/es\/#website\"},\"primaryImageOfPage\":{\"@id\":\"https:\/\/tonello.com\/es\/macchina\/g1-lw-lw3\/#primaryimage\"},\"image\":{\"@id\":\"https:\/\/tonello.com\/es\/macchina\/g1-lw-lw3\/#primaryimage\"},\"thumbnailUrl\":\"https:\/\/tonello.com\/wp-content\/uploads\/2023\/03\/G1_70_LW1_tonello.jpeg\",\"datePublished\":\"2023-03-09T09:09:50+00:00\",\"dateModified\":\"2023-03-22T08:25:53+00:00\",\"description\":\"Scopri subito sul sito Tonello G1 LW-LW3, M\u00e1quinas de lavado para muestras con centr\u00edfuga de baja velocidad.\",\"breadcrumb\":{\"@id\":\"https:\/\/tonello.com\/es\/macchina\/g1-lw-lw3\/#breadcrumb\"},\"inLanguage\":\"es\",\"potentialAction\":[{\"@type\":\"ReadAction\",\"target\":[\"https:\/\/tonello.com\/es\/macchina\/g1-lw-lw3\/\"]}]},{\"@type\":\"ImageObject\",\"inLanguage\":\"es\",\"@id\":\"https:\/\/tonello.com\/es\/macchina\/g1-lw-lw3\/#primaryimage\",\"url\":\"https:\/\/tonello.com\/wp-content\/uploads\/2023\/03\/G1_70_LW1_tonello.jpeg\",\"contentUrl\":\"https:\/\/tonello.com\/wp-content\/uploads\/2023\/03\/G1_70_LW1_tonello.jpeg\",\"width\":750,\"height\":766},{\"@type\":\"BreadcrumbList\",\"@id\":\"https:\/\/tonello.com\/es\/macchina\/g1-lw-lw3\/#breadcrumb\",\"itemListElement\":[{\"@type\":\"ListItem\",\"position\":1,\"name\":\"Home\",\"item\":\"https:\/\/tonello.com\/es\/\"},{\"@type\":\"ListItem\",\"position\":2,\"name\":\"Productos\",\"item\":\"https:\/\/tonello.com\/es\/productos\/\"},{\"@type\":\"ListItem\",\"position\":3,\"name\":\"G1 LW-LW3\"}]},{\"@type\":\"WebSite\",\"@id\":\"https:\/\/tonello.com\/es\/#website\",\"url\":\"https:\/\/tonello.com\/es\/\",\"name\":\"Tonello S.r.l.\",\"description\":\"\",\"publisher\":{\"@id\":\"https:\/\/tonello.com\/es\/#organization\"},\"potentialAction\":[{\"@type\":\"SearchAction\",\"target\":{\"@type\":\"EntryPoint\",\"urlTemplate\":\"https:\/\/tonello.com\/es\/?s={search_term_string}\"},\"query-input\":{\"@type\":\"PropertyValueSpecification\",\"valueRequired\":true,\"valueName\":\"search_term_string\"}}],\"inLanguage\":\"es\"},{\"@type\":\"Organization\",\"@id\":\"https:\/\/tonello.com\/es\/#organization\",\"name\":\"Tonello S.r.l.\",\"url\":\"https:\/\/tonello.com\/es\/\",\"logo\":{\"@type\":\"ImageObject\",\"inLanguage\":\"es\",\"@id\":\"https:\/\/tonello.com\/es\/#\/schema\/logo\/image\/\",\"url\":\"https:\/\/tonello.com\/wp-content\/uploads\/2023\/03\/Tonello_Logo_Claim.png\",\"contentUrl\":\"https:\/\/tonello.com\/wp-content\/uploads\/2023\/03\/Tonello_Logo_Claim.png\",\"width\":490,\"height\":155,\"caption\":\"Tonello S.r.l.\"},\"image\":{\"@id\":\"https:\/\/tonello.com\/es\/#\/schema\/logo\/image\/\"},\"sameAs\":[\"https:\/\/www.facebook.com\/tonellosrl\/\",\"https:\/\/it.linkedin.com\/company\/tonello-s.r.l.\"]}]}<\/script>\n<!-- \/ Yoast SEO plugin. -->","yoast_head_json":{"title":"G1 LW-LW3 | M\u00e1quinas de lavado para muestras con centr\u00edfuga de baja velocidad - Tonello","description":"Scopri subito sul sito Tonello G1 LW-LW3, M\u00e1quinas de lavado para muestras con centr\u00edfuga de baja velocidad.","robots":{"index":"index","follow":"follow","max-snippet":"max-snippet:-1","max-image-preview":"max-image-preview:large","max-video-preview":"max-video-preview:-1"},"canonical":"https:\/\/tonello.com\/es\/macchina\/g1-lw-lw3\/","og_locale":"es_ES","og_type":"article","og_title":"G1 LW-LW3 | M\u00e1quinas de lavado para muestras con centr\u00edfuga de baja velocidad - Tonello","og_description":"Scopri subito sul sito Tonello G1 LW-LW3, M\u00e1quinas de lavado para muestras con centr\u00edfuga de baja velocidad.","og_url":"https:\/\/tonello.com\/es\/macchina\/g1-lw-lw3\/","og_site_name":"Tonello","article_publisher":"https:\/\/www.facebook.com\/tonellosrl\/","article_modified_time":"2023-03-22T08:25:53+00:00","og_image":[{"width":750,"height":766,"url":"https:\/\/tonello.com\/wp-content\/uploads\/2023\/03\/G1_70_LW1_tonello.jpeg","type":"image\/jpeg"}],"twitter_card":"summary_large_image","schema":{"@context":"https:\/\/schema.org","@graph":[{"@type":"WebPage","@id":"https:\/\/tonello.com\/es\/macchina\/g1-lw-lw3\/","url":"https:\/\/tonello.com\/es\/macchina\/g1-lw-lw3\/","name":"G1 LW-LW3 | M\u00e1quinas de lavado para muestras con centr\u00edfuga de baja velocidad - Tonello","isPartOf":{"@id":"https:\/\/tonello.com\/es\/#website"},"primaryImageOfPage":{"@id":"https:\/\/tonello.com\/es\/macchina\/g1-lw-lw3\/#primaryimage"},"image":{"@id":"https:\/\/tonello.com\/es\/macchina\/g1-lw-lw3\/#primaryimage"},"thumbnailUrl":"https:\/\/tonello.com\/wp-content\/uploads\/2023\/03\/G1_70_LW1_tonello.jpeg","datePublished":"2023-03-09T09:09:50+00:00","dateModified":"2023-03-22T08:25:53+00:00","description":"Scopri subito sul sito Tonello G1 LW-LW3, M\u00e1quinas de lavado para muestras con centr\u00edfuga de baja velocidad.","breadcrumb":{"@id":"https:\/\/tonello.com\/es\/macchina\/g1-lw-lw3\/#breadcrumb"},"inLanguage":"es","potentialAction":[{"@type":"ReadAction","target":["https:\/\/tonello.com\/es\/macchina\/g1-lw-lw3\/"]}]},{"@type":"ImageObject","inLanguage":"es","@id":"https:\/\/tonello.com\/es\/macchina\/g1-lw-lw3\/#primaryimage","url":"https:\/\/tonello.com\/wp-content\/uploads\/2023\/03\/G1_70_LW1_tonello.jpeg","contentUrl":"https:\/\/tonello.com\/wp-content\/uploads\/2023\/03\/G1_70_LW1_tonello.jpeg","width":750,"height":766},{"@type":"BreadcrumbList","@id":"https:\/\/tonello.com\/es\/macchina\/g1-lw-lw3\/#breadcrumb","itemListElement":[{"@type":"ListItem","position":1,"name":"Home","item":"https:\/\/tonello.com\/es\/"},{"@type":"ListItem","position":2,"name":"Productos","item":"https:\/\/tonello.com\/es\/productos\/"},{"@type":"ListItem","position":3,"name":"G1 LW-LW3"}]},{"@type":"WebSite","@id":"https:\/\/tonello.com\/es\/#website","url":"https:\/\/tonello.com\/es\/","name":"Tonello S.r.l.","description":"","publisher":{"@id":"https:\/\/tonello.com\/es\/#organization"},"potentialAction":[{"@type":"SearchAction","target":{"@type":"EntryPoint","urlTemplate":"https:\/\/tonello.com\/es\/?s={search_term_string}"},"query-input":{"@type":"PropertyValueSpecification","valueRequired":true,"valueName":"search_term_string"}}],"inLanguage":"es"},{"@type":"Organization","@id":"https:\/\/tonello.com\/es\/#organization","name":"Tonello S.r.l.","url":"https:\/\/tonello.com\/es\/","logo":{"@type":"ImageObject","inLanguage":"es","@id":"https:\/\/tonello.com\/es\/#\/schema\/logo\/image\/","url":"https:\/\/tonello.com\/wp-content\/uploads\/2023\/03\/Tonello_Logo_Claim.png","contentUrl":"https:\/\/tonello.com\/wp-content\/uploads\/2023\/03\/Tonello_Logo_Claim.png","width":490,"height":155,"caption":"Tonello S.r.l."},"image":{"@id":"https:\/\/tonello.com\/es\/#\/schema\/logo\/image\/"},"sameAs":["https:\/\/www.facebook.com\/tonellosrl\/","https:\/\/it.linkedin.com\/company\/tonello-s.r.l."]}]}},"_links":{"self":[{"href":"https:\/\/tonello.com\/es\/wp-json\/wp\/v2\/product\/1671","targetHints":{"allow":["GET"]}}],"collection":[{"href":"https:\/\/tonello.com\/es\/wp-json\/wp\/v2\/product"}],"about":[{"href":"https:\/\/tonello.com\/es\/wp-json\/wp\/v2\/types\/product"}],"wp:featuredmedia":[{"embeddable":true,"href":"https:\/\/tonello.com\/es\/wp-json\/wp\/v2\/media\/671"}],"wp:attachment":[{"href":"https:\/\/tonello.com\/es\/wp-json\/wp\/v2\/media?parent=1671"}],"wp:term":[{"taxonomy":"standard","embeddable":true,"href":"https:\/\/tonello.com\/es\/wp-json\/wp\/v2\/standard?post=1671"},{"taxonomy":"product_brand","embeddable":true,"href":"https:\/\/tonello.com\/es\/wp-json\/wp\/v2\/product_brand?post=1671"},{"taxonomy":"product_cat","embeddable":true,"href":"https:\/\/tonello.com\/es\/wp-json\/wp\/v2\/product_cat?post=1671"},{"taxonomy":"product_tag","embeddable":true,"href":"https:\/\/tonello.com\/es\/wp-json\/wp\/v2\/product_tag?post=1671"}],"curies":[{"name":"wp","href":"https:\/\/api.w.org\/{rel}","templated":true}]}}