{"id":1672,"date":"2023-03-09T10:01:06","date_gmt":"2023-03-09T09:01:06","guid":{"rendered":"https:\/\/tonello.com\/macchina\/g1-hw\/"},"modified":"2023-03-22T09:27:37","modified_gmt":"2023-03-22T08:27:37","slug":"g1-hw","status":"publish","type":"product","link":"https:\/\/tonello.com\/es\/macchina\/g1-hw\/","title":{"rendered":"G1 HW"},"content":{"rendered":"","protected":false},"excerpt":{"rendered":"<p>La serie de <strong>m\u00e1quinas para muestras<\/strong> G1 HW incluye tres modelos dise\u00f1ados para satisfacer las diferentes necesidades de <strong>lavado<\/strong> sin comprometer la calidad de Tonello. Se trata de <strong>lavadoras<\/strong> equipadas con una <strong>centr\u00edfuga de alta velocidad<\/strong> y son indicadas para el <strong>muestreo<\/strong> de los diferentes procesos de lavado. Est\u00e1n equipadas de serie con un microprocesador de \u00faltima generaci\u00f3n y una pantalla Touch Screen.<\/p>\n<p><strong>Modelos<\/strong>: G1 16 HW \u2013 G1 35 HW \u2013 G1 60 HW<\/p>\n","protected":false},"featured_media":588,"template":"","meta":{"_acf_changed":false,"_et_pb_use_builder":"off","_et_pb_old_content":"","_et_gb_content_width":""},"standard":[],"product_brand":[],"product_cat":[78,77],"product_tag":[],"class_list":{"0":"post-1672","1":"product","2":"type-product","3":"status-publish","4":"has-post-thumbnail","6":"product_cat-maquinas-de-lavado","7":"product_cat-maquinas-de-lavado-para-muestras","9":"first","10":"instock","11":"shipping-taxable","12":"product-type-simple"},"acf":[],"yoast_head":"<!-- This site is optimized with the Yoast SEO plugin v26.8 - https:\/\/yoast.com\/product\/yoast-seo-wordpress\/ -->\n<title>G1 HW | M\u00e1quinas de lavado para muestras con centr\u00edfuga de alta velocidad - Tonello<\/title>\n<meta name=\"description\" content=\"Scopri subito sul sito Tonello G1 HW, M\u00e1quinas de lavado para muestras con centr\u00edfuga de alta velocidad.\" \/>\n<meta name=\"robots\" content=\"index, follow, max-snippet:-1, max-image-preview:large, max-video-preview:-1\" \/>\n<link rel=\"canonical\" href=\"https:\/\/tonello.com\/es\/macchina\/g1-hw\/\" \/>\n<meta property=\"og:locale\" content=\"es_ES\" \/>\n<meta property=\"og:type\" content=\"article\" \/>\n<meta property=\"og:title\" content=\"G1 HW | M\u00e1quinas de lavado para muestras con centr\u00edfuga de alta velocidad - Tonello\" \/>\n<meta property=\"og:description\" content=\"Scopri subito sul sito Tonello G1 HW, M\u00e1quinas de lavado para muestras con centr\u00edfuga de alta velocidad.\" \/>\n<meta property=\"og:url\" content=\"https:\/\/tonello.com\/es\/macchina\/g1-hw\/\" \/>\n<meta property=\"og:site_name\" content=\"Tonello\" \/>\n<meta property=\"article:publisher\" content=\"https:\/\/www.facebook.com\/tonellosrl\/\" \/>\n<meta property=\"article:modified_time\" content=\"2023-03-22T08:27:37+00:00\" \/>\n<meta property=\"og:image\" content=\"https:\/\/tonello.com\/wp-content\/uploads\/2023\/02\/G1_60_HW_tonello.jpg\" \/>\n\t<meta property=\"og:image:width\" content=\"500\" \/>\n\t<meta property=\"og:image:height\" content=\"511\" \/>\n\t<meta property=\"og:image:type\" content=\"image\/jpeg\" \/>\n<meta name=\"twitter:card\" content=\"summary_large_image\" \/>\n<script type=\"application\/ld+json\" class=\"yoast-schema-graph\">{\"@context\":\"https:\/\/schema.org\",\"@graph\":[{\"@type\":\"WebPage\",\"@id\":\"https:\/\/tonello.com\/es\/macchina\/g1-hw\/\",\"url\":\"https:\/\/tonello.com\/es\/macchina\/g1-hw\/\",\"name\":\"G1 HW | M\u00e1quinas de lavado para muestras con centr\u00edfuga de alta velocidad - Tonello\",\"isPartOf\":{\"@id\":\"https:\/\/tonello.com\/es\/#website\"},\"primaryImageOfPage\":{\"@id\":\"https:\/\/tonello.com\/es\/macchina\/g1-hw\/#primaryimage\"},\"image\":{\"@id\":\"https:\/\/tonello.com\/es\/macchina\/g1-hw\/#primaryimage\"},\"thumbnailUrl\":\"https:\/\/tonello.com\/wp-content\/uploads\/2023\/02\/G1_60_HW_tonello.jpg\",\"datePublished\":\"2023-03-09T09:01:06+00:00\",\"dateModified\":\"2023-03-22T08:27:37+00:00\",\"description\":\"Scopri subito sul sito Tonello G1 HW, M\u00e1quinas de lavado para muestras con centr\u00edfuga de alta velocidad.\",\"breadcrumb\":{\"@id\":\"https:\/\/tonello.com\/es\/macchina\/g1-hw\/#breadcrumb\"},\"inLanguage\":\"es\",\"potentialAction\":[{\"@type\":\"ReadAction\",\"target\":[\"https:\/\/tonello.com\/es\/macchina\/g1-hw\/\"]}]},{\"@type\":\"ImageObject\",\"inLanguage\":\"es\",\"@id\":\"https:\/\/tonello.com\/es\/macchina\/g1-hw\/#primaryimage\",\"url\":\"https:\/\/tonello.com\/wp-content\/uploads\/2023\/02\/G1_60_HW_tonello.jpg\",\"contentUrl\":\"https:\/\/tonello.com\/wp-content\/uploads\/2023\/02\/G1_60_HW_tonello.jpg\",\"width\":500,\"height\":511},{\"@type\":\"BreadcrumbList\",\"@id\":\"https:\/\/tonello.com\/es\/macchina\/g1-hw\/#breadcrumb\",\"itemListElement\":[{\"@type\":\"ListItem\",\"position\":1,\"name\":\"Home\",\"item\":\"https:\/\/tonello.com\/es\/\"},{\"@type\":\"ListItem\",\"position\":2,\"name\":\"Productos\",\"item\":\"https:\/\/tonello.com\/es\/productos\/\"},{\"@type\":\"ListItem\",\"position\":3,\"name\":\"G1 HW\"}]},{\"@type\":\"WebSite\",\"@id\":\"https:\/\/tonello.com\/es\/#website\",\"url\":\"https:\/\/tonello.com\/es\/\",\"name\":\"Tonello S.r.l.\",\"description\":\"\",\"publisher\":{\"@id\":\"https:\/\/tonello.com\/es\/#organization\"},\"potentialAction\":[{\"@type\":\"SearchAction\",\"target\":{\"@type\":\"EntryPoint\",\"urlTemplate\":\"https:\/\/tonello.com\/es\/?s={search_term_string}\"},\"query-input\":{\"@type\":\"PropertyValueSpecification\",\"valueRequired\":true,\"valueName\":\"search_term_string\"}}],\"inLanguage\":\"es\"},{\"@type\":\"Organization\",\"@id\":\"https:\/\/tonello.com\/es\/#organization\",\"name\":\"Tonello S.r.l.\",\"url\":\"https:\/\/tonello.com\/es\/\",\"logo\":{\"@type\":\"ImageObject\",\"inLanguage\":\"es\",\"@id\":\"https:\/\/tonello.com\/es\/#\/schema\/logo\/image\/\",\"url\":\"https:\/\/tonello.com\/wp-content\/uploads\/2023\/03\/Tonello_Logo_Claim.png\",\"contentUrl\":\"https:\/\/tonello.com\/wp-content\/uploads\/2023\/03\/Tonello_Logo_Claim.png\",\"width\":490,\"height\":155,\"caption\":\"Tonello S.r.l.\"},\"image\":{\"@id\":\"https:\/\/tonello.com\/es\/#\/schema\/logo\/image\/\"},\"sameAs\":[\"https:\/\/www.facebook.com\/tonellosrl\/\",\"https:\/\/it.linkedin.com\/company\/tonello-s.r.l.\"]}]}<\/script>\n<!-- \/ Yoast SEO plugin. -->","yoast_head_json":{"title":"G1 HW | M\u00e1quinas de lavado para muestras con centr\u00edfuga de alta velocidad - Tonello","description":"Scopri subito sul sito Tonello G1 HW, M\u00e1quinas de lavado para muestras con centr\u00edfuga de alta velocidad.","robots":{"index":"index","follow":"follow","max-snippet":"max-snippet:-1","max-image-preview":"max-image-preview:large","max-video-preview":"max-video-preview:-1"},"canonical":"https:\/\/tonello.com\/es\/macchina\/g1-hw\/","og_locale":"es_ES","og_type":"article","og_title":"G1 HW | M\u00e1quinas de lavado para muestras con centr\u00edfuga de alta velocidad - Tonello","og_description":"Scopri subito sul sito Tonello G1 HW, M\u00e1quinas de lavado para muestras con centr\u00edfuga de alta velocidad.","og_url":"https:\/\/tonello.com\/es\/macchina\/g1-hw\/","og_site_name":"Tonello","article_publisher":"https:\/\/www.facebook.com\/tonellosrl\/","article_modified_time":"2023-03-22T08:27:37+00:00","og_image":[{"width":500,"height":511,"url":"https:\/\/tonello.com\/wp-content\/uploads\/2023\/02\/G1_60_HW_tonello.jpg","type":"image\/jpeg"}],"twitter_card":"summary_large_image","schema":{"@context":"https:\/\/schema.org","@graph":[{"@type":"WebPage","@id":"https:\/\/tonello.com\/es\/macchina\/g1-hw\/","url":"https:\/\/tonello.com\/es\/macchina\/g1-hw\/","name":"G1 HW | M\u00e1quinas de lavado para muestras con centr\u00edfuga de alta velocidad - Tonello","isPartOf":{"@id":"https:\/\/tonello.com\/es\/#website"},"primaryImageOfPage":{"@id":"https:\/\/tonello.com\/es\/macchina\/g1-hw\/#primaryimage"},"image":{"@id":"https:\/\/tonello.com\/es\/macchina\/g1-hw\/#primaryimage"},"thumbnailUrl":"https:\/\/tonello.com\/wp-content\/uploads\/2023\/02\/G1_60_HW_tonello.jpg","datePublished":"2023-03-09T09:01:06+00:00","dateModified":"2023-03-22T08:27:37+00:00","description":"Scopri subito sul sito Tonello G1 HW, M\u00e1quinas de lavado para muestras con centr\u00edfuga de alta velocidad.","breadcrumb":{"@id":"https:\/\/tonello.com\/es\/macchina\/g1-hw\/#breadcrumb"},"inLanguage":"es","potentialAction":[{"@type":"ReadAction","target":["https:\/\/tonello.com\/es\/macchina\/g1-hw\/"]}]},{"@type":"ImageObject","inLanguage":"es","@id":"https:\/\/tonello.com\/es\/macchina\/g1-hw\/#primaryimage","url":"https:\/\/tonello.com\/wp-content\/uploads\/2023\/02\/G1_60_HW_tonello.jpg","contentUrl":"https:\/\/tonello.com\/wp-content\/uploads\/2023\/02\/G1_60_HW_tonello.jpg","width":500,"height":511},{"@type":"BreadcrumbList","@id":"https:\/\/tonello.com\/es\/macchina\/g1-hw\/#breadcrumb","itemListElement":[{"@type":"ListItem","position":1,"name":"Home","item":"https:\/\/tonello.com\/es\/"},{"@type":"ListItem","position":2,"name":"Productos","item":"https:\/\/tonello.com\/es\/productos\/"},{"@type":"ListItem","position":3,"name":"G1 HW"}]},{"@type":"WebSite","@id":"https:\/\/tonello.com\/es\/#website","url":"https:\/\/tonello.com\/es\/","name":"Tonello S.r.l.","description":"","publisher":{"@id":"https:\/\/tonello.com\/es\/#organization"},"potentialAction":[{"@type":"SearchAction","target":{"@type":"EntryPoint","urlTemplate":"https:\/\/tonello.com\/es\/?s={search_term_string}"},"query-input":{"@type":"PropertyValueSpecification","valueRequired":true,"valueName":"search_term_string"}}],"inLanguage":"es"},{"@type":"Organization","@id":"https:\/\/tonello.com\/es\/#organization","name":"Tonello S.r.l.","url":"https:\/\/tonello.com\/es\/","logo":{"@type":"ImageObject","inLanguage":"es","@id":"https:\/\/tonello.com\/es\/#\/schema\/logo\/image\/","url":"https:\/\/tonello.com\/wp-content\/uploads\/2023\/03\/Tonello_Logo_Claim.png","contentUrl":"https:\/\/tonello.com\/wp-content\/uploads\/2023\/03\/Tonello_Logo_Claim.png","width":490,"height":155,"caption":"Tonello S.r.l."},"image":{"@id":"https:\/\/tonello.com\/es\/#\/schema\/logo\/image\/"},"sameAs":["https:\/\/www.facebook.com\/tonellosrl\/","https:\/\/it.linkedin.com\/company\/tonello-s.r.l."]}]}},"_links":{"self":[{"href":"https:\/\/tonello.com\/es\/wp-json\/wp\/v2\/product\/1672","targetHints":{"allow":["GET"]}}],"collection":[{"href":"https:\/\/tonello.com\/es\/wp-json\/wp\/v2\/product"}],"about":[{"href":"https:\/\/tonello.com\/es\/wp-json\/wp\/v2\/types\/product"}],"wp:featuredmedia":[{"embeddable":true,"href":"https:\/\/tonello.com\/es\/wp-json\/wp\/v2\/media\/588"}],"wp:attachment":[{"href":"https:\/\/tonello.com\/es\/wp-json\/wp\/v2\/media?parent=1672"}],"wp:term":[{"taxonomy":"standard","embeddable":true,"href":"https:\/\/tonello.com\/es\/wp-json\/wp\/v2\/standard?post=1672"},{"taxonomy":"product_brand","embeddable":true,"href":"https:\/\/tonello.com\/es\/wp-json\/wp\/v2\/product_brand?post=1672"},{"taxonomy":"product_cat","embeddable":true,"href":"https:\/\/tonello.com\/es\/wp-json\/wp\/v2\/product_cat?post=1672"},{"taxonomy":"product_tag","embeddable":true,"href":"https:\/\/tonello.com\/es\/wp-json\/wp\/v2\/product_tag?post=1672"}],"curies":[{"name":"wp","href":"https:\/\/api.w.org\/{rel}","templated":true}]}}