{"id":3802,"date":"2025-02-17T15:56:07","date_gmt":"2025-02-17T14:56:07","guid":{"rendered":"https:\/\/tonello.com\/?post_type=product&#038;p=3802"},"modified":"2025-07-15T16:05:07","modified_gmt":"2025-07-15T14:05:07","slug":"the-laser-2-0","status":"publish","type":"product","link":"https:\/\/tonello.com\/es\/macchina\/the-laser-2-0\/","title":{"rendered":"THE Laser 2.0"},"content":{"rendered":"","protected":false},"excerpt":{"rendered":"<p data-start=\"91\" data-end=\"372\">M\u00e1quina l\u00e1ser dise\u00f1ada para <strong data-start=\"91\" data-end=\"248\">trabajos en horizontal sobre una mesa fija<\/strong>, ideal para el muestreo y la producci\u00f3n en un amplio \u00e1rea de trabajo (150\u00d7150 cm).<br \/>\nSu dise\u00f1o innovador y compacto mejora la productividad y la flexibilidad, ofreciendo una<strong> velocidad de marcaje superior<\/strong>.<\/p>\n<p data-start=\"374\" data-end=\"548\">Est\u00e1 controlada por <a href=\"https:\/\/tonello.com\/es\/componente\/crea\/\"><strong>CREA, el software actualizado<\/strong> <\/a>que garantiza un rendimiento optimizado, un sistema m\u00e1s \u00e1gil y eficiente, y una interfaz de usuario a\u00fan m\u00e1s intuitiva.<\/p>\n<p>&nbsp;<\/p>\n<ul>\n<li data-start=\"374\" data-end=\"548\"><strong>Mayor velocidad de procesamiento<\/strong> sin comprometer la precisi\u00f3n<\/li>\n<li data-start=\"374\" data-end=\"548\"><strong>PC<\/strong> y <strong>PLC mejorados<\/strong> con un procesador m\u00e1s r\u00e1pido<\/li>\n<li data-start=\"374\" data-end=\"548\"><strong>CPU m\u00e1s potente<\/strong> para una estabilidad superior<\/li>\n<li data-start=\"374\" data-end=\"548\"><strong>Fuente l\u00e1ser digital de \u00faltima generaci\u00f3n<\/strong> con regulaci\u00f3n de temperatura de los espejos<\/li>\n<li data-start=\"374\" data-end=\"548\"><strong>Placas electr\u00f3nicas de alto rendimiento<\/strong> para conexiones estables<\/li>\n<li data-start=\"374\" data-end=\"548\"><strong>Motor central optimizado<\/strong> para un marcaje m\u00e1s preciso y estable<\/li>\n<li data-start=\"374\" data-end=\"548\"><strong>Reequipable<\/strong> con instalaci\u00f3n r\u00e1pida de componentes opcionales<\/li>\n<\/ul>\n","protected":false},"featured_media":3924,"template":"","meta":{"_acf_changed":false,"_et_pb_use_builder":"","_et_pb_old_content":"","_et_gb_content_width":""},"standard":[],"product_brand":[],"product_cat":[80],"product_tag":[112],"class_list":{"0":"post-3802","1":"product","2":"type-product","3":"status-publish","4":"has-post-thumbnail","6":"product_cat-the-laser-es","7":"product_tag-the-laser-2-0-es","9":"first","10":"instock","11":"shipping-taxable","12":"product-type-simple"},"acf":[],"yoast_head":"<!-- This site is optimized with the Yoast SEO plugin v26.8 - https:\/\/yoast.com\/product\/yoast-seo-wordpress\/ -->\n<title>THE Laser 2.0 | El L\u00e1ser m\u00e1s R\u00e1pido de Siempre - Tonello<\/title>\n<meta name=\"description\" content=\"THE Laser 2.0 es el l\u00e1ser m\u00e1s r\u00e1pido de Tonello, dise\u00f1ado para operar en horizontal sobre una mesa fija, ideal para muestreo y producci\u00f3n.\" \/>\n<meta name=\"robots\" content=\"index, follow, max-snippet:-1, max-image-preview:large, max-video-preview:-1\" \/>\n<link rel=\"canonical\" href=\"https:\/\/tonello.com\/es\/macchina\/the-laser-2-0\/\" \/>\n<meta property=\"og:locale\" content=\"es_ES\" \/>\n<meta property=\"og:type\" content=\"article\" \/>\n<meta property=\"og:title\" content=\"THE Laser 2.0 | El L\u00e1ser m\u00e1s R\u00e1pido de Siempre - Tonello\" \/>\n<meta property=\"og:description\" content=\"THE Laser 2.0 es el l\u00e1ser m\u00e1s r\u00e1pido de Tonello, dise\u00f1ado para operar en horizontal sobre una mesa fija, ideal para muestreo y producci\u00f3n.\" \/>\n<meta property=\"og:url\" content=\"https:\/\/tonello.com\/es\/macchina\/the-laser-2-0\/\" \/>\n<meta property=\"og:site_name\" content=\"Tonello\" \/>\n<meta property=\"article:publisher\" content=\"https:\/\/www.facebook.com\/tonellosrl\/\" \/>\n<meta property=\"article:modified_time\" content=\"2025-07-15T14:05:07+00:00\" \/>\n<meta property=\"og:image\" content=\"https:\/\/tonello.com\/wp-content\/uploads\/2025\/02\/THE-Laser-2.0-1.png\" \/>\n\t<meta property=\"og:image:width\" content=\"600\" \/>\n\t<meta property=\"og:image:height\" content=\"600\" \/>\n\t<meta property=\"og:image:type\" content=\"image\/png\" \/>\n<meta name=\"twitter:card\" content=\"summary_large_image\" \/>\n<meta name=\"twitter:label1\" content=\"Tiempo de lectura\" \/>\n\t<meta name=\"twitter:data1\" content=\"1 minuto\" \/>\n<script type=\"application\/ld+json\" class=\"yoast-schema-graph\">{\"@context\":\"https:\/\/schema.org\",\"@graph\":[{\"@type\":\"WebPage\",\"@id\":\"https:\/\/tonello.com\/es\/macchina\/the-laser-2-0\/\",\"url\":\"https:\/\/tonello.com\/es\/macchina\/the-laser-2-0\/\",\"name\":\"THE Laser 2.0 | El L\u00e1ser m\u00e1s R\u00e1pido de Siempre - Tonello\",\"isPartOf\":{\"@id\":\"https:\/\/tonello.com\/es\/#website\"},\"primaryImageOfPage\":{\"@id\":\"https:\/\/tonello.com\/es\/macchina\/the-laser-2-0\/#primaryimage\"},\"image\":{\"@id\":\"https:\/\/tonello.com\/es\/macchina\/the-laser-2-0\/#primaryimage\"},\"thumbnailUrl\":\"https:\/\/tonello.com\/wp-content\/uploads\/2025\/02\/THE-Laser-2.0-1.png\",\"datePublished\":\"2025-02-17T14:56:07+00:00\",\"dateModified\":\"2025-07-15T14:05:07+00:00\",\"description\":\"THE Laser 2.0 es el l\u00e1ser m\u00e1s r\u00e1pido de Tonello, dise\u00f1ado para operar en horizontal sobre una mesa fija, ideal para muestreo y producci\u00f3n.\",\"breadcrumb\":{\"@id\":\"https:\/\/tonello.com\/es\/macchina\/the-laser-2-0\/#breadcrumb\"},\"inLanguage\":\"es\",\"potentialAction\":[{\"@type\":\"ReadAction\",\"target\":[\"https:\/\/tonello.com\/es\/macchina\/the-laser-2-0\/\"]}]},{\"@type\":\"ImageObject\",\"inLanguage\":\"es\",\"@id\":\"https:\/\/tonello.com\/es\/macchina\/the-laser-2-0\/#primaryimage\",\"url\":\"https:\/\/tonello.com\/wp-content\/uploads\/2025\/02\/THE-Laser-2.0-1.png\",\"contentUrl\":\"https:\/\/tonello.com\/wp-content\/uploads\/2025\/02\/THE-Laser-2.0-1.png\",\"width\":600,\"height\":600},{\"@type\":\"BreadcrumbList\",\"@id\":\"https:\/\/tonello.com\/es\/macchina\/the-laser-2-0\/#breadcrumb\",\"itemListElement\":[{\"@type\":\"ListItem\",\"position\":1,\"name\":\"Home\",\"item\":\"https:\/\/tonello.com\/es\/\"},{\"@type\":\"ListItem\",\"position\":2,\"name\":\"Productos\",\"item\":\"https:\/\/tonello.com\/es\/productos\/\"},{\"@type\":\"ListItem\",\"position\":3,\"name\":\"THE Laser 2.0\"}]},{\"@type\":\"WebSite\",\"@id\":\"https:\/\/tonello.com\/es\/#website\",\"url\":\"https:\/\/tonello.com\/es\/\",\"name\":\"Tonello S.r.l.\",\"description\":\"\",\"publisher\":{\"@id\":\"https:\/\/tonello.com\/es\/#organization\"},\"potentialAction\":[{\"@type\":\"SearchAction\",\"target\":{\"@type\":\"EntryPoint\",\"urlTemplate\":\"https:\/\/tonello.com\/es\/?s={search_term_string}\"},\"query-input\":{\"@type\":\"PropertyValueSpecification\",\"valueRequired\":true,\"valueName\":\"search_term_string\"}}],\"inLanguage\":\"es\"},{\"@type\":\"Organization\",\"@id\":\"https:\/\/tonello.com\/es\/#organization\",\"name\":\"Tonello S.r.l.\",\"url\":\"https:\/\/tonello.com\/es\/\",\"logo\":{\"@type\":\"ImageObject\",\"inLanguage\":\"es\",\"@id\":\"https:\/\/tonello.com\/es\/#\/schema\/logo\/image\/\",\"url\":\"https:\/\/tonello.com\/wp-content\/uploads\/2023\/03\/Tonello_Logo_Claim.png\",\"contentUrl\":\"https:\/\/tonello.com\/wp-content\/uploads\/2023\/03\/Tonello_Logo_Claim.png\",\"width\":490,\"height\":155,\"caption\":\"Tonello S.r.l.\"},\"image\":{\"@id\":\"https:\/\/tonello.com\/es\/#\/schema\/logo\/image\/\"},\"sameAs\":[\"https:\/\/www.facebook.com\/tonellosrl\/\",\"https:\/\/it.linkedin.com\/company\/tonello-s.r.l.\"]}]}<\/script>\n<!-- \/ Yoast SEO plugin. -->","yoast_head_json":{"title":"THE Laser 2.0 | El L\u00e1ser m\u00e1s R\u00e1pido de Siempre - Tonello","description":"THE Laser 2.0 es el l\u00e1ser m\u00e1s r\u00e1pido de Tonello, dise\u00f1ado para operar en horizontal sobre una mesa fija, ideal para muestreo y producci\u00f3n.","robots":{"index":"index","follow":"follow","max-snippet":"max-snippet:-1","max-image-preview":"max-image-preview:large","max-video-preview":"max-video-preview:-1"},"canonical":"https:\/\/tonello.com\/es\/macchina\/the-laser-2-0\/","og_locale":"es_ES","og_type":"article","og_title":"THE Laser 2.0 | El L\u00e1ser m\u00e1s R\u00e1pido de Siempre - Tonello","og_description":"THE Laser 2.0 es el l\u00e1ser m\u00e1s r\u00e1pido de Tonello, dise\u00f1ado para operar en horizontal sobre una mesa fija, ideal para muestreo y producci\u00f3n.","og_url":"https:\/\/tonello.com\/es\/macchina\/the-laser-2-0\/","og_site_name":"Tonello","article_publisher":"https:\/\/www.facebook.com\/tonellosrl\/","article_modified_time":"2025-07-15T14:05:07+00:00","og_image":[{"width":600,"height":600,"url":"https:\/\/tonello.com\/wp-content\/uploads\/2025\/02\/THE-Laser-2.0-1.png","type":"image\/png"}],"twitter_card":"summary_large_image","twitter_misc":{"Tiempo de lectura":"1 minuto"},"schema":{"@context":"https:\/\/schema.org","@graph":[{"@type":"WebPage","@id":"https:\/\/tonello.com\/es\/macchina\/the-laser-2-0\/","url":"https:\/\/tonello.com\/es\/macchina\/the-laser-2-0\/","name":"THE Laser 2.0 | El L\u00e1ser m\u00e1s R\u00e1pido de Siempre - Tonello","isPartOf":{"@id":"https:\/\/tonello.com\/es\/#website"},"primaryImageOfPage":{"@id":"https:\/\/tonello.com\/es\/macchina\/the-laser-2-0\/#primaryimage"},"image":{"@id":"https:\/\/tonello.com\/es\/macchina\/the-laser-2-0\/#primaryimage"},"thumbnailUrl":"https:\/\/tonello.com\/wp-content\/uploads\/2025\/02\/THE-Laser-2.0-1.png","datePublished":"2025-02-17T14:56:07+00:00","dateModified":"2025-07-15T14:05:07+00:00","description":"THE Laser 2.0 es el l\u00e1ser m\u00e1s r\u00e1pido de Tonello, dise\u00f1ado para operar en horizontal sobre una mesa fija, ideal para muestreo y producci\u00f3n.","breadcrumb":{"@id":"https:\/\/tonello.com\/es\/macchina\/the-laser-2-0\/#breadcrumb"},"inLanguage":"es","potentialAction":[{"@type":"ReadAction","target":["https:\/\/tonello.com\/es\/macchina\/the-laser-2-0\/"]}]},{"@type":"ImageObject","inLanguage":"es","@id":"https:\/\/tonello.com\/es\/macchina\/the-laser-2-0\/#primaryimage","url":"https:\/\/tonello.com\/wp-content\/uploads\/2025\/02\/THE-Laser-2.0-1.png","contentUrl":"https:\/\/tonello.com\/wp-content\/uploads\/2025\/02\/THE-Laser-2.0-1.png","width":600,"height":600},{"@type":"BreadcrumbList","@id":"https:\/\/tonello.com\/es\/macchina\/the-laser-2-0\/#breadcrumb","itemListElement":[{"@type":"ListItem","position":1,"name":"Home","item":"https:\/\/tonello.com\/es\/"},{"@type":"ListItem","position":2,"name":"Productos","item":"https:\/\/tonello.com\/es\/productos\/"},{"@type":"ListItem","position":3,"name":"THE Laser 2.0"}]},{"@type":"WebSite","@id":"https:\/\/tonello.com\/es\/#website","url":"https:\/\/tonello.com\/es\/","name":"Tonello S.r.l.","description":"","publisher":{"@id":"https:\/\/tonello.com\/es\/#organization"},"potentialAction":[{"@type":"SearchAction","target":{"@type":"EntryPoint","urlTemplate":"https:\/\/tonello.com\/es\/?s={search_term_string}"},"query-input":{"@type":"PropertyValueSpecification","valueRequired":true,"valueName":"search_term_string"}}],"inLanguage":"es"},{"@type":"Organization","@id":"https:\/\/tonello.com\/es\/#organization","name":"Tonello S.r.l.","url":"https:\/\/tonello.com\/es\/","logo":{"@type":"ImageObject","inLanguage":"es","@id":"https:\/\/tonello.com\/es\/#\/schema\/logo\/image\/","url":"https:\/\/tonello.com\/wp-content\/uploads\/2023\/03\/Tonello_Logo_Claim.png","contentUrl":"https:\/\/tonello.com\/wp-content\/uploads\/2023\/03\/Tonello_Logo_Claim.png","width":490,"height":155,"caption":"Tonello S.r.l."},"image":{"@id":"https:\/\/tonello.com\/es\/#\/schema\/logo\/image\/"},"sameAs":["https:\/\/www.facebook.com\/tonellosrl\/","https:\/\/it.linkedin.com\/company\/tonello-s.r.l."]}]}},"_links":{"self":[{"href":"https:\/\/tonello.com\/es\/wp-json\/wp\/v2\/product\/3802","targetHints":{"allow":["GET"]}}],"collection":[{"href":"https:\/\/tonello.com\/es\/wp-json\/wp\/v2\/product"}],"about":[{"href":"https:\/\/tonello.com\/es\/wp-json\/wp\/v2\/types\/product"}],"wp:featuredmedia":[{"embeddable":true,"href":"https:\/\/tonello.com\/es\/wp-json\/wp\/v2\/media\/3924"}],"wp:attachment":[{"href":"https:\/\/tonello.com\/es\/wp-json\/wp\/v2\/media?parent=3802"}],"wp:term":[{"taxonomy":"standard","embeddable":true,"href":"https:\/\/tonello.com\/es\/wp-json\/wp\/v2\/standard?post=3802"},{"taxonomy":"product_brand","embeddable":true,"href":"https:\/\/tonello.com\/es\/wp-json\/wp\/v2\/product_brand?post=3802"},{"taxonomy":"product_cat","embeddable":true,"href":"https:\/\/tonello.com\/es\/wp-json\/wp\/v2\/product_cat?post=3802"},{"taxonomy":"product_tag","embeddable":true,"href":"https:\/\/tonello.com\/es\/wp-json\/wp\/v2\/product_tag?post=3802"}],"curies":[{"name":"wp","href":"https:\/\/api.w.org\/{rel}","templated":true}]}}