{"id":3914,"date":"2025-02-21T16:56:48","date_gmt":"2025-02-21T15:56:48","guid":{"rendered":"https:\/\/tonello.com\/?post_type=product&#038;p=3914"},"modified":"2025-04-28T16:30:10","modified_gmt":"2025-04-28T14:30:10","slug":"td-400-500-600","status":"publish","type":"product","link":"https:\/\/tonello.com\/es\/macchina\/td-400-500-600\/","title":{"rendered":"TD 400\/500\/600"},"content":{"rendered":"","protected":false},"excerpt":{"rendered":"<p>Las secadoras Tonello<strong> TD 400<\/strong>, <strong>TD 500<\/strong> y <strong>TD 600<\/strong> est\u00e1n dise\u00f1adas para <strong>grandes producciones<\/strong>, ofreciendo m\u00e1xima eficiencia, alto rendimiento y un secado uniforme incluso para cargas de gran volumen.<\/p>\n<p>Todos los modelos est\u00e1n disponibles con <strong>calefacci\u00f3n a vapor, a gas<\/strong>\u00a0o en la variante con <strong>calefacci\u00f3n por aceite diat\u00e9rmico<\/strong>.<\/p>\n<p>Las secadoras pueden configurarse en<strong> versi\u00f3n basculante autom\u00e1tica para descarga de prendas (T), para carga y descarga de <\/strong><strong>prendas (TT) o con dos puertas (DD)<\/strong>. Todas las m\u00e1quinas basculantes est\u00e1n equipadas con puertas neum\u00e1ticas, tanto delanteras como traseras, para una gesti\u00f3n m\u00e1s eficaz del proceso de secado.<\/p>\n","protected":false},"featured_media":3903,"template":"","meta":{"_acf_changed":false,"_et_pb_use_builder":"","_et_pb_old_content":"","_et_gb_content_width":""},"standard":[157,155,161,159,165,163,167,153,169],"product_brand":[],"product_cat":[76],"product_tag":[126,128],"class_list":{"0":"post-3914","1":"product","2":"type-product","3":"status-publish","4":"has-post-thumbnail","6":"standard-bateria-unica-en-todos-los-modelos","7":"standard-diametro-ampliado-del-tambor","8":"standard-flujo-de-aire-mejorado","9":"standard-panel-de-pantalla-tactil","10":"standard-puerta-aumentada","11":"standard-seguridad-mejorada","12":"standard-sonda-de-temperatura","13":"standard-tambor-de-alta-permeabilidad","14":"standard-transmision-con-inversor","15":"product_cat-secadoras-y-hornos","16":"product_tag-secadoras","17":"product_tag-secadoras-tonello","19":"first","20":"instock","21":"shipping-taxable","22":"product-type-simple"},"acf":[],"yoast_head":"<!-- This site is optimized with the Yoast SEO plugin v26.8 - https:\/\/yoast.com\/product\/yoast-seo-wordpress\/ -->\n<title>TD 400\/500\/600 | Secadoras de media producci\u00f3n - Tonello<\/title>\n<meta name=\"description\" content=\"Las secadoras Tonello TD 400, TD 500 y TD 600 ofrecen la m\u00e1xima eficacia para grandes producciones. Disponibles con diferentes opciones de basculaci\u00f3n.\" \/>\n<meta name=\"robots\" content=\"index, follow, max-snippet:-1, max-image-preview:large, max-video-preview:-1\" \/>\n<link rel=\"canonical\" href=\"https:\/\/tonello.com\/es\/macchina\/td-400-500-600\/\" \/>\n<meta property=\"og:locale\" content=\"es_ES\" \/>\n<meta property=\"og:type\" content=\"article\" \/>\n<meta property=\"og:title\" content=\"TD 400\/500\/600 | Secadoras de media producci\u00f3n - Tonello\" \/>\n<meta property=\"og:description\" content=\"Las secadoras Tonello TD 400, TD 500 y TD 600 ofrecen la m\u00e1xima eficacia para grandes producciones. Disponibles con diferentes opciones de basculaci\u00f3n.\" \/>\n<meta property=\"og:url\" content=\"https:\/\/tonello.com\/es\/macchina\/td-400-500-600\/\" \/>\n<meta property=\"og:site_name\" content=\"Tonello\" \/>\n<meta property=\"article:publisher\" content=\"https:\/\/www.facebook.com\/tonellosrl\/\" \/>\n<meta property=\"article:modified_time\" content=\"2025-04-28T14:30:10+00:00\" \/>\n<meta property=\"og:image\" content=\"https:\/\/tonello.com\/wp-content\/uploads\/2025\/02\/Tonello-TD-600.jpg\" \/>\n\t<meta property=\"og:image:width\" content=\"1080\" \/>\n\t<meta property=\"og:image:height\" content=\"1080\" \/>\n\t<meta property=\"og:image:type\" content=\"image\/jpeg\" \/>\n<meta name=\"twitter:card\" content=\"summary_large_image\" \/>\n<meta name=\"twitter:label1\" content=\"Tiempo de lectura\" \/>\n\t<meta name=\"twitter:data1\" content=\"1 minuto\" \/>\n<script type=\"application\/ld+json\" class=\"yoast-schema-graph\">{\"@context\":\"https:\/\/schema.org\",\"@graph\":[{\"@type\":\"WebPage\",\"@id\":\"https:\/\/tonello.com\/es\/macchina\/td-400-500-600\/\",\"url\":\"https:\/\/tonello.com\/es\/macchina\/td-400-500-600\/\",\"name\":\"TD 400\/500\/600 | Secadoras de media producci\u00f3n - Tonello\",\"isPartOf\":{\"@id\":\"https:\/\/tonello.com\/es\/#website\"},\"primaryImageOfPage\":{\"@id\":\"https:\/\/tonello.com\/es\/macchina\/td-400-500-600\/#primaryimage\"},\"image\":{\"@id\":\"https:\/\/tonello.com\/es\/macchina\/td-400-500-600\/#primaryimage\"},\"thumbnailUrl\":\"https:\/\/tonello.com\/wp-content\/uploads\/2025\/02\/Tonello-TD-600.jpg\",\"datePublished\":\"2025-02-21T15:56:48+00:00\",\"dateModified\":\"2025-04-28T14:30:10+00:00\",\"description\":\"Las secadoras Tonello TD 400, TD 500 y TD 600 ofrecen la m\u00e1xima eficacia para grandes producciones. Disponibles con diferentes opciones de basculaci\u00f3n.\",\"breadcrumb\":{\"@id\":\"https:\/\/tonello.com\/es\/macchina\/td-400-500-600\/#breadcrumb\"},\"inLanguage\":\"es\",\"potentialAction\":[{\"@type\":\"ReadAction\",\"target\":[\"https:\/\/tonello.com\/es\/macchina\/td-400-500-600\/\"]}]},{\"@type\":\"ImageObject\",\"inLanguage\":\"es\",\"@id\":\"https:\/\/tonello.com\/es\/macchina\/td-400-500-600\/#primaryimage\",\"url\":\"https:\/\/tonello.com\/wp-content\/uploads\/2025\/02\/Tonello-TD-600.jpg\",\"contentUrl\":\"https:\/\/tonello.com\/wp-content\/uploads\/2025\/02\/Tonello-TD-600.jpg\",\"width\":1080,\"height\":1080},{\"@type\":\"BreadcrumbList\",\"@id\":\"https:\/\/tonello.com\/es\/macchina\/td-400-500-600\/#breadcrumb\",\"itemListElement\":[{\"@type\":\"ListItem\",\"position\":1,\"name\":\"Home\",\"item\":\"https:\/\/tonello.com\/es\/\"},{\"@type\":\"ListItem\",\"position\":2,\"name\":\"Productos\",\"item\":\"https:\/\/tonello.com\/es\/productos\/\"},{\"@type\":\"ListItem\",\"position\":3,\"name\":\"TD 400\/500\/600\"}]},{\"@type\":\"WebSite\",\"@id\":\"https:\/\/tonello.com\/es\/#website\",\"url\":\"https:\/\/tonello.com\/es\/\",\"name\":\"Tonello S.r.l.\",\"description\":\"\",\"publisher\":{\"@id\":\"https:\/\/tonello.com\/es\/#organization\"},\"potentialAction\":[{\"@type\":\"SearchAction\",\"target\":{\"@type\":\"EntryPoint\",\"urlTemplate\":\"https:\/\/tonello.com\/es\/?s={search_term_string}\"},\"query-input\":{\"@type\":\"PropertyValueSpecification\",\"valueRequired\":true,\"valueName\":\"search_term_string\"}}],\"inLanguage\":\"es\"},{\"@type\":\"Organization\",\"@id\":\"https:\/\/tonello.com\/es\/#organization\",\"name\":\"Tonello S.r.l.\",\"url\":\"https:\/\/tonello.com\/es\/\",\"logo\":{\"@type\":\"ImageObject\",\"inLanguage\":\"es\",\"@id\":\"https:\/\/tonello.com\/es\/#\/schema\/logo\/image\/\",\"url\":\"https:\/\/tonello.com\/wp-content\/uploads\/2023\/03\/Tonello_Logo_Claim.png\",\"contentUrl\":\"https:\/\/tonello.com\/wp-content\/uploads\/2023\/03\/Tonello_Logo_Claim.png\",\"width\":490,\"height\":155,\"caption\":\"Tonello S.r.l.\"},\"image\":{\"@id\":\"https:\/\/tonello.com\/es\/#\/schema\/logo\/image\/\"},\"sameAs\":[\"https:\/\/www.facebook.com\/tonellosrl\/\",\"https:\/\/it.linkedin.com\/company\/tonello-s.r.l.\"]}]}<\/script>\n<!-- \/ Yoast SEO plugin. -->","yoast_head_json":{"title":"TD 400\/500\/600 | Secadoras de media producci\u00f3n - Tonello","description":"Las secadoras Tonello TD 400, TD 500 y TD 600 ofrecen la m\u00e1xima eficacia para grandes producciones. Disponibles con diferentes opciones de basculaci\u00f3n.","robots":{"index":"index","follow":"follow","max-snippet":"max-snippet:-1","max-image-preview":"max-image-preview:large","max-video-preview":"max-video-preview:-1"},"canonical":"https:\/\/tonello.com\/es\/macchina\/td-400-500-600\/","og_locale":"es_ES","og_type":"article","og_title":"TD 400\/500\/600 | Secadoras de media producci\u00f3n - Tonello","og_description":"Las secadoras Tonello TD 400, TD 500 y TD 600 ofrecen la m\u00e1xima eficacia para grandes producciones. Disponibles con diferentes opciones de basculaci\u00f3n.","og_url":"https:\/\/tonello.com\/es\/macchina\/td-400-500-600\/","og_site_name":"Tonello","article_publisher":"https:\/\/www.facebook.com\/tonellosrl\/","article_modified_time":"2025-04-28T14:30:10+00:00","og_image":[{"width":1080,"height":1080,"url":"https:\/\/tonello.com\/wp-content\/uploads\/2025\/02\/Tonello-TD-600.jpg","type":"image\/jpeg"}],"twitter_card":"summary_large_image","twitter_misc":{"Tiempo de lectura":"1 minuto"},"schema":{"@context":"https:\/\/schema.org","@graph":[{"@type":"WebPage","@id":"https:\/\/tonello.com\/es\/macchina\/td-400-500-600\/","url":"https:\/\/tonello.com\/es\/macchina\/td-400-500-600\/","name":"TD 400\/500\/600 | Secadoras de media producci\u00f3n - Tonello","isPartOf":{"@id":"https:\/\/tonello.com\/es\/#website"},"primaryImageOfPage":{"@id":"https:\/\/tonello.com\/es\/macchina\/td-400-500-600\/#primaryimage"},"image":{"@id":"https:\/\/tonello.com\/es\/macchina\/td-400-500-600\/#primaryimage"},"thumbnailUrl":"https:\/\/tonello.com\/wp-content\/uploads\/2025\/02\/Tonello-TD-600.jpg","datePublished":"2025-02-21T15:56:48+00:00","dateModified":"2025-04-28T14:30:10+00:00","description":"Las secadoras Tonello TD 400, TD 500 y TD 600 ofrecen la m\u00e1xima eficacia para grandes producciones. Disponibles con diferentes opciones de basculaci\u00f3n.","breadcrumb":{"@id":"https:\/\/tonello.com\/es\/macchina\/td-400-500-600\/#breadcrumb"},"inLanguage":"es","potentialAction":[{"@type":"ReadAction","target":["https:\/\/tonello.com\/es\/macchina\/td-400-500-600\/"]}]},{"@type":"ImageObject","inLanguage":"es","@id":"https:\/\/tonello.com\/es\/macchina\/td-400-500-600\/#primaryimage","url":"https:\/\/tonello.com\/wp-content\/uploads\/2025\/02\/Tonello-TD-600.jpg","contentUrl":"https:\/\/tonello.com\/wp-content\/uploads\/2025\/02\/Tonello-TD-600.jpg","width":1080,"height":1080},{"@type":"BreadcrumbList","@id":"https:\/\/tonello.com\/es\/macchina\/td-400-500-600\/#breadcrumb","itemListElement":[{"@type":"ListItem","position":1,"name":"Home","item":"https:\/\/tonello.com\/es\/"},{"@type":"ListItem","position":2,"name":"Productos","item":"https:\/\/tonello.com\/es\/productos\/"},{"@type":"ListItem","position":3,"name":"TD 400\/500\/600"}]},{"@type":"WebSite","@id":"https:\/\/tonello.com\/es\/#website","url":"https:\/\/tonello.com\/es\/","name":"Tonello S.r.l.","description":"","publisher":{"@id":"https:\/\/tonello.com\/es\/#organization"},"potentialAction":[{"@type":"SearchAction","target":{"@type":"EntryPoint","urlTemplate":"https:\/\/tonello.com\/es\/?s={search_term_string}"},"query-input":{"@type":"PropertyValueSpecification","valueRequired":true,"valueName":"search_term_string"}}],"inLanguage":"es"},{"@type":"Organization","@id":"https:\/\/tonello.com\/es\/#organization","name":"Tonello S.r.l.","url":"https:\/\/tonello.com\/es\/","logo":{"@type":"ImageObject","inLanguage":"es","@id":"https:\/\/tonello.com\/es\/#\/schema\/logo\/image\/","url":"https:\/\/tonello.com\/wp-content\/uploads\/2023\/03\/Tonello_Logo_Claim.png","contentUrl":"https:\/\/tonello.com\/wp-content\/uploads\/2023\/03\/Tonello_Logo_Claim.png","width":490,"height":155,"caption":"Tonello S.r.l."},"image":{"@id":"https:\/\/tonello.com\/es\/#\/schema\/logo\/image\/"},"sameAs":["https:\/\/www.facebook.com\/tonellosrl\/","https:\/\/it.linkedin.com\/company\/tonello-s.r.l."]}]}},"_links":{"self":[{"href":"https:\/\/tonello.com\/es\/wp-json\/wp\/v2\/product\/3914","targetHints":{"allow":["GET"]}}],"collection":[{"href":"https:\/\/tonello.com\/es\/wp-json\/wp\/v2\/product"}],"about":[{"href":"https:\/\/tonello.com\/es\/wp-json\/wp\/v2\/types\/product"}],"wp:featuredmedia":[{"embeddable":true,"href":"https:\/\/tonello.com\/es\/wp-json\/wp\/v2\/media\/3903"}],"wp:attachment":[{"href":"https:\/\/tonello.com\/es\/wp-json\/wp\/v2\/media?parent=3914"}],"wp:term":[{"taxonomy":"standard","embeddable":true,"href":"https:\/\/tonello.com\/es\/wp-json\/wp\/v2\/standard?post=3914"},{"taxonomy":"product_brand","embeddable":true,"href":"https:\/\/tonello.com\/es\/wp-json\/wp\/v2\/product_brand?post=3914"},{"taxonomy":"product_cat","embeddable":true,"href":"https:\/\/tonello.com\/es\/wp-json\/wp\/v2\/product_cat?post=3914"},{"taxonomy":"product_tag","embeddable":true,"href":"https:\/\/tonello.com\/es\/wp-json\/wp\/v2\/product_tag?post=3914"}],"curies":[{"name":"wp","href":"https:\/\/api.w.org\/{rel}","templated":true}]}}